{"id":1667,"date":"2026-04-21T22:44:43","date_gmt":"2026-04-21T20:44:43","guid":{"rendered":"https:\/\/healthlabspro.com\/pl\/?page_id=1667"},"modified":"2026-04-22T00:29:50","modified_gmt":"2026-04-21T22:29:50","slug":"program-partnerski","status":"publish","type":"page","link":"https:\/\/healthlabspro.com\/pl\/program-partnerski\/","title":{"rendered":"Program partnerski"},"content":{"rendered":"\t\t<div data-elementor-type=\"wp-page\" data-elementor-id=\"1667\" class=\"elementor elementor-1667\">\n\t\t\t\t\t\t<section class=\"elementor-section elementor-top-section elementor-element elementor-element-6abc7e7 elementor-section-boxed elementor-section-height-default elementor-section-height-default\" data-id=\"6abc7e7\" data-element_type=\"section\">\n\t\t\t\t\t\t<div class=\"elementor-container elementor-column-gap-default\">\n\t\t\t\t\t<div class=\"elementor-column elementor-col-100 elementor-top-column elementor-element elementor-element-91fb9f7\" data-id=\"91fb9f7\" data-element_type=\"column\">\n\t\t\t<div class=\"elementor-widget-wrap elementor-element-populated\">\n\t\t\t\t\t\t<section class=\"elementor-section elementor-inner-section elementor-element elementor-element-c065838 elementor-section-boxed elementor-section-height-default elementor-section-height-default\" data-id=\"c065838\" data-element_type=\"section\">\n\t\t\t\t\t\t<div class=\"elementor-container elementor-column-gap-default\">\n\t\t\t\t\t<div class=\"elementor-column elementor-col-50 elementor-inner-column elementor-element elementor-element-0fff069\" data-id=\"0fff069\" data-element_type=\"column\">\n\t\t\t<div class=\"elementor-widget-wrap elementor-element-populated\">\n\t\t\t\t\t\t<div class=\"elementor-element elementor-element-ef55159 elementor-widget elementor-widget-image\" data-id=\"ef55159\" data-element_type=\"widget\" data-widget_type=\"image.default\">\n\t\t\t\t<div class=\"elementor-widget-container\">\n\t\t\t\t\t\t\t\t\t\t\t\t\t<img fetchpriority=\"high\" decoding=\"async\" width=\"1024\" height=\"683\" src=\"https:\/\/healthlabspro.com\/pl\/wp-content\/uploads\/2026\/04\/ChatGPT-Image-Apr-22-2026-12_53_30-AM-1024x683.png\" class=\"attachment-large size-large wp-image-1670 wp-post-image\" alt=\"\" srcset=\"https:\/\/healthlabspro.com\/pl\/wp-content\/uploads\/2026\/04\/ChatGPT-Image-Apr-22-2026-12_53_30-AM-1024x683.png 1024w, https:\/\/healthlabspro.com\/pl\/wp-content\/uploads\/2026\/04\/ChatGPT-Image-Apr-22-2026-12_53_30-AM-300x200.png 300w, https:\/\/healthlabspro.com\/pl\/wp-content\/uploads\/2026\/04\/ChatGPT-Image-Apr-22-2026-12_53_30-AM-768x512.png 768w, https:\/\/healthlabspro.com\/pl\/wp-content\/uploads\/2026\/04\/ChatGPT-Image-Apr-22-2026-12_53_30-AM-60x40.png 60w, https:\/\/healthlabspro.com\/pl\/wp-content\/uploads\/2026\/04\/ChatGPT-Image-Apr-22-2026-12_53_30-AM-360x240.png 360w, https:\/\/healthlabspro.com\/pl\/wp-content\/uploads\/2026\/04\/ChatGPT-Image-Apr-22-2026-12_53_30-AM-500x333.png 500w, https:\/\/healthlabspro.com\/pl\/wp-content\/uploads\/2026\/04\/ChatGPT-Image-Apr-22-2026-12_53_30-AM.png 1536w\" sizes=\"(max-width: 1024px) 100vw, 1024px\" \/>\t\t\t\t\t\t\t\t\t\t\t\t\t<\/div>\n\t\t\t\t<\/div>\n\t\t\t\t\t<\/div>\n\t\t<\/div>\n\t\t\t\t<div class=\"elementor-column elementor-col-50 elementor-inner-column elementor-element elementor-element-bded2f2\" data-id=\"bded2f2\" data-element_type=\"column\">\n\t\t\t<div class=\"elementor-widget-wrap elementor-element-populated\">\n\t\t\t\t\t\t<div class=\"elementor-element elementor-element-5226ae6 elementor-widget elementor-widget-text-editor\" data-id=\"5226ae6\" data-element_type=\"widget\" data-widget_type=\"text-editor.default\">\n\t\t\t\t<div class=\"elementor-widget-container\">\n\t\t\t\t\t\t\t<h2 data-path-to-node=\"3\">Zarabiaj na promocji z profesjonalnym wsparciem logistycznym<\/h2>\n<p data-path-to-node=\"4\"><b data-path-to-node=\"4\" data-index-in-node=\"0\">Do\u0142\u0105cz do Programu Partnerskiego HealthLabsPro i skup si\u0119 na marketingu, podczas gdy my zajmiemy si\u0119 ca\u0142\u0105 reszt\u0105.<\/b><\/p>\n<hr data-path-to-node=\"5\">\n<h3 data-path-to-node=\"6\">Dlaczego warto z nami wsp\u00f3\u0142pracowa\u0107?<\/h3>\n<p data-path-to-node=\"7\">Szukamy partner\u00f3w, kt\u00f3rzy potrafi\u0105 budowa\u0107 zasi\u0119gi i dociera\u0107 do klient\u00f3w. W zamian oferujemy model, w kt\u00f3rym Ty jeste\u015b twarz\u0105 sprzeda\u017cy, a my Twoim niewidzialnym, profesjonalnym zapleczem.<\/p>\n<ul data-path-to-node=\"8\">\n<li>\n<p data-path-to-node=\"8,0,0\"><b data-path-to-node=\"8,0,0\" data-index-in-node=\"0\">Prowizja do 40% netto<\/b> \u2013 Jeden z najwy\u017cszych udzia\u0142\u00f3w w zysku w bran\u017cy suplement\u00f3w.<\/p>\n<\/li>\n<li>\n<p data-path-to-node=\"8,2,0\"><b data-path-to-node=\"8,2,0\" data-index-in-node=\"0\">Pe\u0142ne bezpiecze\u0144stwo prawne<\/b> \u2013 My odpowiadamy za jako\u015b\u0107 produktu i proces produkcji.<\/p>\n<\/li>\n<li>\n<p data-path-to-node=\"8,3,0\"><b data-path-to-node=\"8,3,0\" data-index-in-node=\"0\">Logistyka<\/b>&nbsp;\u2013 Magazynowanie, pakowanie i wysy\u0142ka odbywa si\u0119 przez nas.<\/p>\n<\/li>\n<\/ul>\n<hr data-path-to-node=\"9\">\n<h3 data-path-to-node=\"10\">Jak to dzia\u0142a w 3 krokach?<\/h3>\n<ol start=\"1\" data-path-to-node=\"11\">\n<li>\n<p data-path-to-node=\"11,0,0\"><b data-path-to-node=\"11,0,0\" data-index-in-node=\"0\">Promujesz i sprzedajesz<\/b> Pozyskujesz klient\u00f3w w\u0142asnymi kana\u0142ami (Social Media, Blog, Sklep). Klient p\u0142aci bezpo\u015brednio Tobie.<\/p>\n<\/li>\n<li>\n<p data-path-to-node=\"11,1,0\"><b data-path-to-node=\"11,1,0\" data-index-in-node=\"0\">My wysy\u0142amy<\/b> Przekazujesz nam dane do wysy\u0142ki (Posiadamy bardzo proste API do integracji z naszym systemem i mo\u017cemy pom\u00f3c z wdro\u017ceniem do twojego sklepu czy platformy sprzeda\u017cowej ). Pakujemy suplementy i nadajemy paczk\u0119 w Twoim imieniu z naszego magazynu.<\/p>\n<\/li>\n<li>\n<p data-path-to-node=\"11,2,0\"><b data-path-to-node=\"11,2,0\" data-index-in-node=\"0\">Wsp\u00f3lnie zarabiamy<\/b> Raz w miesi\u0105cu rozliczamy si\u0119. Ty zatrzymujesz swoj\u0105 prowizj\u0119, my wystawiamy faktur\u0119 za dostarczony towar i logistyk\u0119.<\/p>\n<\/li>\n<\/ol>\n<h3 data-path-to-node=\"13\">Tw\u00f3j biznes, nasze standardy<\/h3><h3 data-path-to-node=\"13\"><p data-path-to-node=\"14\" style=\"font-family: Roboto, sans-serif; font-size: 16px; font-weight: 400;\">Wsp\u00f3\u0142praca z nami to eliminacja barier wej\u015bcia na rynek suplement\u00f3w diety.<\/p><ul data-path-to-node=\"15\" style=\"font-family: Roboto, sans-serif; font-size: 16px; font-weight: 400;\"><li><p data-path-to-node=\"15,0,0\"><span data-path-to-node=\"15,0,0\" data-index-in-node=\"0\" style=\"font-weight: 700;\">Nie potrzebujesz magazynu<\/span>.<\/p><\/li><li><p data-path-to-node=\"15,1,0\"><span data-path-to-node=\"15,1,0\" data-index-in-node=\"0\" style=\"font-weight: 700;\">Nie mrozisz kapita\u0142u<\/span>&nbsp;w towarze \u2013 p\u0142acisz za produkty, kt\u00f3re ju\u017c sprzeda\u0142e\u015b.<\/p><\/li><li><p data-path-to-node=\"15,2,0\"><span data-path-to-node=\"15,2,0\" data-index-in-node=\"0\" style=\"font-weight: 700;\">Masz pewno\u015b\u0107 jako\u015bci<\/span>&nbsp;\u2013 dzia\u0142asz z bezpo\u015brednim producentem z pe\u0142n\u0105 dokumentacj\u0105.<\/p><\/li><\/ul><hr data-path-to-node=\"16\" style=\"background-color: rgb(255, 255, 255); font-family: Roboto, sans-serif; font-size: 16px; font-weight: 400;\"><\/h3><h3 data-path-to-node=\"17\">Chcesz pozna\u0107 szczeg\u00f3\u0142y i otrzyma\u0107 wz\u00f3r umowy?<\/h3><h3 data-path-to-node=\"13\"><p data-path-to-node=\"18\" style=\"font-family: Roboto, sans-serif; font-size: 16px; font-weight: 400;\">Obecnie przyjmujemy ograniczon\u0105 liczb\u0119 nowych Partner\u00f3w, aby zapewni\u0107 najwy\u017csz\u0105 jako\u015b\u0107 obs\u0142ugi logistycznej.<\/p><p data-path-to-node=\"19\" style=\"font-family: Roboto, sans-serif; font-size: 16px; font-weight: 400;\"><span data-path-to-node=\"19\" data-index-in-node=\"0\" style=\"font-weight: 700;\">Napisz do nas lub zadzwo\u0144!<\/span><\/p><\/h3>\t\t\t\t\t\t<\/div>\n\t\t\t\t<\/div>\n\t\t\t\t\t<\/div>\n\t\t<\/div>\n\t\t\t\t\t<\/div>\n\t\t<\/section>\n\t\t\t\t\t<\/div>\n\t\t<\/div>\n\t\t\t\t\t<\/div>\n\t\t<\/section>\n\t\t\t\t<\/div>\n\t\t","protected":false},"excerpt":{"rendered":"<p>Zarabiaj na promocji z profesjonalnym wsparciem logistycznym Do\u0142\u0105cz do Programu Partnerskiego HealthLabsPro i skup si\u0119 na marketingu, podczas gdy my zajmiemy si\u0119 ca\u0142\u0105 reszt\u0105. Dlaczego warto z nami wsp\u00f3\u0142pracowa\u0107? Szukamy partner\u00f3w, kt\u00f3rzy potrafi\u0105 budowa\u0107 zasi\u0119gi i dociera\u0107 do klient\u00f3w. W zamian oferujemy model, w kt\u00f3rym Ty jeste\u015b twarz\u0105 sprzeda\u017cy, a my Twoim niewidzialnym, profesjonalnym zapleczem. &#8230;<\/p>\n","protected":false},"author":1,"featured_media":0,"parent":0,"menu_order":0,"comment_status":"closed","ping_status":"closed","template":"elementor_header_footer","meta":{"footnotes":""},"class_list":["post-1667","page","type-page","status-publish","hentry"],"_links":{"self":[{"href":"https:\/\/healthlabspro.com\/pl\/wp-json\/wp\/v2\/pages\/1667","targetHints":{"allow":["GET"]}}],"collection":[{"href":"https:\/\/healthlabspro.com\/pl\/wp-json\/wp\/v2\/pages"}],"about":[{"href":"https:\/\/healthlabspro.com\/pl\/wp-json\/wp\/v2\/types\/page"}],"author":[{"embeddable":true,"href":"https:\/\/healthlabspro.com\/pl\/wp-json\/wp\/v2\/users\/1"}],"replies":[{"embeddable":true,"href":"https:\/\/healthlabspro.com\/pl\/wp-json\/wp\/v2\/comments?post=1667"}],"version-history":[{"count":4,"href":"https:\/\/healthlabspro.com\/pl\/wp-json\/wp\/v2\/pages\/1667\/revisions"}],"predecessor-version":[{"id":1673,"href":"https:\/\/healthlabspro.com\/pl\/wp-json\/wp\/v2\/pages\/1667\/revisions\/1673"}],"wp:attachment":[{"href":"https:\/\/healthlabspro.com\/pl\/wp-json\/wp\/v2\/media?parent=1667"}],"curies":[{"name":"wp","href":"https:\/\/api.w.org\/{rel}","templated":true}]}}