{"id":457,"date":"2022-06-27T09:33:15","date_gmt":"2022-06-27T09:33:15","guid":{"rendered":"https:\/\/healthlabspro.com\/pl\/?page_id=457"},"modified":"2025-10-05T07:37:32","modified_gmt":"2025-10-05T05:37:32","slug":"o-firmie","status":"publish","type":"page","link":"https:\/\/healthlabspro.com\/pl\/o-firmie\/","title":{"rendered":"O Firmie"},"content":{"rendered":"\t\t<div data-elementor-type=\"wp-page\" data-elementor-id=\"457\" class=\"elementor elementor-457\">\n\t\t\t\t\t\t<section class=\"elementor-section elementor-top-section elementor-element elementor-element-50893ed5 elementor-section-stretched elementor-section-content-middle elementor-section-boxed elementor-section-height-default elementor-section-height-default\" data-id=\"50893ed5\" data-element_type=\"section\" data-settings=\"{&quot;stretch_section&quot;:&quot;section-stretched&quot;}\">\n\t\t\t\t\t\t<div class=\"elementor-container elementor-column-gap-default\">\n\t\t\t\t\t<div class=\"elementor-column elementor-col-50 elementor-top-column elementor-element elementor-element-6d5a0eb3\" data-id=\"6d5a0eb3\" data-element_type=\"column\">\n\t\t\t<div class=\"elementor-widget-wrap elementor-element-populated\">\n\t\t\t\t\t\t<div class=\"elementor-element elementor-element-602a3cca elementor-widget elementor-widget-rt-image-box\" data-id=\"602a3cca\" data-element_type=\"widget\" data-widget_type=\"rt-image-box.default\">\n\t\t\t\t<div class=\"elementor-widget-container\">\n\t\t\t\r\n<div class=\"about-img-wrap style-1\">\r\n        <div class=\"item-img-1\">\r\n    <img fetchpriority=\"high\" decoding=\"async\" width=\"570\" height=\"570\" src=\"https:\/\/healthlabspro.com\/pl\/wp-content\/uploads\/2022\/06\/about-img_1.jpg\" class=\"about-img-1 wow fadeInRight wp-post-image\" alt=\"\" srcset=\"https:\/\/healthlabspro.com\/pl\/wp-content\/uploads\/2022\/06\/about-img_1.jpg 570w, https:\/\/healthlabspro.com\/pl\/wp-content\/uploads\/2022\/06\/about-img_1-360x360.jpg 360w, https:\/\/healthlabspro.com\/pl\/wp-content\/uploads\/2022\/06\/about-img_1-150x150.jpg 150w, https:\/\/healthlabspro.com\/pl\/wp-content\/uploads\/2022\/06\/about-img_1-500x500.jpg 500w, https:\/\/healthlabspro.com\/pl\/wp-content\/uploads\/2022\/06\/about-img_1-300x300.jpg 300w\" sizes=\"(max-width: 570px) 100vw, 570px\" \/>    <\/div>\r\n        <div class=\"item-img-2\">\r\n    <img decoding=\"async\" width=\"255\" height=\"255\" src=\"https:\/\/healthlabspro.com\/pl\/wp-content\/uploads\/2022\/06\/about-img_2.jpg\" class=\"about-img-2 wow fadeInLeft wp-post-image\" alt=\"\" srcset=\"https:\/\/healthlabspro.com\/pl\/wp-content\/uploads\/2022\/06\/about-img_2.jpg 255w, https:\/\/healthlabspro.com\/pl\/wp-content\/uploads\/2022\/06\/about-img_2-150x150.jpg 150w\" sizes=\"(max-width: 255px) 100vw, 255px\" \/>    <\/div>\r\n        <ul class=\"element-list\">\r\n                <li>\r\n            <span class=\"d-block\">\r\n                <img decoding=\"async\" width=\"284\" height=\"273\" src=\"https:\/\/healthlabspro.com\/pl\/wp-content\/uploads\/2022\/06\/element_21.png\" class=\"attachment-full size-full wp-post-image\" alt=\"\" \/>            <\/span>\r\n        <\/li>\r\n                <li>\r\n            <span class=\"d-block\">\r\n                <img loading=\"lazy\" decoding=\"async\" width=\"835\" height=\"328\" src=\"https:\/\/healthlabspro.com\/pl\/wp-content\/uploads\/2022\/06\/element_22.png\" class=\"attachment-full size-full wp-post-image\" alt=\"\" srcset=\"https:\/\/healthlabspro.com\/pl\/wp-content\/uploads\/2022\/06\/element_22.png 835w, https:\/\/healthlabspro.com\/pl\/wp-content\/uploads\/2022\/06\/element_22-360x141.png 360w, https:\/\/healthlabspro.com\/pl\/wp-content\/uploads\/2022\/06\/element_22-500x196.png 500w, https:\/\/healthlabspro.com\/pl\/wp-content\/uploads\/2022\/06\/element_22-300x118.png 300w, https:\/\/healthlabspro.com\/pl\/wp-content\/uploads\/2022\/06\/element_22-768x302.png 768w, https:\/\/healthlabspro.com\/pl\/wp-content\/uploads\/2022\/06\/element_22-570x224.png 570w\" sizes=\"(max-width: 835px) 100vw, 835px\" \/>            <\/span>\r\n        <\/li>\r\n            <\/ul>\r\n<\/div>\r\n\r\n\t\t<\/div>\n\t\t\t\t<\/div>\n\t\t\t\t\t<\/div>\n\t\t<\/div>\n\t\t\t\t<div class=\"elementor-column elementor-col-50 elementor-top-column elementor-element elementor-element-4882e1fe\" data-id=\"4882e1fe\" data-element_type=\"column\">\n\t\t\t<div class=\"elementor-widget-wrap elementor-element-populated\">\n\t\t\t\t\t\t<div class=\"elementor-element elementor-element-16cd7386 elementor-widget elementor-widget-heading\" data-id=\"16cd7386\" data-element_type=\"widget\" data-widget_type=\"heading.default\">\n\t\t\t\t<div class=\"elementor-widget-container\">\n\t\t\t<h2 class=\"elementor-heading-title elementor-size-default\">Nasza misja: Zdrowie, nauka, jako\u015b\u0107<\/h2>\t\t<\/div>\n\t\t\t\t<\/div>\n\t\t\t\t<section class=\"elementor-section elementor-inner-section elementor-element elementor-element-39ca114a elementor-section-boxed elementor-section-height-default elementor-section-height-default\" data-id=\"39ca114a\" data-element_type=\"section\">\n\t\t\t\t\t\t<div class=\"elementor-container elementor-column-gap-default\">\n\t\t\t\t\t<div class=\"elementor-column elementor-col-50 elementor-inner-column elementor-element elementor-element-6b82f6b1\" data-id=\"6b82f6b1\" data-element_type=\"column\">\n\t\t\t<div class=\"elementor-widget-wrap elementor-element-populated\">\n\t\t\t\t\t\t<div class=\"elementor-element elementor-element-15266d6c elementor-invisible elementor-widget elementor-widget-rt-text-with-icon\" data-id=\"15266d6c\" data-element_type=\"widget\" data-widget_type=\"rt-text-with-icon.default\">\n\t\t\t\t<div class=\"elementor-widget-container\">\n\t\t\t\r\n<div class=\"wow fadeInUp\" data-wow-dealy=\"300ms\" data-wow-duration=\"800ms\">\r\n\t<div class=\"item d-flex align-item-center\">\r\n\t\t\t\t<div class=\"item-icon me-3\">                 \r\n\t\t<img loading=\"lazy\" decoding=\"async\" width=\"60\" height=\"60\" src=\"https:\/\/healthlabspro.com\/pl\/wp-content\/uploads\/2022\/06\/icon_1.png\" class=\"attachment-full size-full wp-post-image\" alt=\"\" \/>\t\t<\/div>\r\n\t\t\t\t<div class=\"item-content\">\r\n\t\t\t\t\t\t<span class=\"sub-title d-block\">Nasza jako\u015b\u0107<\/span>\r\n\t\t\t\t\t\t<h4 class=\"title mb-0\">Twoje zadowolenie<\/h4>\r\n\t\t\t\t\t<\/div>\r\n\t<\/div>\r\n<\/div>\t\t<\/div>\n\t\t\t\t<\/div>\n\t\t\t\t\t<\/div>\n\t\t<\/div>\n\t\t\t\t<div class=\"elementor-column elementor-col-50 elementor-inner-column elementor-element elementor-element-4165b348\" data-id=\"4165b348\" data-element_type=\"column\">\n\t\t\t<div class=\"elementor-widget-wrap elementor-element-populated\">\n\t\t\t\t\t\t<div class=\"elementor-element elementor-element-ad661f8 elementor-invisible elementor-widget elementor-widget-rt-text-with-icon\" data-id=\"ad661f8\" data-element_type=\"widget\" data-widget_type=\"rt-text-with-icon.default\">\n\t\t\t\t<div class=\"elementor-widget-container\">\n\t\t\t\r\n<div class=\"wow fadeInUp\" data-wow-dealy=\"600ms\" data-wow-duration=\"800ms\">\r\n\t<div class=\"item d-flex align-item-center\">\r\n\t\t\t\t<div class=\"item-icon me-3\">                 \r\n\t\t<img loading=\"lazy\" decoding=\"async\" width=\"50\" height=\"50\" src=\"https:\/\/healthlabspro.com\/pl\/wp-content\/uploads\/2022\/06\/icon_4.png\" class=\"attachment-full size-full wp-post-image\" alt=\"\" \/>\t\t<\/div>\r\n\t\t\t\t<div class=\"item-content\">\r\n\t\t\t\t\t\t<span class=\"sub-title d-block\">Zdrowie inspirowane<\/span>\r\n\t\t\t\t\t\t<h4 class=\"title mb-0\">Natur\u0105<\/h4>\r\n\t\t\t\t\t<\/div>\r\n\t<\/div>\r\n<\/div>\t\t<\/div>\n\t\t\t\t<\/div>\n\t\t\t\t\t<\/div>\n\t\t<\/div>\n\t\t\t\t\t<\/div>\n\t\t<\/section>\n\t\t\t\t<section class=\"elementor-section elementor-inner-section elementor-element elementor-element-fe68778 elementor-section-boxed elementor-section-height-default elementor-section-height-default\" data-id=\"fe68778\" data-element_type=\"section\">\n\t\t\t\t\t\t<div class=\"elementor-container elementor-column-gap-default\">\n\t\t\t\t\t<div class=\"elementor-column elementor-col-50 elementor-inner-column elementor-element elementor-element-40981c6\" data-id=\"40981c6\" data-element_type=\"column\">\n\t\t\t<div class=\"elementor-widget-wrap elementor-element-populated\">\n\t\t\t\t\t\t<div class=\"elementor-element elementor-element-7e866b8 elementor-invisible elementor-widget elementor-widget-rt-text-with-icon\" data-id=\"7e866b8\" data-element_type=\"widget\" data-widget_type=\"rt-text-with-icon.default\">\n\t\t\t\t<div class=\"elementor-widget-container\">\n\t\t\t\r\n<div class=\"wow fadeInUp\" data-wow-dealy=\"300ms\" data-wow-duration=\"800ms\">\r\n\t<div class=\"item d-flex align-item-center\">\r\n\t\t\t\t<div class=\"item-icon me-3\">                 \r\n\t\t<img loading=\"lazy\" decoding=\"async\" width=\"50\" height=\"50\" src=\"https:\/\/healthlabspro.com\/pl\/wp-content\/uploads\/2022\/06\/icon_3.png\" class=\"attachment-full size-full wp-post-image\" alt=\"\" \/>\t\t<\/div>\r\n\t\t\t\t<div class=\"item-content\">\r\n\t\t\t\t\t\t<span class=\"sub-title d-block\">Innowacyjne formu\u0142y<\/span>\r\n\t\t\t\t\t\t<h4 class=\"title mb-0\">Wyj\u0105tkowe efekty<\/h4>\r\n\t\t\t\t\t<\/div>\r\n\t<\/div>\r\n<\/div>\t\t<\/div>\n\t\t\t\t<\/div>\n\t\t\t\t\t<\/div>\n\t\t<\/div>\n\t\t\t\t<div class=\"elementor-column elementor-col-50 elementor-inner-column elementor-element elementor-element-5165e6d\" data-id=\"5165e6d\" data-element_type=\"column\">\n\t\t\t<div class=\"elementor-widget-wrap elementor-element-populated\">\n\t\t\t\t\t\t<div class=\"elementor-element elementor-element-ffa499a elementor-invisible elementor-widget elementor-widget-rt-text-with-icon\" data-id=\"ffa499a\" data-element_type=\"widget\" data-widget_type=\"rt-text-with-icon.default\">\n\t\t\t\t<div class=\"elementor-widget-container\">\n\t\t\t\r\n<div class=\"wow fadeInUp\" data-wow-dealy=\"600ms\" data-wow-duration=\"800ms\">\r\n\t<div class=\"item d-flex align-item-center\">\r\n\t\t\t\t<div class=\"item-icon me-3\">                 \r\n\t\t<img loading=\"lazy\" decoding=\"async\" width=\"60\" height=\"60\" src=\"https:\/\/healthlabspro.com\/pl\/wp-content\/uploads\/2022\/06\/icon_2.png\" class=\"attachment-full size-full wp-post-image\" alt=\"\" \/>\t\t<\/div>\r\n\t\t\t\t<div class=\"item-content\">\r\n\t\t\t\t\t\t<span class=\"sub-title d-block\">Ekspresowa logistyka<\/span>\r\n\t\t\t\t\t\t<h4 class=\"title mb-0\">Zawsze na czas<\/h4>\r\n\t\t\t\t\t<\/div>\r\n\t<\/div>\r\n<\/div>\t\t<\/div>\n\t\t\t\t<\/div>\n\t\t\t\t\t<\/div>\n\t\t<\/div>\n\t\t\t\t\t<\/div>\n\t\t<\/section>\n\t\t\t\t<div class=\"elementor-element elementor-element-7366c4f0 elementor-widget elementor-widget-text-editor\" data-id=\"7366c4f0\" data-element_type=\"widget\" data-widget_type=\"text-editor.default\">\n\t\t\t\t<div class=\"elementor-widget-container\">\n\t\t\t\t\t\t\t<p>Nasza firma koncentruje si\u0119 na innowacyjnych rozwi\u0105zaniach wspieraj\u0105cych zdrowy i sportowy tryb \u017cycia oraz na preparatach, kt\u00f3re mog\u0105 przyczynia\u0107 si\u0119 do wyd\u0142u\u017cenia \u017cycia i spowalniania proces\u00f3w starzenia. Projektuj\u0105c asortyment, opieramy si\u0119 na rzetelnych badaniach naukowych i rynkowych nowo\u015bciach, zawsze kieruj\u0105c si\u0119 zasad\u0105, \u017ce najwa\u017cniejsze jest zdrowie klienta \u2014 nasze produkty maj\u0105 pomaga\u0107, a nie szkodzi\u0107. Nie znajdziesz u nas prohormon\u00f3w, peptyd\u00f3w, sarm\u00f3w ani szkodliwych stymulant\u00f3w jak np. dmaa i wszelkiego innego undergroundowego shitu. Nie jeste\u015bmy te\u017c firm\u0105 oferuj\u0105c\u0105 preparaty placebo scam, kt\u00f3ra owinie w z\u0142oty papierek z ba\u015bniami o smokach tabletki z kofein\u0105. Stale monitorujemy rynek i do tworzenia sk\u0142ad\u00f3w naszych preparat\u00f3w bierzemy pod uwag\u0119 tylko sk\u0142adniki, kt\u00f3re maj\u0105 najlepsze opinie i konkretne dzia\u0142ania czy w przypadku nowo\u015bci najbardziej obiecuj\u0105ce wyniki bada\u0144. Z czasem b\u0119dziemy d\u0105\u017cy\u0107 do ograniczenia asortymentu i zostawienia tylko bestseller\u00f3w i najlepszych suplement\u00f3w wycofuj\u0105c si\u0119 z produkcji tych mniej skutecznych preparat\u00f3w. Je\u015bli szukasz \u015bwiadomie zaprojektowanych, prozdrowotnych formu\u0142 oraz nowo\u015bci z obszaru anti-aging, nasza firma stale je testuje i te najlepsze wprowadza do asortymentu.<\/p>\t\t\t\t\t\t<\/div>\n\t\t\t\t<\/div>\n\t\t\t\t<div class=\"elementor-element elementor-element-26b3f6c9 elementor-widget elementor-widget-rt-button\" data-id=\"26b3f6c9\" data-element_type=\"widget\" data-widget_type=\"rt-button.default\">\n\t\t\t\t<div class=\"elementor-widget-container\">\n\t\t\t\r\n<div class=\"btn-area\">\r\n\t<a href=\"http:\/\/medishopdev.local\/contact\/\" class=\"rt-btn-2\">Kontakt<i class=\"fas  fa-angle-right icon\"><\/i><\/a>\r\n<\/div>\r\n\t\t<\/div>\n\t\t\t\t<\/div>\n\t\t\t\t\t<\/div>\n\t\t<\/div>\n\t\t\t\t\t<\/div>\n\t\t<\/section>\n\t\t\t\t<section class=\"elementor-section elementor-top-section elementor-element elementor-element-76dae5d7 elementor-section-stretched elementor-section-boxed elementor-section-height-default elementor-section-height-default\" data-id=\"76dae5d7\" data-element_type=\"section\" data-settings=\"{&quot;stretch_section&quot;:&quot;section-stretched&quot;,&quot;background_background&quot;:&quot;classic&quot;}\">\n\t\t\t\t\t\t<div class=\"elementor-container elementor-column-gap-default\">\n\t\t\t\t\t<div class=\"elementor-column elementor-col-100 elementor-top-column elementor-element elementor-element-5b6e0883\" data-id=\"5b6e0883\" data-element_type=\"column\">\n\t\t\t<div class=\"elementor-widget-wrap elementor-element-populated\">\n\t\t\t\t\t\t<section class=\"elementor-section elementor-inner-section elementor-element elementor-element-458fd2a7 elementor-section-boxed elementor-section-height-default elementor-section-height-default\" data-id=\"458fd2a7\" data-element_type=\"section\">\n\t\t\t\t\t\t<div class=\"elementor-container elementor-column-gap-default\">\n\t\t\t\t\t<div class=\"elementor-column elementor-col-50 elementor-inner-column elementor-element elementor-element-7b5cc4e5\" data-id=\"7b5cc4e5\" data-element_type=\"column\">\n\t\t\t<div class=\"elementor-widget-wrap elementor-element-populated\">\n\t\t\t\t\t\t<div class=\"elementor-element elementor-element-72853d8 elementor-invisible elementor-widget elementor-widget-rt-text-with-icon\" data-id=\"72853d8\" data-element_type=\"widget\" data-widget_type=\"rt-text-with-icon.default\">\n\t\t\t\t<div class=\"elementor-widget-container\">\n\t\t\t\r\n<div class=\"wow fadeInUp\" data-wow-dealy=\"200ms\" data-wow-duration=\"800ms\">\r\n\t<div class=\"about-box style-1 d-block  d-md-flex align-item-center\">\r\n\t\t\t\t<div class=\"item-icon\">                 \r\n\t\t<img loading=\"lazy\" decoding=\"async\" width=\"50\" height=\"50\" src=\"https:\/\/healthlabspro.com\/pl\/wp-content\/uploads\/2022\/06\/icon_3.png\" class=\"attachment-full size-full wp-post-image\" alt=\"\" \/>\t\t<\/div>\r\n\t\t\t\t<div class=\"item-content\">\r\n\t\t\t\t\t\t<h3 class=\"title\">Jako\u015b\u0107 i standardy<\/h3>\r\n\t\t\t\t\t\t<p>Dbamy o to, aby surowce, kt\u00f3rych u\u017cywamy do produkcji spe\u0142nia\u0142y najwy\u017csze normy. Wsp\u00f3\u0142pracujemy z certyfikowanymi dostawcami surowc\u00f3w posiadaj\u0105cymi certyfikaty EU Organic, cGMP, ISO22000, Kosher i Halal zapewniaj\u0105c najwy\u017csz\u0105 jako\u015b\u0107 i bezpiecze\u0144stwo naszych produkt\u00f3w. Stale budujemy i ulepszamy siatk\u0119 kontakt\u00f3w z najlepszymi producentami eliminuj\u0105c z \u0142a\u0144cucha mniej rzetelnych i uczciwych partner\u00f3w. Analizujemy procesy produkcji bardziej zaawansowanych surowcy, elimuj\u0105c z \u0142a\u0144cucha dostawc\u00f3w firmy, kt\u00f3re produkuj\u0105 bud\u017cetowo gorszej czysto\u015bci i jako\u015bci surowce.  Nasz produkty na rynku wyr\u00f3\u017cniaj\u0105 si\u0119, gdy\u017c kupujemy tylko najnowsze partie surowc\u00f3w prosto z produkcji i korzystamy tylko z szybkiego transportu lotniczego ograniczaj\u0105c wp\u0142yw zmian temperatur i wilgoci na surowiec do absolutnego minimum. Dzi\u0119ki modelu konfekcji ma\u0142ych batchy produkt nie \u201estoi\u201d miesi\u0105cami w zakapsu\u0142kowane w buteleczkach, gdzie ka\u017cda kapsu\u0142ka ma du\u017c\u0105 powierzchni\u0119 kontaktu z tlenem, wilgo\u015bci\u0105 i powietrzem. Efekt? Nie ca\u0142y asortyment b\u0119dzie zawsze dost\u0119pny, ale jak jest to masz pewno\u015b\u0107, \u017ce to \u015bwie\u017cy produkt.<\/p>\r\n\t\t\t\t\t<\/div>\r\n\t<\/div>\r\n<\/div>\t\t<\/div>\n\t\t\t\t<\/div>\n\t\t\t\t\t<\/div>\n\t\t<\/div>\n\t\t\t\t<div class=\"elementor-column elementor-col-50 elementor-inner-column elementor-element elementor-element-6fa1691a\" data-id=\"6fa1691a\" data-element_type=\"column\">\n\t\t\t<div class=\"elementor-widget-wrap elementor-element-populated\">\n\t\t\t\t\t\t<div class=\"elementor-element elementor-element-61b5132d elementor-invisible elementor-widget elementor-widget-rt-text-with-icon\" data-id=\"61b5132d\" data-element_type=\"widget\" data-widget_type=\"rt-text-with-icon.default\">\n\t\t\t\t<div class=\"elementor-widget-container\">\n\t\t\t\r\n<div class=\"wow fadeInUp\" data-wow-dealy=\"500ms\" data-wow-duration=\"800ms\">\r\n\t<div class=\"about-box style-1 d-block  d-md-flex align-item-center\">\r\n\t\t\t\t<div class=\"item-icon\">                 \r\n\t\t<img loading=\"lazy\" decoding=\"async\" width=\"50\" height=\"50\" src=\"https:\/\/healthlabspro.com\/pl\/wp-content\/uploads\/2022\/06\/icon_4.png\" class=\"attachment-full size-full wp-post-image\" alt=\"\" \/>\t\t<\/div>\r\n\t\t\t\t<div class=\"item-content\">\r\n\t\t\t\t\t\t<h3 class=\"title\">Korzystne ceny<\/h3>\r\n\t\t\t\t\t\t<p>Mimo \u017ce nie b\u0119dziemy robi\u0107 za wszelk\u0105 cen\u0119 skali, chcemy zawsze da\u0107 produkt premium w maksymalnie przyst\u0119pnej cenie. Robimy to z pasji \u2014 pieni\u0105dze nie s\u0105 u nas na pierwszym miejscu. Najwi\u0119ksz\u0105 satysfakcj\u0119 daje nam stworzenie czego\u015b, co ludzie doceni\u0105 i co realnie wspiera zdrowie, a nie dodatkowe pieni\u0105dze, kt\u00f3re niewiele zmieni\u0142yby w naszym \u017cyciu.<\/p>\r\n\t\t\t\t\t<\/div>\r\n\t<\/div>\r\n<\/div>\t\t<\/div>\n\t\t\t\t<\/div>\n\t\t\t\t\t<\/div>\n\t\t<\/div>\n\t\t\t\t\t<\/div>\n\t\t<\/section>\n\t\t\t\t\t<\/div>\n\t\t<\/div>\n\t\t\t\t\t<\/div>\n\t\t<\/section>\n\t\t\t\t<section class=\"elementor-section elementor-top-section elementor-element elementor-element-fd7d88a elementor-section-stretched elementor-section-boxed elementor-section-height-default elementor-section-height-default\" data-id=\"fd7d88a\" data-element_type=\"section\" data-settings=\"{&quot;stretch_section&quot;:&quot;section-stretched&quot;,&quot;background_background&quot;:&quot;classic&quot;}\">\n\t\t\t\t\t\t<div class=\"elementor-container elementor-column-gap-default\">\n\t\t\t\t\t<div class=\"elementor-column elementor-col-100 elementor-top-column elementor-element elementor-element-85fc2c9\" data-id=\"85fc2c9\" data-element_type=\"column\">\n\t\t\t<div class=\"elementor-widget-wrap elementor-element-populated\">\n\t\t\t\t\t\t<div class=\"elementor-element elementor-element-53d423ef elementor-absolute animated-slow elementor-hidden-tablet elementor-hidden-mobile elementor-invisible elementor-widget elementor-widget-image\" data-id=\"53d423ef\" data-element_type=\"widget\" data-settings=\"{&quot;_position&quot;:&quot;absolute&quot;,&quot;_animation&quot;:&quot;zoomIn&quot;}\" data-widget_type=\"image.default\">\n\t\t\t\t<div class=\"elementor-widget-container\">\n\t\t\t\t\t\t\t\t\t\t\t\t\t<img loading=\"lazy\" decoding=\"async\" width=\"269\" height=\"286\" src=\"https:\/\/healthlabspro.com\/pl\/wp-content\/uploads\/2022\/06\/element_25.png\" class=\"attachment-full size-full wp-image-482 wp-post-image\" alt=\"\" \/>\t\t\t\t\t\t\t\t\t\t\t\t\t<\/div>\n\t\t\t\t<\/div>\n\t\t\t\t<div class=\"elementor-element elementor-element-2c75bb52 elementor-widget elementor-widget-rt-ad-box\" data-id=\"2c75bb52\" data-element_type=\"widget\" data-widget_type=\"rt-ad-box.default\">\n\t\t\t\t<div class=\"elementor-widget-container\">\n\t\t\t\r\n<div class=\"cta-section style-2 position-relative overflow-hidden\">\r\n    <div class=\"row align-items-center gutter-30\">\r\n        <div class=\"col-lg-8\">\r\n            <div class=\"cta-content style-1\">\r\n                                <h2 class=\"cta-title mb--10\">Zdrowie w harmonii z natur\u0105<\/h2>\r\n                                <p>Naturalne wsparcie dla Ciebie<\/p>\r\n                            <\/div>\r\n        <\/div>\r\n                <div class=\"col-lg-4 d-lg-flex justify-content-lg-end\">\r\n            <div class=\"btn-wrap\">\r\n                <a href=\"https:\/\/healthlabspro.com\/pl\/\" class=\"rt-btn-8\">Zobacz nasze produkty<\/a>\r\n            <\/div>\r\n        <\/div>\r\n            <\/div>\r\n<\/div>\r\n\t\t<\/div>\n\t\t\t\t<\/div>\n\t\t\t\t\t<\/div>\n\t\t<\/div>\n\t\t\t\t\t<\/div>\n\t\t<\/section>\n\t\t\t\t<section class=\"elementor-section elementor-top-section elementor-element elementor-element-6fe575eb elementor-section-stretched elementor-section-content-middle overflow-hidden elementor-reverse-tablet elementor-reverse-mobile elementor-section-boxed elementor-section-height-default elementor-section-height-default\" data-id=\"6fe575eb\" data-element_type=\"section\" data-settings=\"{&quot;background_background&quot;:&quot;classic&quot;,&quot;stretch_section&quot;:&quot;section-stretched&quot;}\">\n\t\t\t\t\t\t<div class=\"elementor-container elementor-column-gap-default\">\n\t\t\t\t\t<div class=\"elementor-column elementor-col-100 elementor-top-column elementor-element elementor-element-70c7c69a\" data-id=\"70c7c69a\" data-element_type=\"column\" id=\"motion-effects-wrap\">\n\t\t\t<div class=\"elementor-widget-wrap\">\n\t\t\t\t\t\t\t<\/div>\n\t\t<\/div>\n\t\t\t\t\t<\/div>\n\t\t<\/section>\n\t\t\t\t<\/div>\n\t\t","protected":false},"excerpt":{"rendered":"<p>Nasza misja: Zdrowie, nauka, jako\u015b\u0107 Nasza jako\u015b\u0107 Twoje zadowolenie Zdrowie inspirowane Natur\u0105 Innowacyjne formu\u0142y Wyj\u0105tkowe efekty Ekspresowa logistyka Zawsze na czas Nasza firma koncentruje si\u0119 na innowacyjnych rozwi\u0105zaniach wspieraj\u0105cych zdrowy i sportowy tryb \u017cycia oraz na preparatach, kt\u00f3re mog\u0105 przyczynia\u0107 si\u0119 do wyd\u0142u\u017cenia \u017cycia i spowalniania proces\u00f3w starzenia. Projektuj\u0105c asortyment, opieramy si\u0119 na rzetelnych badaniach &#8230;<\/p>\n","protected":false},"author":1,"featured_media":0,"parent":0,"menu_order":0,"comment_status":"closed","ping_status":"closed","template":"elementor_header_footer","meta":{"footnotes":""},"class_list":["post-457","page","type-page","status-publish","hentry"],"_links":{"self":[{"href":"https:\/\/healthlabspro.com\/pl\/wp-json\/wp\/v2\/pages\/457","targetHints":{"allow":["GET"]}}],"collection":[{"href":"https:\/\/healthlabspro.com\/pl\/wp-json\/wp\/v2\/pages"}],"about":[{"href":"https:\/\/healthlabspro.com\/pl\/wp-json\/wp\/v2\/types\/page"}],"author":[{"embeddable":true,"href":"https:\/\/healthlabspro.com\/pl\/wp-json\/wp\/v2\/users\/1"}],"replies":[{"embeddable":true,"href":"https:\/\/healthlabspro.com\/pl\/wp-json\/wp\/v2\/comments?post=457"}],"version-history":[{"count":55,"href":"https:\/\/healthlabspro.com\/pl\/wp-json\/wp\/v2\/pages\/457\/revisions"}],"predecessor-version":[{"id":1428,"href":"https:\/\/healthlabspro.com\/pl\/wp-json\/wp\/v2\/pages\/457\/revisions\/1428"}],"wp:attachment":[{"href":"https:\/\/healthlabspro.com\/pl\/wp-json\/wp\/v2\/media?parent=457"}],"curies":[{"name":"wp","href":"https:\/\/api.w.org\/{rel}","templated":true}]}}