{"id":1429,"date":"2025-10-05T17:51:11","date_gmt":"2025-10-05T15:51:11","guid":{"rendered":"https:\/\/healthlabspro.com\/pl\/?post_type=product&#038;p=1429"},"modified":"2026-04-28T10:17:53","modified_gmt":"2026-04-28T08:17:53","slug":"przytulia-czepna-201-naturalna-roslina","status":"publish","type":"product","link":"https:\/\/healthlabspro.com\/pl\/products\/przytulia-czepna-201-naturalna-roslina\/","title":{"rendered":"Przytulia czepna z ca\u0142ej ro\u015bliny w kapsu\u0142kach"},"content":{"rendered":"<div class=\"product-description-container\">\n<h2>Przytulia Czepna &#8211; ekstrakt 20:1 o wysokiej koncentracji<\/h2>\n<p>Naturalny ekstrakt z ca\u0142ej ro\u015bliny (Galium aparine L.), to skoncentrowane \u017ar\u00f3d\u0142o naturalnych fitosk\u0142adnik\u00f3w \u2013 m.in. irydoid\u00f3w, flawonoid\u00f3w i kwas\u00f3w fenolowych.<\/p>\n<ul class=\"svg-list\">\n<li><strong>Koncentracja 20:1<\/strong> \u2013 <strong>500 mg ekstraktu<\/strong> odpowiada <strong>10 000 mg<\/strong> surowca ro\u015blinnego w 1 kapsu\u0142ce.<\/li>\n<li><strong>Naturalne pochodzenie<\/strong> \u2013 ekstrakt z <strong>ca\u0142ej ro\u015bliny przytuli (Galium aparine L.)<\/strong>, bez zb\u0119dnych dodatk\u00f3w.<\/li>\n<li><strong>Bogactwo zwi\u0105zk\u00f3w bioaktywnych<\/strong> \u2013 w przytuli naturalnie wyst\u0119puj\u0105 irydoidy, flawonoidy i kwasy fenolowe.<\/li>\n<li><strong>Czysty sk\u0142ad<\/strong>\u00a0\u2013 kapsu\u0142ki <strong>ro\u015blinne (HPMC)<\/strong>, bez GMO, bez sztucznych barwnik\u00f3w.<\/li>\n<li><strong>Top-tier dostawcy<\/strong> \u2013 wsp\u00f3\u0142pracujemy z du\u017cymi, audytowanymi wytw\u00f3rcami ekstrakt\u00f3w ro\u015blinnych.<\/li>\n<li><strong>Du\u017ca rotacja = \u015bwie\u017co\u015b\u0107<\/strong> \u2013 surowiec nie zalega. Bierzemy najnowsze partie prosto z produkcji.<\/li>\n<li><strong>Ma\u0142e batch\u2019e<\/strong> \u2013 konfekcjonujemy kr\u00f3tkie serie, by utrzyma\u0107 maksimum aktywno\u015bci i kontroli jako\u015bci.<\/li>\n<li><strong>Pe\u0142na dokumentacja jako\u015bci: ka\u017cda partia spe\u0142nia<\/strong> <strong>europejskie kryteria bezpiecze\u0144stwa i czysto\u015bci<\/strong>.<\/li>\n<\/ul>\n<p>Przytulia czepna to ro\u015blina ceniona w tradycyjnym zielarstwie za wspieranie naturalnych funkcji oczyszczaj\u0105cych organizmu. Dzi\u0119ki zawarto\u015bci cennych glikozyd\u00f3w i flawonoid\u00f3w, ekstrakt z przytulii wspomaga utrzymanie prawid\u0142owego przep\u0142ywu p\u0142yn\u00f3w ustrojowych oraz wspiera zdrowie uk\u0142adu limfatycznego. Ro\u015blina ta przyczynia si\u0119 r\u00f3wnie\u017c do utrzymania prawid\u0142owej gospodarki wodnej organizmu oraz wspiera witalno\u015b\u0107.<\/p>\n<h2>\u015awie\u017cy ekstrakt z Przytuli Czepnej marki HealthLabsPro to gwarancja jako\u015bci i bezpiecze\u0144stwa!<\/h2>\n<h3>Jak stosowa\u0107 przytuli\u0119 czepn\u0105?<\/h3>\n<p>1 kapsu\u0142k\u0119 dziennie do posi\u0142ku. Nie nale\u017cy przekracza\u0107 zalecanej porcji dziennego spo\u017cycia. Suplement diety nie mo\u017ce by\u0107 stosowany jako substytut (zamiennik) zr\u00f3\u017cnicowanej diety. Zalecany jest zdrowy tryb \u017cycia oraz zr\u00f3wnowa\u017cony spos\u00f3b \u017cywienia.<\/p>\n<h3>Sk\u0142adniki<\/h3>\n<p>Ekstrakt z ca\u0142ej ro\u015bliny przytulii czepnej (Galium aparine L.), celuloza mikrokrystaliczna (substancja wype\u0142niaj\u0105ca) , sole magnezowe kwas\u00f3w t\u0142uszczowych (substancja przeciwzbrylaj\u0105ca), hydroksypropylometyloceluloza (otoczka kapsu\u0142ki).<\/p>\n<h3>Ostrze\u017cenia<\/h3>\n<p>Nie stosowa\u0107 w przypadku uczulenia na sk\u0142adnik czynny. Nie stosowa\u0107 u dzieci, kobiet w ci\u0105\u017cy i w trakcie laktacji.<\/p>\n<h3>Przechowywanie<\/h3>\n<p>Przechowywa\u0107 w szczelnie zamkni\u0119tym opakowaniu, w spos\u00f3b niedost\u0119pny dla ma\u0142ych dzieci, w suchym miejscu. Chroni\u0107 przed promieniami s\u0142onecznymi. Najlepiej spo\u017cy\u0107 w przeci\u0105gu 3 miesi\u0119cy od otwarcia.<\/p>\n<p><img decoding=\"async\" class=\"float-img-left2\" src=\"https:\/\/healthlabspro.com\/pl\/wp-content\/uploads\/2025\/10\/healthlabspro-premium-5238562385623861.png\" alt=\"Health Labs PRO \u2014 producent\" \/><\/p>\n<h3>Producent<\/h3>\n<p>Welli Europe<br \/>\nul. Ho\u017ca 86\/410<br \/>\n00-682 Warszawa<br \/>\ncontact@wellieurope.com<\/p>\n<\/div>\n","protected":false},"excerpt":{"rendered":"<p>Przytulia Czepna &#8211; ekstrakt 20:1 o wysokiej koncentracji Naturalny ekstrakt z ca\u0142ej ro\u015bliny (Galium aparine L.), to skoncentrowane \u017ar\u00f3d\u0142o naturalnych fitosk\u0142adnik\u00f3w \u2013 m.in. irydoid\u00f3w, flawonoid\u00f3w i kwas\u00f3w fenolowych. Koncentracja 20:1 \u2013 500 mg ekstraktu odpowiada 10 000 mg surowca ro\u015blinnego w 1 kapsu\u0142ce. Naturalne pochodzenie \u2013 ekstrakt z ca\u0142ej ro\u015bliny przytuli (Galium aparine L.), bez &#8230;<\/p>\n","protected":false},"featured_media":1432,"menu_order":0,"comment_status":"open","ping_status":"closed","template":"","meta":[],"product_brand":[],"product_cat":[185],"product_tag":[],"class_list":{"0":"post-1429","1":"product","2":"type-product","3":"status-publish","4":"has-post-thumbnail","6":"product_cat-sklep","7":"product_shipping_class-normal","9":"first","10":"outofstock","11":"sale","12":"shipping-taxable","13":"purchasable","14":"product-type-simple"},"_links":{"self":[{"href":"https:\/\/healthlabspro.com\/pl\/wp-json\/wp\/v2\/product\/1429","targetHints":{"allow":["GET"]}}],"collection":[{"href":"https:\/\/healthlabspro.com\/pl\/wp-json\/wp\/v2\/product"}],"about":[{"href":"https:\/\/healthlabspro.com\/pl\/wp-json\/wp\/v2\/types\/product"}],"replies":[{"embeddable":true,"href":"https:\/\/healthlabspro.com\/pl\/wp-json\/wp\/v2\/comments?post=1429"}],"wp:featuredmedia":[{"embeddable":true,"href":"https:\/\/healthlabspro.com\/pl\/wp-json\/wp\/v2\/media\/1432"}],"wp:attachment":[{"href":"https:\/\/healthlabspro.com\/pl\/wp-json\/wp\/v2\/media?parent=1429"}],"wp:term":[{"taxonomy":"product_brand","embeddable":true,"href":"https:\/\/healthlabspro.com\/pl\/wp-json\/wp\/v2\/product_brand?post=1429"},{"taxonomy":"product_cat","embeddable":true,"href":"https:\/\/healthlabspro.com\/pl\/wp-json\/wp\/v2\/product_cat?post=1429"},{"taxonomy":"product_tag","embeddable":true,"href":"https:\/\/healthlabspro.com\/pl\/wp-json\/wp\/v2\/product_tag?post=1429"}],"curies":[{"name":"wp","href":"https:\/\/api.w.org\/{rel}","templated":true}]}}