{"id":1458,"date":"2026-04-25T02:47:40","date_gmt":"2026-04-25T00:47:40","guid":{"rendered":"https:\/\/healthlabspro.com\/pl\/?post_type=product&#038;p=1458"},"modified":"2026-04-28T13:51:21","modified_gmt":"2026-04-28T11:51:21","slug":"nattokinase-elite-kapsulki-4000fu","status":"publish","type":"product","link":"https:\/\/healthlabspro.com\/pl\/products\/nattokinase-elite-kapsulki-4000fu\/","title":{"rendered":"Nattokinase Elite w kapsu\u0142kach"},"content":{"rendered":"<div class=\"product-description-container\">\n<div class=\"hlp-table2\">\n<div class=\"card\">\n<table>\n<colgroup>\n<col \/>\n<col \/> <\/colgroup>\n<thead>\n<tr>\n<th scope=\"col\">Ilo\u015b\u0107 porcji w opakowaniu:<\/th>\n<th class=\"value\" scope=\"col\">60 (60 kapsu\u0142ek)<\/th>\n<\/tr>\n<\/thead>\n<tbody>\n<tr>\n<th scope=\"col\">Wielko\u015b\u0107 porcji:<\/th>\n<td>1 kapsu\u0142ka<\/td>\n<\/tr>\n<tr>\n<th scope=\"col\">Zawarto\u015b\u0107 w:<\/th>\n<td>1 kapsu\u0142ce<\/td>\n<\/tr>\n<tr>\n<th scope=\"row\">Nattokinaza<\/th>\n<td>100 mg<\/td>\n<\/tr>\n<th scope=\"col\">Aktywno\u015b\u0107 enzymatyczna w:<\/th>\n<td>1 kapsu\u0142ce<\/td>\n<\/tr>\n<tr>\n<th scope=\"row\">2000 FU (jednostki aktywno\u015bci fibrynolitycznej)<\/th>\n<td><\/td>\n<\/tr>\n<\/tbody>\n<tfoot>\n<tr>\n<td colspan=\"2\"><span class=\"rws\"><i>i<\/i><br \/>\n*RWS \u2013 Referencyjna Warto\u015b\u0107 Spo\u017cycia (dla doros\u0142ych)<br \/>\n<\/span><\/td>\n<\/tr>\n<\/tfoot>\n<\/table>\n<\/div>\n<\/div>\n<p>Nattokinase Elite to suplement diety dostarczaj\u0105cy czyst\u0105 natokinaz\u0119 \u2013 unikalny enzym proteolityczny o aktywno\u015bci 4000 FU w ka\u017cdej kapsu\u0142ce. Sk\u0142adnik ten pochodzi z tradycyjnej japo\u0144skiej potrawy natto, wytwarzanej w procesie naturalnej fermentacji soi przez bakterie Bacillus subtilis. Produkt stanowi doskona\u0142e uzupe\u0142nienie diety dla os\u00f3b ceni\u0105cych sk\u0142adniki pochodzenia naturalnego, stosowane od wiek\u00f3w w kulturze Wschodu.<\/p>\n<p><\/span><\/p>\n<h3>Jak stosowa\u0107 Nattokinase Elite<\/h3>\n<p>Jako suplement diety przyjmowa\u0107 1 kapsu\u0142k\u0119 dziennie lub wed\u0142ug wskaza\u0144 lekarza. Suplement diety nie mo\u017ce by\u0107 stosowany jako substytut (zamiennik) zr\u00f3\u017cnicowanej diety. Zalecany jest zdrowy tryb \u017cycia oraz zr\u00f3wnowa\u017cony spos\u00f3b \u017cywienia.<\/p>\n<h3>Sk\u0142adniki<\/h3>\n<p>Ekstrakt ze sfermentowanych nasion soi, \u017celatyna (otoczka kapsu\u0142ki).<\/p>\n<h3>Ostrze\u017cenia<\/h3>\n<p>Nie stosowa\u0107 w przypadku uczulenia na soj\u0119 lub kt\u00f3rykolwiek ze sk\u0142adnik\u00f3w produktu. Produkt zosta\u0142 zoptymalizowany pod wzgl\u0119dem bezpiecze\u0144stwa zastosowanych sk\u0142adnik\u00f3w pomocniczych. Nie nale\u017cy przekracza\u0107 zalecanej dziennej porcji. Nie zaleca si\u0119 stosowania u os\u00f3b z zaburzeniami krzepni\u0119cia lub stosuj\u0105cych leki przeciwzakrzepowe.<\/p>\n<h3>Przechowywanie<\/h3>\n<p>Przechowywa\u0107 w temperaturze pokojowej. Przechowywa\u0107 w miejscu niedost\u0119pnym dla dzieci.<\/p>\n<p><img decoding=\"async\" class=\"float-img-left2\" src=\"https:\/\/healthlabspro.com\/pl\/wp-content\/uploads\/2025\/10\/healthlabspro-premium-5238562385623861.png\" alt=\"Health Labs PRO \u2014 producent\" \/><\/p>\n<h3>Producent<\/h3>\n<p>Welli Europe<br \/>\nul. Ho\u017ca 86\/410<br \/>\n00-682 Warszawa<br \/>\ncontact@wellieurope.com<\/p>\n<\/div>\n","protected":false},"excerpt":{"rendered":"<p>Ilo\u015b\u0107 porcji w opakowaniu: 60 (60 kapsu\u0142ek) Wielko\u015b\u0107 porcji: 1 kapsu\u0142ka Zawarto\u015b\u0107 w: 1 kapsu\u0142ce Nattokinaza 100 mg Aktywno\u015b\u0107 enzymatyczna w: 1 kapsu\u0142ce 2000 FU (jednostki aktywno\u015bci fibrynolitycznej) i *RWS \u2013 Referencyjna Warto\u015b\u0107 Spo\u017cycia (dla doros\u0142ych) Nattokinase Elite to suplement diety dostarczaj\u0105cy czyst\u0105 natokinaz\u0119 \u2013 unikalny enzym proteolityczny o aktywno\u015bci 4000 FU w ka\u017cdej kapsu\u0142ce. &#8230;<\/p>\n","protected":false},"featured_media":1685,"menu_order":0,"comment_status":"open","ping_status":"closed","template":"","meta":[],"product_brand":[],"product_cat":[185],"product_tag":[],"class_list":{"0":"post-1458","1":"product","2":"type-product","3":"status-publish","4":"has-post-thumbnail","6":"product_cat-sklep","8":"first","9":"outofstock","10":"shipping-taxable","11":"purchasable","12":"product-type-simple"},"_links":{"self":[{"href":"https:\/\/healthlabspro.com\/pl\/wp-json\/wp\/v2\/product\/1458","targetHints":{"allow":["GET"]}}],"collection":[{"href":"https:\/\/healthlabspro.com\/pl\/wp-json\/wp\/v2\/product"}],"about":[{"href":"https:\/\/healthlabspro.com\/pl\/wp-json\/wp\/v2\/types\/product"}],"replies":[{"embeddable":true,"href":"https:\/\/healthlabspro.com\/pl\/wp-json\/wp\/v2\/comments?post=1458"}],"wp:featuredmedia":[{"embeddable":true,"href":"https:\/\/healthlabspro.com\/pl\/wp-json\/wp\/v2\/media\/1685"}],"wp:attachment":[{"href":"https:\/\/healthlabspro.com\/pl\/wp-json\/wp\/v2\/media?parent=1458"}],"wp:term":[{"taxonomy":"product_brand","embeddable":true,"href":"https:\/\/healthlabspro.com\/pl\/wp-json\/wp\/v2\/product_brand?post=1458"},{"taxonomy":"product_cat","embeddable":true,"href":"https:\/\/healthlabspro.com\/pl\/wp-json\/wp\/v2\/product_cat?post=1458"},{"taxonomy":"product_tag","embeddable":true,"href":"https:\/\/healthlabspro.com\/pl\/wp-json\/wp\/v2\/product_tag?post=1458"}],"curies":[{"name":"wp","href":"https:\/\/api.w.org\/{rel}","templated":true}]}}