{"id":1463,"date":"2025-10-08T04:34:50","date_gmt":"2025-10-08T02:34:50","guid":{"rendered":"https:\/\/healthlabspro.com\/pl\/?post_type=product&#038;p=1463"},"modified":"2026-04-21T22:36:06","modified_gmt":"2026-04-21T20:36:06","slug":"prostexin","status":"publish","type":"product","link":"https:\/\/healthlabspro.com\/pl\/products\/prostexin\/","title":{"rendered":"Prostexin"},"content":{"rendered":"<div class=\"product-description-container\">\n<div class=\"hlp-table2\">\n<div class=\"card\">\n<table>\n<colgroup>\n<col \/>\n<col \/> <\/colgroup>\n<thead>\n<tr>\n<th scope=\"col\">Ilo\u015b\u0107 porcji w opakowaniu:<\/th>\n<th class=\"value\" scope=\"col\">20 (60 kapsu\u0142ek)<\/th>\n<\/tr>\n<\/thead>\n<tbody>\n<tr>\n<th scope=\"col\">Wielko\u015b\u0107 porcji:<\/th>\n<td>3 kapsu\u0142ki<\/td>\n<\/tr>\n<tr>\n<th scope=\"col\">Zawarto\u015b\u0107 w:<\/th>\n<td>3 kapsu\u0142kach<\/td>\n<\/tr>\n<tr>\n<th scope=\"row\">Ekstrakt 20:1 z Palmy Saba\u0142owej<\/th>\n<td>320 mg<\/td>\n<\/tr>\n<tr>\n<th scope=\"row\">Kurkuma<\/th>\n<td>300 mg<\/td>\n<\/tr>\n<tr>\n<th scope=\"row\">Ekstrakt 10:1 z Pokrzywy<\/th>\n<td>220 mg<\/td>\n<\/tr>\n<tr>\n<th scope=\"row\">Ekstrakt 10:1 z Dyni<\/th>\n<td>200 mg<\/td>\n<\/tr>\n<tr>\n<th scope=\"row\">Ekstrakt z Kazid\u0142owieca Indyjskiego<\/th>\n<td>200 mg<\/td>\n<\/tr>\n<tr>\n<th scope=\"row\">Imbir<\/th>\n<td>200 mg<\/td>\n<\/tr>\n<tr>\n<th scope=\"row\">Ekstrakt 20:1 z \u015aliwy Afrykanskiej<\/th>\n<td>200 mg<\/td>\n<\/tr>\n<tr>\n<th scope=\"row\">Fitosterole<\/th>\n<td>180 mg<\/td>\n<\/tr>\n<tr>\n<th scope=\"row\">Ekstrakt z Pomidora w tym:<\/th>\n<td>100 mg<\/td>\n<\/tr>\n<tr>\n<th scope=\"row\">&#8211; Likopen<\/th>\n<td>10 mg<\/td>\n<\/tr>\n<tr>\n<th scope=\"row\">Ekstrakt z Grejpfruta w tym:<\/th>\n<td>40 mg<\/td>\n<\/tr>\n<tr>\n<th scope=\"row\">&#8211; Apigenina<\/th>\n<td>\u00a039 mg<\/td>\n<\/tr>\n<tr>\n<th scope=\"row\">Cynk<\/th>\n<td>\u00a010 mg (150% *RWS)<\/td>\n<\/tr>\n<tr>\n<th scope=\"row\">Witamina B6 (P-5-P)<\/th>\n<td>2000 mcg (428,6% *RWS)<\/td>\n<\/tr>\n<tr>\n<th scope=\"row\">Selen<\/th>\n<td>10 mcg (14% *RWS)<\/td>\n<\/tr>\n<tr>\n<th scope=\"row\">Chrom<\/th>\n<td>200 mcg (500% *RWS)<\/td>\n<\/tr>\n<\/tbody>\n<tfoot>\n<tr>\n<td colspan=\"2\"><span class=\"rws\"><i>i<\/i><br \/>\n*RWS \u2013 Referencyjna Warto\u015b\u0107 Spo\u017cycia (dla doros\u0142ych)<br \/>\n<\/span><\/td>\n<\/tr>\n<\/tfoot>\n<\/table>\n<\/div>\n<\/div>\n<h3>Prostexin &#8211; kompleksowa formu\u0142a dla m\u0119\u017cczyzn po 40 roku \u017cycia<\/h3>\n<p>Prostexin to suplement diety \u0142\u0105cz\u0105cy standaryzowane ekstrakty ro\u015blinne z witaminami i minera\u0142ami, zaprojektowany jako codzienne wsparcie komfortu mikcji i prawid\u0142owych funkcji prostaty u m\u0119\u017cczyzn po 40. roku \u017cycia. Palma saba\u0142owa wspiera prawid\u0142owe funkcjonowanie prostaty oraz pomaga utrzyma\u0107 prawid\u0142owy przep\u0142yw (strumie\u0144) moczu u m\u0119\u017cczyzn. Pestki dyni wspieraj\u0105 zdrowie prostaty i pomagaj\u0105 utrzyma\u0107 prawid\u0142owe oddawanie moczu. Pokrzywa wspiera komfort i prawid\u0142owe oddawanie moczu u m\u0119\u017cczyzn. W\u0142\u0105czenie \u015bliwy afryka\u0144skiej (pygeum) tak\u017ce uzupe\u0142nia profil o sk\u0142adnik tradycyjnie u\u017cywany dla zachowania komfortu oddawania moczu. Zawarte fitosterole (w tym \u03b2-sitosterol) uzupe\u0142niaj\u0105 diet\u0119 w naturalne sterole ro\u015blinne. Kurkuma, imbir i kadzid\u0142owiec (Boswellia) to ro\u015bliny szeroko opisywane w literaturze zielarskiej w kontek\u015bcie aktywnego trybu \u017cycia i og\u00f3lnego dobrostanu. Ekstrakt z pomidora dostarcza naturalnego likopenu, a ekstrakt z grejpfruta &#8211; apigeniny. To powszechnie wyst\u0119puj\u0105ce w diecie zwi\u0105zki ro\u015blinne. Formu\u0142\u0119 domykaj\u0105 sk\u0142adniki o potwierdzonych funkcjach fizjologicznych: cynk pomaga w utrzymaniu prawid\u0142owego poziomu testosteronu we krwi, witamina B6 przyczynia si\u0119 do regulacji aktywno\u015bci hormonalnej, selen pomaga w ochronie kom\u00f3rek przed stresem oksydacyjnym oraz w prawid\u0142owej spermatogenezie, a chrom pomaga w utrzymaniu prawid\u0142owego poziomu glukozy we krwi. Dzi\u0119ki przemy\u015blanemu po\u0142\u0105czeniu ekstrakt\u00f3w i mikrosk\u0142adnik\u00f3w Prostexin stanowi wygodny element codziennej rutyny m\u0119\u017cczyzny, kt\u00f3ry chce \u015bwiadomie dba\u0107 o zdrowie prostaty, r\u00f3wnowag\u0119 organizmu i codzienny komfort.<\/p>\n<h3>Jak stosowa\u0107 suplement diety Prostexin?<\/h3>\n<p>Jako suplement diety przyjmowa\u0107 3 kapsu\u0142ki dziennie lub wed\u0142ug wskaza\u0144 lekarza. Suplement diety nie mo\u017ce by\u0107 stosowany jako substytut (zamiennik) zr\u00f3\u017cnicowanej diety. Zalecany jest zdrowy tryb \u017cycia oraz zr\u00f3wnowa\u017cony spos\u00f3b \u017cywienia.<\/p>\n<h3>Sk\u0142adniki<\/h3>\n<p>Ekstrakt z owoc\u00f3w palmy saba\u0142owej, korze\u0144 kurkumy (Curcuma longa), ekstrakt z li\u015bci pokrzywy (Urica fissa), ekstrakt z nasion dyni (Semen Moschatae), ekstrakt z \u017cywicy kaziod\u0142owca indyjskiego, kl\u0105cze imbiru (Zingiber officinale), ekstrakt z owocu \u015bliwy afryka\u0144skiej, fitosterole z kory sosny czarnej (pinus nigra), ekstrakt z owocu pomidora (Solanum lycopersieum) standaryzowany na likopen, ekstrakt z sk\u00f3rki grejpfruta (Citrus Paradisi M.) standaryzowany na apigenin\u0119, pikolinian cynku, p-5-p fosforan pirydoksalu (witamina b6), l-selenometionina, pikolinian chromu, cholekalcyferol, celuloza mikrokrystaliczna (substancja wype\u0142niaj\u0105ca) , sole magnezowe kwas\u00f3w t\u0142uszczowych (substancja przeciwzbrylaj\u0105ca), hydroksypropylometyloceluloza (otoczka kapsu\u0142ki).<\/p>\n<h3>Ostrze\u017cenia<\/h3>\n<p>Nie stosowa\u0107 w przypadku uczulenia na soj\u0119 lub kt\u00f3rykolwiek ze sk\u0142adnik\u00f3w produktu. Produkt zosta\u0142 zoptymalizowany pod wzgl\u0119dem bezpiecze\u0144stwa zastosowanych sk\u0142adnik\u00f3w pomocniczych. Nie nale\u017cy przekracza\u0107 zalecanej dziennej porcji.<\/p>\n<h3>Przechowywanie<\/h3>\n<p>Przechowywa\u0107 w temperaturze pokojowej. Przechowywa\u0107 w miejscu niedost\u0119pnym dla dzieci.<\/p>\n<p><img decoding=\"async\" class=\"float-img-left2\" src=\"https:\/\/healthlabspro.com\/pl\/wp-content\/uploads\/2025\/10\/healthlabspro-premium-5238562385623861.png\" alt=\"Health Labs PRO \u2014 producent\" \/><\/p>\n<h3>Producent<\/h3>\n<p>Welli Europe<br \/>\nul. Ho\u017ca 86\/410<br \/>\n00-682 Warszawa<br \/>\ncontact@wellieurope.com<\/p>\n<\/div>\n","protected":false},"excerpt":{"rendered":"<p>Ilo\u015b\u0107 porcji w opakowaniu: 20 (60 kapsu\u0142ek) Wielko\u015b\u0107 porcji: 3 kapsu\u0142ki Zawarto\u015b\u0107 w: 3 kapsu\u0142kach Ekstrakt 20:1 z Palmy Saba\u0142owej 320 mg Kurkuma 300 mg Ekstrakt 10:1 z Pokrzywy 220 mg Ekstrakt 10:1 z Dyni 200 mg Ekstrakt z Kazid\u0142owieca Indyjskiego 200 mg Imbir 200 mg Ekstrakt 20:1 z \u015aliwy Afrykanskiej 200 mg Fitosterole 180 &#8230;<\/p>\n","protected":false},"featured_media":1464,"menu_order":0,"comment_status":"open","ping_status":"closed","template":"","meta":[],"product_brand":[],"product_cat":[185],"product_tag":[],"class_list":{"0":"post-1463","1":"product","2":"type-product","3":"status-publish","4":"has-post-thumbnail","6":"product_cat-sklep","8":"first","9":"outofstock","10":"sale","11":"shipping-taxable","12":"purchasable","13":"product-type-simple"},"_links":{"self":[{"href":"https:\/\/healthlabspro.com\/pl\/wp-json\/wp\/v2\/product\/1463","targetHints":{"allow":["GET"]}}],"collection":[{"href":"https:\/\/healthlabspro.com\/pl\/wp-json\/wp\/v2\/product"}],"about":[{"href":"https:\/\/healthlabspro.com\/pl\/wp-json\/wp\/v2\/types\/product"}],"replies":[{"embeddable":true,"href":"https:\/\/healthlabspro.com\/pl\/wp-json\/wp\/v2\/comments?post=1463"}],"wp:featuredmedia":[{"embeddable":true,"href":"https:\/\/healthlabspro.com\/pl\/wp-json\/wp\/v2\/media\/1464"}],"wp:attachment":[{"href":"https:\/\/healthlabspro.com\/pl\/wp-json\/wp\/v2\/media?parent=1463"}],"wp:term":[{"taxonomy":"product_brand","embeddable":true,"href":"https:\/\/healthlabspro.com\/pl\/wp-json\/wp\/v2\/product_brand?post=1463"},{"taxonomy":"product_cat","embeddable":true,"href":"https:\/\/healthlabspro.com\/pl\/wp-json\/wp\/v2\/product_cat?post=1463"},{"taxonomy":"product_tag","embeddable":true,"href":"https:\/\/healthlabspro.com\/pl\/wp-json\/wp\/v2\/product_tag?post=1463"}],"curies":[{"name":"wp","href":"https:\/\/api.w.org\/{rel}","templated":true}]}}