{"id":1522,"date":"2026-04-16T17:58:11","date_gmt":"2026-04-16T15:58:11","guid":{"rendered":"https:\/\/healthlabspro.com\/pl\/?post_type=product&#038;p=1522"},"modified":"2026-04-21T22:36:22","modified_gmt":"2026-04-21T20:36:22","slug":"witamina-c-complex-kapsulki","status":"publish","type":"product","link":"https:\/\/healthlabspro.com\/pl\/products\/witamina-c-complex-kapsulki\/","title":{"rendered":"Witamina C Complex w kapsu\u0142kach"},"content":{"rendered":"<div class=\"product-description-container\">\n<div class=\"hlp-table2\">\n<div class=\"card\">\n<table>\n<colgroup>\n<col \/>\n<col \/> <\/colgroup>\n<thead>\n<tr>\n<th scope=\"col\">Ilo\u015b\u0107 porcji w opakowaniu:<\/th>\n<th class=\"value\" scope=\"col\">120<\/th>\n<\/tr>\n<\/thead>\n<tbody>\n<tr>\n<th scope=\"col\">Wielko\u015b\u0107 porcji:<\/th>\n<td>1 kapsu\u0142ka<\/td>\n<\/tr>\n<th scope=\"col\">Zawarto\u015b\u0107 w:<\/th>\n<td>1 kapsu\u0142ce<\/td>\n<\/tr>\n<tr>\n<th scope=\"row\">Kwas L-askorbinowy:<\/th>\n<td>350 mg<\/td>\n<\/tr>\n<tr>\n<th scope=\"row\">-witamina C<\/th>\n<td>350 mg<\/td>\n<\/tr>\n<tr>\n<th scope=\"row\">L-askorbinian sodu<\/th>\n<td>350 mg<\/td>\n<\/tr>\n<tr>\n<th scope=\"row\">-witamina C<\/th>\n<td>311 mg<\/td>\n<\/tr>\n<tr>\n<th scope=\"row\">Ekstrakt z Dzikiej R\u00f3\u017cy<\/th>\n<td>35 mg<\/td>\n<\/tr>\n<tr>\n<th scope=\"row\">-witamina C<\/th>\n<td>24,5 mg<\/td>\n<\/tr>\n<tr>\n<th scope=\"row\">Ekstrakt z Aceroli<\/th>\n<td>14 mg<\/td>\n<\/tr>\n<tr>\n<th scope=\"row\">-witamina C<\/th>\n<td>3,5 mg<\/td>\n<\/tr>\n<tr>\n<th scope=\"row\">Witamina C \u0142\u0105cznie<\/th>\n<td>689 mg (861% RWS)<\/td>\n<\/tr>\n<tr>\n<th scope=\"row\">Ekstrakt z Gorzkiej pomara\u0144czy<\/th>\n<td>35 mg<\/td>\n<\/tr>\n<tr>\n<th scope=\"row\">-bioflawonoidy cytrusowe <\/th>\n<td>32,8 mg<\/td>\n<\/tr>\n<tr>\n<th scope=\"row\">-hesperydyna<\/th>\n<td>31,5 mg<\/td>\n<\/tr>\n<tr>\n<th scope=\"row\">Ekstrakt z Zielonej Herbaty<\/th>\n<td>35 mg<\/td>\n<\/tr>\n<tr>\n<th scope=\"row\">-EGCG<\/th>\n<td>17,5 mg<\/td>\n<\/tr>\n<tr>\n<th scope=\"row\">Pikolinian Cynku<\/th>\n<td>35 mg<\/td>\n<\/tr>\n<tr>\n<th scope=\"row\">-cynk<\/th>\n<td>7 mg (70% RWS)<\/td>\n<\/tr>\n<tr>\n<th scope=\"row\">Ekstrakt z Pere\u0142kowca Japo\u0144skiego<\/th>\n<td>28 mg<\/td>\n<\/tr>\n<tr>\n<th scope=\"row\">-rutyna<\/th>\n<td>26,6 mg<\/td>\n<\/tr>\n<tr>\n<th scope=\"row\">Kwas alfa-liponowy<\/th>\n<td>21 mg<\/td>\n<\/tr>\n<\/tbody>\n<tfoot>\n<tr>\n<td colspan=\"2\"><span class=\"rws\"><i>i<\/i><br \/>\n*RWS \u2013 Referencyjna Warto\u015b\u0107 Spo\u017cycia (dla doros\u0142ych)<br \/>\n<\/span><\/td>\n<\/tr>\n<\/tfoot>\n<\/table>\n<\/div>\n<\/div>\n<div class=\"product-description-container\">\n<h2>Hybrydowy kompleks witaminy C z cynkiem, ALA i ro\u015blinnymi ekstraktami<\/h2>\n<p>Zaawansowany kompleks witaminy C z r\u00f3\u017cnych \u017ar\u00f3de\u0142, wzbogacony o cynk, bioflawonoidy cytrusowe, EGCG, rutyn\u0119 i kwas alfa-liponowy. To przemy\u015blana formu\u0142a dla wymagaj\u0105cych, kt\u00f3rzy szukaj\u0105 czego\u015b wi\u0119cej ni\u017c klasyczny kwas L-askorbinowy.<\/p>\n<h3>Analiza sk\u0142adu<\/h3>\n<div class=\"product-description-container\">\n<div class=\"hlp-table2\">\n<div class=\"card\">\n<table>\n<colgroup>\n<col \/>\n<col \/> <\/colgroup>\n<tbody>\n<tr>\n<th scope=\"row\">Kwas L-askorbinowy:<\/th>\n<td>Kluczowy aktywator limfocyt\u00f3w odpowiadj\u0105cy za szybk\u0105 mobilizacj\u0119 uk\u0142adu odporno\u015bciowego do walki z patogenami.<\/td>\n<\/tr>\n<tr>\n<th scope=\"row\">L-askorbinian sodu<\/th>\n<td>Buforowana posta\u0107 witaminy C zapewniaj\u0105ca wysok\u0105 dawk\u0119 jon\u00f3w askorbinianowych przy pe\u0142nym komforcie dla os\u00f3b z wra\u017cliwym \u017co\u0142\u0105dkiem.<\/td>\n<\/tr>\n<tr>\n<th scope=\"row\">Dzikiej R\u00f3\u017ca<\/th>\n<td>Dostarcza naturalnych kofaktor\u00f3w, kt\u00f3re stabilizuj\u0105 witamin\u0119 C i zwi\u0119kszaj\u0105 jej potencja\u0142 antyoksydacyjny.<\/td>\n<\/tr>\n<tr>\n<th scope=\"row\">Acerola<\/th>\n<td>Naturalne \u017ar\u00f3d\u0142o witaminy C o wysokiej aktywno\u015bci biologicznej, niezb\u0119dne do prawid\u0142owej syntezy kolagenu i ochrony tkanek.<\/td>\n<\/tr>\n<tr>\n<th scope=\"row\">Bioflawonoidy cytrusowe <\/th>\n<td>Chroni\u0105 cz\u0105steczki witaminy C przed przedwczesnym utlenieniem, znacz\u0105co podnosz\u0105c jej skuteczno\u015b\u0107 w kom\u00f3rkach.<\/td>\n<\/tr>\n<tr>\n<th scope=\"row\">Hesperydyna<\/th>\n<td>Pomaga w utrzymaniu prawid\u0142owej szczelno\u015bci naczy\u0144 w\u0142osowatych, co wspiera naturalne bariery ochronne organizmu.<\/td>\n<\/tr>\n<tr>\n<th scope=\"row\">EGCG<\/th>\n<td>Silny polifenol, kt\u00f3ry hamuje enzymy rozk\u0142adaj\u0105ce witamin\u0119 C, wyd\u0142u\u017caj\u0105c czas jej aktywno\u015bci w krwiobiegu.<\/td>\n<\/tr>\n<tr>\n<th scope=\"row\">Pikolinian Cynku<\/th>\n<td>Wysokoprzyswajalna forma cynku, niezb\u0119dna do podzia\u0142\u00f3w kom\u00f3rek odporno\u015bciowych i prawid\u0142owej ekspresji gen\u00f3w obronnych.<\/td>\n<\/tr>\n<tr>\n<th scope=\"row\">Rutyna<\/th>\n<td>Pomaga w utrzymaniu prawid\u0142owej szczelno\u015bci naczy\u0144 w\u0142osowatych i dzia\u0142a synergicznie z witamin\u0105 C, zapobiegaj\u0105c jej szybkiemu wydalaniu z organizmu.<\/td>\n<\/tr>\n<tr>\n<th scope=\"row\">Kwas alfa-liponowy<\/th>\n<td>Odpowiada za tzw. recykling antyoksydant\u00f3w \u2013 regeneruje zu\u017cyt\u0105 witamin\u0119 C, przywracaj\u0105c jej zdolno\u015b\u0107 do ponownej ochrony kom\u00f3rek.<\/td>\n<\/tr>\n<\/tbody>\n<\/table>\n<\/div>\n<\/div>\n<h3>Jak stosowa\u0107 Witamina C Complex?<\/h3>\n<p>Jako suplement diety przyjmowa\u0107 1 kapsu\u0142k\u0119 dziennie lub wed\u0142ug wskaza\u0144 lekarza.<\/p>\n<h3>Sk\u0142adniki<\/h3>\n<p>kwas L-askorbinowy, L-askorbinian sodu, ekstrakt z owoc\u00f3w z dzikiej r\u00f3\u017cy (Rosa canina), ekstrakt ze sk\u00f3rki gorzkiej pomara\u0144czy (Citrus aurantium), ekstrakt z li\u015bci zielonej herbaty (Camellia sinensis), pikolinian cynku, ekstrakt z p\u0105k\u00f3w kwiat\u00f3w pere\u0142kowca japo\u0144skiego (Sophora japonica), kwas alfa-liponowy, ekstrakt z owoc\u00f3w aceroli (Malpighia glabra), celuloza mikrokrystaliczna, \u017celatyna (otoczka kapsu\u0142ki).<\/p>\n<h3>Ostrze\u017cenia<\/h3>\n<p>Produkt zosta\u0142 zoptymalizowany pod wzgl\u0119dem bezpiecze\u0144stwa zastosowanych sk\u0142adnik\u00f3w pomocniczych. Produkt nie jest przeznaczony do diagnozowania, leczenia ani zapobiegania chorobom. Kobiety w ci\u0105\u017cy, karmi\u0105ce oraz osoby ze zdiagnozowanymi schorzeniami i przyjmuj\u0105ce leki powinny skonsultowa\u0107 si\u0119 z lekarzem przed zastosowaniem.Nie nale\u017cy przekracza\u0107 zalecanej dziennej porcji. Dla utrzymania prawid\u0142owego stanu zdrowia nale\u017cy stosowa\u0107 zr\u00f3\u017cnicowan\u0105 diet\u0119 i prowadzi\u0107 zdrowy tryb \u017cycia. Suplement diety nie mo\u017ce by\u0107 stosowany jako substytut ( zamiennik ) zr\u00f3\u017cnicowanej diety.<\/p>\n<h3>Przechowywanie<\/h3>\n<p>Przechowywa\u0107 w szczelnie zamkni\u0119tym opakowaniu, w spos\u00f3b niedost\u0119pny dla ma\u0142ych dzieci, w suchym miejscu. Chroni\u0107 przed promieniami s\u0142onecznymi.<\/p>\n<p><img decoding=\"async\" class=\"float-img-left2\" src=\"https:\/\/healthlabspro.com\/pl\/wp-content\/uploads\/2025\/10\/healthlabspro-premium-5238562385623861.png\" alt=\"Health Labs PRO \u2014 producent\" \/><\/p>\n<h3>Producent<\/h3>\n<p>Welli Europe<br \/>\nul. Ho\u017ca 86\/410<br \/>\n00-682 Warszawa<br \/>\ncontact@wellieurope.com<\/p>\n<\/div>\n<\/div>\n","protected":false},"excerpt":{"rendered":"<p>Ilo\u015b\u0107 porcji w opakowaniu: 120 Wielko\u015b\u0107 porcji: 1 kapsu\u0142ka Zawarto\u015b\u0107 w: 1 kapsu\u0142ce Kwas L-askorbinowy: 350 mg -witamina C 350 mg L-askorbinian sodu 350 mg -witamina C 311 mg Ekstrakt z Dzikiej R\u00f3\u017cy 35 mg -witamina C 24,5 mg Ekstrakt z Aceroli 14 mg -witamina C 3,5 mg Witamina C \u0142\u0105cznie 689 mg (861% RWS) &#8230;<\/p>\n","protected":false},"featured_media":1532,"menu_order":0,"comment_status":"open","ping_status":"closed","template":"","meta":[],"product_brand":[],"product_cat":[185],"product_tag":[],"class_list":{"0":"post-1522","1":"product","2":"type-product","3":"status-publish","4":"has-post-thumbnail","6":"product_cat-sklep","8":"first","9":"outofstock","10":"shipping-taxable","11":"purchasable","12":"product-type-simple"},"_links":{"self":[{"href":"https:\/\/healthlabspro.com\/pl\/wp-json\/wp\/v2\/product\/1522","targetHints":{"allow":["GET"]}}],"collection":[{"href":"https:\/\/healthlabspro.com\/pl\/wp-json\/wp\/v2\/product"}],"about":[{"href":"https:\/\/healthlabspro.com\/pl\/wp-json\/wp\/v2\/types\/product"}],"replies":[{"embeddable":true,"href":"https:\/\/healthlabspro.com\/pl\/wp-json\/wp\/v2\/comments?post=1522"}],"wp:featuredmedia":[{"embeddable":true,"href":"https:\/\/healthlabspro.com\/pl\/wp-json\/wp\/v2\/media\/1532"}],"wp:attachment":[{"href":"https:\/\/healthlabspro.com\/pl\/wp-json\/wp\/v2\/media?parent=1522"}],"wp:term":[{"taxonomy":"product_brand","embeddable":true,"href":"https:\/\/healthlabspro.com\/pl\/wp-json\/wp\/v2\/product_brand?post=1522"},{"taxonomy":"product_cat","embeddable":true,"href":"https:\/\/healthlabspro.com\/pl\/wp-json\/wp\/v2\/product_cat?post=1522"},{"taxonomy":"product_tag","embeddable":true,"href":"https:\/\/healthlabspro.com\/pl\/wp-json\/wp\/v2\/product_tag?post=1522"}],"curies":[{"name":"wp","href":"https:\/\/api.w.org\/{rel}","templated":true}]}}