{"id":1539,"date":"2026-04-16T21:40:31","date_gmt":"2026-04-16T19:40:31","guid":{"rendered":"https:\/\/healthlabspro.com\/pl\/?post_type=product&#038;p=1539"},"modified":"2026-05-05T19:36:40","modified_gmt":"2026-05-05T17:36:40","slug":"magnez-chelatowany-diglicynian-z-aktywna-b6-w-kapsulkach","status":"publish","type":"product","link":"https:\/\/healthlabspro.com\/pl\/products\/magnez-chelatowany-diglicynian-z-aktywna-b6-w-kapsulkach\/","title":{"rendered":"Magnez Chelatowany Diglicynian + B6 (P-5-P)"},"content":{"rendered":"<div class=\"product-description-container\">\n<div class=\"hlp-table2\">\n<div class=\"card\">\n<table>\n<colgroup>\n<col \/>\n<col \/> <\/colgroup>\n<thead>\n<tr>\n<th scope=\"col\">Ilo\u015b\u0107 porcji w opakowaniu:<\/th>\n<th class=\"value\" scope=\"col\">60\/120<\/th>\n<\/tr>\n<\/thead>\n<tbody>\n<tr>\n<th scope=\"col\">Wielko\u015b\u0107 porcji:<\/th>\n<td>1-2 kapsu\u0142ki<\/td>\n<\/tr>\n<th scope=\"col\">Zawarto\u015b\u0107 w:<\/th>\n<td>1 kapsu\u0142ce<\/td>\n<\/tr>\n<tr>\n<th scope=\"row\">Diglicynian magnezu,<\/th>\n<td>590 mg<\/td>\n<\/tr>\n<tr>\n<th scope=\"row\">w tym: magnez<\/th>\n<td>120 mg (32% * RWS)<\/td>\n<\/tr>\n<tr>\n<th scope=\"row\">Witamina B6(P-5-P)<\/th>\n<td>2,5 mg (180% * RWS)<\/td>\n<\/tr>\n<\/tbody>\n<\/table>\n<\/div>\n<\/div>\n<div class=\"product-description-container\">\n<h2>Magnez Chelatowany Diglicynian + B6 (P-5-P)<\/h2>\n<p>Suplement diety Magnez Chelatowany zawiera diglicynian magnezu z aktywn\u0105 witamin\u0105 B6 (P-5-P). Magnez pomaga w prawid\u0142owym funkcjonowaniu uk\u0142adu nerwowego, prawid\u0142owym funkcjonowaniu mi\u0119\u015bni oraz w utrzymaniu r\u00f3wnowagi elektrolitowej. Przyczynia si\u0119 do zmniejszenia uczucia zm\u0119czenia i znu\u017cenia, utrzymania prawid\u0142owego metabolizmu energetycznego oraz pomaga w prawid\u0142owej syntezie bia\u0142ka i utrzymaniu prawid\u0142owych funkcji psychologicznych. Ponadto magnez pomaga w utrzymaniu zdrowych ko\u015bci i z\u0119b\u00f3w oraz odgrywa rol\u0119 w procesie podzia\u0142u kom\u00f3rek[1]. Witamina B6 pomaga w prawid\u0142owym funkcjonowaniu uk\u0142adu nerwowego, uk\u0142adu odporno\u015bciowego oraz w utrzymaniu prawid\u0142owych funkcji psychologicznych. Przyczynia si\u0119 do zmniejszenia uczucia zm\u0119czenia i znu\u017cenia, utrzymania prawid\u0142owego metabolizmu energetycznego oraz regulacji aktywno\u015bci hormonalnej. Pomaga w prawid\u0142owej syntezie cysteiny, produkcji czerwonych krwinek oraz w utrzymaniu prawid\u0142owego metabolizmu homocysteiny, bia\u0142ka i glikogenu[2].<\/p>\n<h3>Jak stosowa\u0107 Magnez Chelatowany Diglicynian + B6 (P-5-P)?<\/h3>\n<p>Jako suplement diety przyjmowa\u0107 1-2 kapsu\u0142ki dziennie lub wed\u0142ug wskaza\u0144 lekarza.<\/p>\n<h3>Sk\u0142adniki<\/h3>\n<p>diglicynian magnezu, p-5-p fosforan pirydoksalu (witamina b6), \u017celatyna (otoczka kapsu\u0142ki).<\/p>\n<h3>Ostrze\u017cenia<\/h3>\n<p>Nie nale\u017cy przekracza\u0107 zalecanej dziennej porcji. Nie stosowa\u0107 u dzieci, kobiet w ci\u0105\u017cy i w trakcie laktacji. Osoby z chorobami nerek, osoby ze zdiagnozowanymi schorzeniami oraz osoby przyjmuj\u0105ce leki powinny skonsultowa\u0107 si\u0119 z lekarzem przed zastosowaniem. Dla utrzymania prawid\u0142owego stanu zdrowia nale\u017cy stosowa\u0107 zr\u00f3\u017cnicowan\u0105 diet\u0119 i prowadzi\u0107 zdrowy tryb \u017cycia. Suplement diety nie mo\u017ce by\u0107 stosowany jako substytut ( zamiennik ) zr\u00f3\u017cnicowanej diety.<\/p>\n<h3>Przechowywanie<\/h3>\n<p>Przechowywa\u0107 w temperaturze pokojowej. Przechowywa\u0107 w miejscu niedost\u0119pnym dla ma\u0142ych dzieci.<\/p>\n<h3>Przypisy<\/h3>\n<p>[1] Magnez: Pomaga w prawid\u0142owym funkcjonowaniu uk\u0142adu nerwowego, mi\u0119\u015bni oraz w utrzymaniu r\u00f3wnowagi elektrolitowej. Przyczynia si\u0119 do zmniejszenia uczucia zm\u0119czenia i znu\u017cenia, utrzymania prawid\u0142owego metabolizmu energetycznego oraz pomaga w prawid\u0142owej syntezie bia\u0142ka i utrzymaniu prawid\u0142owych funkcji psychologicznych. Ponadto pomaga w utrzymaniu zdrowych ko\u015bci i z\u0119b\u00f3w oraz odgrywa rol\u0119 w procesie podzia\u0142u kom\u00f3rek (na podstawie Rozporz\u0105dzenia Komisji (UE) nr 432\/2012).<br \/>\n[2] Witamina B6: Pomaga w prawid\u0142owym funkcjonowaniu uk\u0142adu nerwowego, odporno\u015bciowego oraz w utrzymaniu prawid\u0142owych funkcji psychologicznych. Przyczynia si\u0119 do zmniejszenia uczucia zm\u0119czenia i znu\u017cenia, utrzymania prawid\u0142owego metabolizmu energetycznego oraz regulacji aktywno\u015bci hormonalnej. Wspiera prawid\u0142ow\u0105 syntez\u0119 cysteiny, produkcj\u0119 czerwonych krwinek oraz metabolizm homocysteiny, bia\u0142ka i glikogenu (na podstawie Rozporz\u0105dzenia Komisji (UE) nr 432\/2012).<br \/>\n[inne] O\u015bwiadczenia og\u00f3lne (nieswoiste) dotycz\u0105ce zdrowia zamieszczone na froncie opakowania s\u0105 powi\u0105zane za pomoc\u0105 indeks\u00f3w g\u00f3rnych z odpowiadaj\u0105cymi im pe\u0142nymi tre\u015bciami o\u015bwiadcze\u0144 zdrowotnych znajduj\u0105cych si\u0119 w bocznym panelu etykiety (zgodnie z art. 10 ust. 3 Rozporz\u0105dzenia (WE) nr 1924\/2006).<\/p>\n<p><img decoding=\"async\" class=\"float-img-left2\" src=\"https:\/\/healthlabspro.com\/pl\/wp-content\/uploads\/2025\/10\/healthlabspro-premium-5238562385623861.png\" alt=\"Health Labs PRO \u2014 producent\" \/><\/p>\n<h3>Producent<\/h3>\n<p>Welli Europe<br \/>\nul. Ho\u017ca 86\/410<br \/>\n00-682 Warszawa<br \/>\ncontact@wellieurope.com<\/p>\n<\/div>\n<\/div>\n","protected":false},"excerpt":{"rendered":"<p>Ilo\u015b\u0107 porcji w opakowaniu: 60\/120 Wielko\u015b\u0107 porcji: 1-2 kapsu\u0142ki Zawarto\u015b\u0107 w: 1 kapsu\u0142ce Diglicynian magnezu, 590 mg w tym: magnez 120 mg (32% * RWS) Witamina B6(P-5-P) 2,5 mg (180% * RWS) Magnez Chelatowany Diglicynian + B6 (P-5-P) Suplement diety Magnez Chelatowany zawiera diglicynian magnezu z aktywn\u0105 witamin\u0105 B6 (P-5-P). Magnez pomaga w prawid\u0142owym funkcjonowaniu &#8230;<\/p>\n","protected":false},"featured_media":1862,"menu_order":0,"comment_status":"open","ping_status":"closed","template":"","meta":[],"product_brand":[],"product_cat":[185],"product_tag":[],"class_list":{"0":"post-1539","1":"product","2":"type-product","3":"status-publish","4":"has-post-thumbnail","6":"product_cat-sklep","8":"first","9":"outofstock","10":"shipping-taxable","11":"purchasable","12":"product-type-simple"},"_links":{"self":[{"href":"https:\/\/healthlabspro.com\/pl\/wp-json\/wp\/v2\/product\/1539","targetHints":{"allow":["GET"]}}],"collection":[{"href":"https:\/\/healthlabspro.com\/pl\/wp-json\/wp\/v2\/product"}],"about":[{"href":"https:\/\/healthlabspro.com\/pl\/wp-json\/wp\/v2\/types\/product"}],"replies":[{"embeddable":true,"href":"https:\/\/healthlabspro.com\/pl\/wp-json\/wp\/v2\/comments?post=1539"}],"wp:featuredmedia":[{"embeddable":true,"href":"https:\/\/healthlabspro.com\/pl\/wp-json\/wp\/v2\/media\/1862"}],"wp:attachment":[{"href":"https:\/\/healthlabspro.com\/pl\/wp-json\/wp\/v2\/media?parent=1539"}],"wp:term":[{"taxonomy":"product_brand","embeddable":true,"href":"https:\/\/healthlabspro.com\/pl\/wp-json\/wp\/v2\/product_brand?post=1539"},{"taxonomy":"product_cat","embeddable":true,"href":"https:\/\/healthlabspro.com\/pl\/wp-json\/wp\/v2\/product_cat?post=1539"},{"taxonomy":"product_tag","embeddable":true,"href":"https:\/\/healthlabspro.com\/pl\/wp-json\/wp\/v2\/product_tag?post=1539"}],"curies":[{"name":"wp","href":"https:\/\/api.w.org\/{rel}","templated":true}]}}