{"id":1540,"date":"2026-04-16T22:49:59","date_gmt":"2026-04-16T20:49:59","guid":{"rendered":"https:\/\/healthlabspro.com\/pl\/?post_type=product&#038;p=1540"},"modified":"2026-04-21T22:35:42","modified_gmt":"2026-04-21T20:35:42","slug":"glutation-zredukowany-complex-kapsulki","status":"publish","type":"product","link":"https:\/\/healthlabspro.com\/pl\/products\/glutation-zredukowany-complex-kapsulki\/","title":{"rendered":"Glutation zredukowany Complex w kapsu\u0142kach"},"content":{"rendered":"<div class=\"product-description-container\">\n<div class=\"hlp-table2\">\n<div class=\"card\">\n<table>\n<colgroup>\n<col \/>\n<col \/> <\/colgroup>\n<thead>\n<tr>\n<th scope=\"col\">Ilo\u015b\u0107 porcji w opakowaniu:<\/th>\n<th class=\"value\" scope=\"col\">50<\/th>\n<\/tr>\n<\/thead>\n<tbody>\n<tr>\n<th scope=\"col\">Wielko\u015b\u0107 porcji:<\/th>\n<td>2 kapsu\u0142ki<\/td>\n<\/tr>\n<th scope=\"col\">Zawarto\u015b\u0107 w:<\/th>\n<td>2 kapsu\u0142kach<\/td>\n<\/tr>\n<tr>\n<th scope=\"row\">L-glutation zredukowany<\/th>\n<td>400 mg<\/td>\n<\/tr>\n<tr>\n<th scope=\"row\">Witamina C<\/th>\n<td>300 mg<\/td>\n<\/tr>\n<tr>\n<th scope=\"row\">NAC (N-acetylocysteina)<\/th>\n<td>150 mg<\/td>\n<\/tr>\n<\/tbody>\n<\/table>\n<\/div>\n<\/div>\n<div class=\"product-description-container\">\n<h2>Kompleks zawieraj\u0105cy L-glutation (zredukowany), NAC i kwas L-askorbinowy.<\/h2>\n<h3>Jak stosowa\u0107 Glutation zredukowany Complex?<\/h3>\n<p>Jako suplement diety przyjmowa\u0107 2 kapsu\u0142ki dziennie lub wed\u0142ug wskaza\u0144 lekarza.<\/p>\n<h3>Sk\u0142adniki<\/h3>\n<p> L-glutation zredukowany, kwas L-askorbinowy, N-acetylo-L-cysteina, celuloza mikrokrystaliczna (substancja wype\u0142niaj\u0105ca), \u017celatyna (otoczka kapsu\u0142ki).<\/p>\n<h3>Ostrze\u017cenia<\/h3>\n<p>Produkt zosta\u0142 zoptymalizowany pod wzgl\u0119dem bezpiecze\u0144stwa zastosowanych sk\u0142adnik\u00f3w pomocniczych. Produkt nie jest przeznaczony do diagnozowania, leczenia ani zapobiegania chorobom. Kobiety w ci\u0105\u017cy, karmi\u0105ce oraz osoby ze zdiagnozowanymi schorzeniami i przyjmuj\u0105ce leki powinny skonsultowa\u0107 si\u0119 z lekarzem przed zastosowaniem.Nie nale\u017cy przekracza\u0107 zalecanej dziennej porcji. Dla utrzymania prawid\u0142owego stanu zdrowia nale\u017cy stosowa\u0107 zr\u00f3\u017cnicowan\u0105 diet\u0119 i prowadzi\u0107 zdrowy tryb \u017cycia. Suplement diety nie mo\u017ce by\u0107 stosowany jako substytut ( zamiennik ) zr\u00f3\u017cnicowanej diety.<\/p>\n<h3>Przechowywanie<\/h3>\n<p>Przechowywa\u0107 w szczelnie zamkni\u0119tym opakowaniu, w spos\u00f3b niedost\u0119pny dla ma\u0142ych dzieci, w suchym miejscu. Chroni\u0107 przed promieniami s\u0142onecznymi.<\/p>\n<p><img decoding=\"async\" class=\"float-img-left2\" src=\"https:\/\/healthlabspro.com\/pl\/wp-content\/uploads\/2025\/10\/healthlabspro-premium-5238562385623861.png\" alt=\"Health Labs PRO \u2014 producent\" \/><\/p>\n<h3>Producent<\/h3>\n<p>Welli Europe<br \/>\nul. Ho\u017ca 86\/410<br \/>\n00-682 Warszawa<br \/>\ncontact@wellieurope.com<\/p>\n<\/div>\n<\/div>\n","protected":false},"excerpt":{"rendered":"<p>Ilo\u015b\u0107 porcji w opakowaniu: 50 Wielko\u015b\u0107 porcji: 2 kapsu\u0142ki Zawarto\u015b\u0107 w: 2 kapsu\u0142kach L-glutation zredukowany 400 mg Witamina C 300 mg NAC (N-acetylocysteina) 150 mg Kompleks zawieraj\u0105cy L-glutation (zredukowany), NAC i kwas L-askorbinowy. Jak stosowa\u0107 Glutation zredukowany Complex? Jako suplement diety przyjmowa\u0107 2 kapsu\u0142ki dziennie lub wed\u0142ug wskaza\u0144 lekarza. Sk\u0142adniki L-glutation zredukowany, kwas L-askorbinowy, N-acetylo-L-cysteina, &#8230;<\/p>\n","protected":false},"featured_media":1545,"menu_order":0,"comment_status":"open","ping_status":"closed","template":"","meta":[],"product_brand":[],"product_cat":[185],"product_tag":[],"class_list":{"0":"post-1540","1":"product","2":"type-product","3":"status-publish","4":"has-post-thumbnail","6":"product_cat-sklep","8":"first","9":"outofstock","10":"shipping-taxable","11":"purchasable","12":"product-type-simple"},"_links":{"self":[{"href":"https:\/\/healthlabspro.com\/pl\/wp-json\/wp\/v2\/product\/1540","targetHints":{"allow":["GET"]}}],"collection":[{"href":"https:\/\/healthlabspro.com\/pl\/wp-json\/wp\/v2\/product"}],"about":[{"href":"https:\/\/healthlabspro.com\/pl\/wp-json\/wp\/v2\/types\/product"}],"replies":[{"embeddable":true,"href":"https:\/\/healthlabspro.com\/pl\/wp-json\/wp\/v2\/comments?post=1540"}],"wp:featuredmedia":[{"embeddable":true,"href":"https:\/\/healthlabspro.com\/pl\/wp-json\/wp\/v2\/media\/1545"}],"wp:attachment":[{"href":"https:\/\/healthlabspro.com\/pl\/wp-json\/wp\/v2\/media?parent=1540"}],"wp:term":[{"taxonomy":"product_brand","embeddable":true,"href":"https:\/\/healthlabspro.com\/pl\/wp-json\/wp\/v2\/product_brand?post=1540"},{"taxonomy":"product_cat","embeddable":true,"href":"https:\/\/healthlabspro.com\/pl\/wp-json\/wp\/v2\/product_cat?post=1540"},{"taxonomy":"product_tag","embeddable":true,"href":"https:\/\/healthlabspro.com\/pl\/wp-json\/wp\/v2\/product_tag?post=1540"}],"curies":[{"name":"wp","href":"https:\/\/api.w.org\/{rel}","templated":true}]}}