{"id":1552,"date":"2026-04-17T13:05:25","date_gmt":"2026-04-17T11:05:25","guid":{"rendered":"https:\/\/healthlabspro.com\/pl\/?post_type=product&#038;p=1552"},"modified":"2026-04-28T10:12:38","modified_gmt":"2026-04-28T08:12:38","slug":"senolytic-botanicals-complex-kapsulki","status":"publish","type":"product","link":"https:\/\/healthlabspro.com\/pl\/products\/senolytic-botanicals-complex-kapsulki\/","title":{"rendered":"Senolytic Botanicals Complex w kapsu\u0142kach"},"content":{"rendered":"<div class=\"product-description-container\">\n<div class=\"hlp-table2\">\n<div class=\"card\">\n<table>\n<colgroup>\n<col \/>\n<col \/> <\/colgroup>\n<thead>\n<tr>\n<th scope=\"col\">Ilo\u015b\u0107 porcji w opakowaniu:<\/th>\n<th class=\"value\" scope=\"col\">10<\/th>\n<\/tr>\n<\/thead>\n<tbody>\n<tr>\n<th scope=\"col\">Wielko\u015b\u0107 porcji:<\/th>\n<td>3 kapsu\u0142ki<\/td>\n<\/tr>\n<th scope=\"col\">Zawarto\u015b\u0107 w:<\/th>\n<td>3 kapsu\u0142kach<\/td>\n<\/tr>\n<tr>\n<th scope=\"row\">Fisetyna<\/th>\n<td>700 mg<\/td>\n<\/tr>\n<tr>\n<th scope=\"row\">Senosupp Matrix (Kwercetyna, OPC, Pterostylben, L-teanina, Apigenina)<\/th>\n<td>950 mg<\/td>\n<\/tr>\n<\/tbody>\n<\/table>\n<\/div>\n<\/div>\n<div class=\"product-description-container\">\n<h2>Senolytic Botanicals Complex &#8211; Zaawansowane wsparcie biologii kom\u00f3rkowej<\/h2>\n<p>Senolytic Botanicals Complex to unikalne po\u0142\u0105czenie polifenoli i ekstrakt\u00f3w ro\u015blinnych, dobranych pod k\u0105tem wsparcia naturalnych proces\u00f3w odnowy organizmu. Formu\u0142a dostarcza skoncentrowanych zwi\u0105zk\u00f3w fitochemicznych, kt\u00f3re stanowi\u0105 element strategii pro-witalnej, ukierunkowanej na zachowanie sprawno\u015bci biologicznej na poziomie kom\u00f3rkowym.<br \/>\n<b>Ochrona antyoksydacyjna kom\u00f3rek\u00b9<\/b>: Dzi\u0119ki wysokiej zawarto\u015bci polifenoli z nasion winogron oraz zielonej herbaty, preparat wspiera naturalne mechanizmy obronne kom\u00f3rek przed uszkodzeniami oksydacyjnymi wywo\u0142anymi przez wolne rodniki.<br \/>\n<b>Wsparcie witalno\u015bci i regeneracji\u00b2<\/b>: Sk\u0142adniki botaniczne zawarte w formule wspomagaj\u0105 og\u00f3ln\u0105 kondycj\u0119 organizmu oraz wspieraj\u0105 zachowanie zdrowia tkanek wraz z up\u0142ywem czasu.<br \/>\n<b>Wysoka standaryzacja<\/b>: Zastosowanie ekstrakt\u00f3w o wysokim st\u0119\u017ceniu (m.in. 98% fisetyny, 95% kwercetyny) gwarantuje precyzyjne dostarczenie kluczowych zwi\u0105zk\u00f3w fitochemicznych w ka\u017cdej porcji.<br \/>\n\u00b9 Ekstrakt z nasion winogron (Vitis vinifera) oraz zielona herbata (Camellia sinensis) wspieraj\u0105 ochron\u0119 kom\u00f3rek przed stresem oksydacyjnym oraz wspomagaj\u0105 naturalny system obronny organizmu przed wolnymi rodnikami (ID 2139, 1103).<br \/>\n\u00b2 Ekstrakt z nasion winogron pomaga w utrzymaniu og\u00f3lnego zdrowia i prawid\u0142owych funkcji kom\u00f3rek (ID 2140).<\/p>\n<h3>Jak stosowa\u0107 Senolytic Botanicals Complex?<\/h3>\n<p>Jako suplement diety przyjmowa\u0107 3 kapsu\u0142ki dziennie podczas posi\u0142ku.<\/p>\n<h3>Sk\u0142adniki<\/h3>\n<p>ekstrakt z kory pnia perukowca podolskiego (Cotinus coggygria Scop.) standaryzowany na 98% fisetyny, ekstrakt z p\u0105k\u00f3w kwiat\u00f3w pere\u0142kowca japo\u0144skiego (Sophora Japonica L.) standaryzowany na 95% kwercetyny, ekstrakt z nasion winogron (Vitis vinifera) standaryzowany na 98% OPC, Trans-Pterostylben, ekstrakt z li\u015bci zielonej herbaty  Camelia sinesis) standaryzowany na 99% L-teaniny, ekstrakt ze sk\u00f3rki grejpfruta (Citrus paradisi M.), standaryzowany na 98% apigeniny, celuloza mikrokrystaliczna (substancja wype\u0142niaj\u0105ca), sole magnezowe kwas\u00f3w t\u0142uszczowych (substancja przeciwzbrylaj\u0105ca), hydroksypropylometyloceluloza (otoczka kapsu\u0142ki).<\/p>\n<h3>Ostrze\u017cenia<\/h3>\n<p>Produkt zosta\u0142 zoptymalizowany pod wzgl\u0119dem bezpiecze\u0144stwa zastosowanych sk\u0142adnik\u00f3w pomocniczych. Produkt nie jest przeznaczony do diagnozowania, leczenia ani zapobiegania chorobom. Kobiety w ci\u0105\u017cy, karmi\u0105ce oraz osoby ze zdiagnozowanymi schorzeniami i przyjmuj\u0105ce leki powinny skonsultowa\u0107 si\u0119 z lekarzem przed zastosowaniem.Nie nale\u017cy przekracza\u0107 zalecanej dziennej porcji. Dla utrzymania prawid\u0142owego stanu zdrowia nale\u017cy stosowa\u0107 zr\u00f3\u017cnicowan\u0105 diet\u0119 i prowadzi\u0107 zdrowy tryb \u017cycia. Suplement diety nie mo\u017ce by\u0107 stosowany jako substytut ( zamiennik ) zr\u00f3\u017cnicowanej diety.<\/p>\n<h3>Przechowywanie<\/h3>\n<p>Przechowywa\u0107 w szczelnie zamkni\u0119tym opakowaniu, w spos\u00f3b niedost\u0119pny dla ma\u0142ych dzieci, w suchym miejscu. Chroni\u0107 przed promieniami s\u0142onecznymi.<\/p>\n<p><img decoding=\"async\" class=\"float-img-left2\" src=\"https:\/\/healthlabspro.com\/pl\/wp-content\/uploads\/2025\/10\/healthlabspro-premium-5238562385623861.png\" alt=\"Health Labs PRO \u2014 producent\" \/><\/p>\n<h3>Producent<\/h3>\n<p>Welli Europe<br \/>\nul. Ho\u017ca 86\/410<br \/>\n00-682 Warszawa<br \/>\ncontact@wellieurope.com<\/p>\n<\/div>\n<\/div>\n","protected":false},"excerpt":{"rendered":"<p>Ilo\u015b\u0107 porcji w opakowaniu: 10 Wielko\u015b\u0107 porcji: 3 kapsu\u0142ki Zawarto\u015b\u0107 w: 3 kapsu\u0142kach Fisetyna 700 mg Senosupp Matrix (Kwercetyna, OPC, Pterostylben, L-teanina, Apigenina) 950 mg Senolytic Botanicals Complex &#8211; Zaawansowane wsparcie biologii kom\u00f3rkowej Senolytic Botanicals Complex to unikalne po\u0142\u0105czenie polifenoli i ekstrakt\u00f3w ro\u015blinnych, dobranych pod k\u0105tem wsparcia naturalnych proces\u00f3w odnowy organizmu. Formu\u0142a dostarcza skoncentrowanych zwi\u0105zk\u00f3w &#8230;<\/p>\n","protected":false},"featured_media":1553,"menu_order":0,"comment_status":"open","ping_status":"closed","template":"","meta":[],"product_brand":[],"product_cat":[185],"product_tag":[],"class_list":{"0":"post-1552","1":"product","2":"type-product","3":"status-publish","4":"has-post-thumbnail","6":"product_cat-sklep","8":"first","9":"outofstock","10":"sale","11":"shipping-taxable","12":"purchasable","13":"product-type-simple"},"_links":{"self":[{"href":"https:\/\/healthlabspro.com\/pl\/wp-json\/wp\/v2\/product\/1552","targetHints":{"allow":["GET"]}}],"collection":[{"href":"https:\/\/healthlabspro.com\/pl\/wp-json\/wp\/v2\/product"}],"about":[{"href":"https:\/\/healthlabspro.com\/pl\/wp-json\/wp\/v2\/types\/product"}],"replies":[{"embeddable":true,"href":"https:\/\/healthlabspro.com\/pl\/wp-json\/wp\/v2\/comments?post=1552"}],"wp:featuredmedia":[{"embeddable":true,"href":"https:\/\/healthlabspro.com\/pl\/wp-json\/wp\/v2\/media\/1553"}],"wp:attachment":[{"href":"https:\/\/healthlabspro.com\/pl\/wp-json\/wp\/v2\/media?parent=1552"}],"wp:term":[{"taxonomy":"product_brand","embeddable":true,"href":"https:\/\/healthlabspro.com\/pl\/wp-json\/wp\/v2\/product_brand?post=1552"},{"taxonomy":"product_cat","embeddable":true,"href":"https:\/\/healthlabspro.com\/pl\/wp-json\/wp\/v2\/product_cat?post=1552"},{"taxonomy":"product_tag","embeddable":true,"href":"https:\/\/healthlabspro.com\/pl\/wp-json\/wp\/v2\/product_tag?post=1552"}],"curies":[{"name":"wp","href":"https:\/\/api.w.org\/{rel}","templated":true}]}}