{"id":1556,"date":"2026-04-17T13:38:06","date_gmt":"2026-04-17T11:38:06","guid":{"rendered":"https:\/\/healthlabspro.com\/pl\/?post_type=product&#038;p=1556"},"modified":"2026-04-28T10:08:37","modified_gmt":"2026-04-28T08:08:37","slug":"focus-now-w-kapsulkach","status":"publish","type":"product","link":"https:\/\/healthlabspro.com\/pl\/products\/focus-now-w-kapsulkach\/","title":{"rendered":"Focus Now w kapsu\u0142kach"},"content":{"rendered":"<div class=\"product-description-container\">\n<div class=\"hlp-table2\">\n<div class=\"card\">\n<table>\n<colgroup>\n<col \/>\n<col \/> <\/colgroup>\n<thead>\n<tr>\n<th scope=\"col\">Ilo\u015b\u0107 porcji w opakowaniu:<\/th>\n<th class=\"value\" scope=\"col\">30<\/th>\n<\/tr>\n<\/thead>\n<tbody>\n<tr>\n<th scope=\"col\">Wielko\u015b\u0107 porcji:<\/th>\n<td>2 kapsu\u0142ki<\/td>\n<\/tr>\n<tr>\n<th scope=\"row\">CDP Cholina<\/th>\n<td>200 mg<\/td>\n<\/tr>\n<tr>\n<th scope=\"row\">Ekstrakt z Mi\u0142orz\u0119bu Dwuklapowego:<\/th>\n<td>120 mg<\/td>\n<\/tr>\n<tr>\n<th scope=\"row\">-ginkoflawonoglikozydy<\/th>\n<td>28,8 mg<\/td>\n<\/tr>\n<tr>\n<th scope=\"row\">-laktony terpenowe<\/th>\n<td>7,2 mg<\/td>\n<\/tr>\n<tr>\n<th scope=\"row\">L-Teanina<\/th>\n<td>100 mg<\/td>\n<\/tr>\n<tr>\n<th scope=\"row\">Benfotiamina<\/th>\n<td>100 mg<\/td>\n<\/tr>\n<tr>\n<th scope=\"row\">Kwas alfa-liponowy<\/th>\n<td>100 mg<\/td>\n<\/tr>\n<tr>\n<th scope=\"row\">Ekstrakt z \u017be\u0144-Szenia<\/th>\n<td>70 mg<\/td>\n<\/tr>\n<tr>\n<th scope=\"row\">Uridyna<\/th>\n<td>70 mg<\/td>\n<\/tr>\n<tr>\n<th scope=\"row\">Ekstrakt z R\u00f3\u017ca\u0144ca G\u00f3rskiego:<\/th>\n<td>60 mg<\/td>\n<\/tr>\n<tr>\n<th scope=\"row\">-rozawiny<\/th>\n<td>1,8 mg<\/td>\n<\/tr>\n<tr>\n<th scope=\"row\">-salidrozyd<\/th>\n<td>0,6 mg<\/td>\n<\/tr>\n<tr>\n<th scope=\"row\">Magnez<\/th>\n<td>55 mg (14,7% *RWS)<\/td>\n<\/tr>\n<tr>\n<th scope=\"row\">Witamina B6 (P-5-P)<\/th>\n<td>2 mg (142,8% *RWS)<\/td>\n<\/tr>\n<tr>\n<th scope=\"row\">Witamina D3<\/th>\n<td>50 \u03bcg &#8211; 2000 UI &#8211; (1000% *RWS)<\/td>\n<\/tr>\n<\/tbody>\n<tfoot>\n<tr>\n<td colspan=\"2\"><span class=\"rws\"><i>i<\/i><br \/>\n*RWS \u2013 Referencyjna Warto\u015b\u0107 Spo\u017cycia (dla doros\u0142ych)<br \/>\n<\/span><\/td>\n<\/tr>\n<\/tfoot>\n<\/table>\n<\/div>\n<\/div>\n<div class=\"product-description-container\">\n<h2>Focus Now<\/h2>\n<p>Focus Now to precyzyjnie zaprojektowana formu\u0142a, oparta na synergii sk\u0142adnik\u00f3w o wysokiej biodost\u0119pno\u015bci, kt\u00f3re stanowi\u0105 naturalne elementy budulcowe uk\u0142adu nerwowego. Produkt dostarcza kluczowych prekursor\u00f3w niezb\u0119dnych do utrzymania optymalnej struktury b\u0142on kom\u00f3rkowych oraz wspiera organizm w okresach intensywnego wysi\u0142ku intelektualnego.<br \/>\n<b>Struktura i wsparcie<\/b>: Zawarta w preparacie cytykolina dostarcza choliny i cytydyny \u2013 zwi\u0105zk\u00f3w, kt\u00f3re s\u0105 naturalnymi komponentami fosfolipid\u00f3w wchodz\u0105cych w sk\u0142ad os\u0142onek kom\u00f3rek nerwowych.<br \/>\n<b>Balans i stabilno\u015b\u0107<\/b>: Po\u0142\u0105czenie aminokwas\u00f3w z witaminami z grupy B pomaga w prawid\u0142owym funkcjonowaniu uk\u0142adu nerwowego oraz wspiera utrzymanie prawid\u0142owych funkcji psychologicznych\u00b9.<br \/>\n<b>Energia kom\u00f3rkowa<\/b>: Sk\u0142adniki aktywne uczestnicz\u0105 w naturalnych procesach metabolicznych, wspomagaj\u0105c organizm w zachowaniu sprawno\u015bci umys\u0142owej na w\u0142a\u015bciwym poziomie\u00b2.<br \/>\n\u00b9 Witamina B6 (lub B12) pomaga w prawid\u0142owym funkcjonowaniu uk\u0142adu nerwowego oraz w utrzymaniu prawid\u0142owych funkcji psychologicznych.<br \/>\n\u00b2 Kwas pantotenowy (witamina B5) pomaga w utrzymaniu sprawno\u015bci umys\u0142owej na prawid\u0142owym poziomie.<\/p>\n<h3>Jak stosowa\u0107 Focus Now?<\/h3>\n<p>Przyjmowa\u0107 2 kapsu\u0142ki dziennie na oko\u0142o 30 minut przed aktywno\u015bci\u0105, popijaj\u0105c wod\u0105.<\/p>\n<h3>Sk\u0142adniki<\/h3>\n<p>cdp cholina (cytykolina), ekstrakt z korzenia \u017ce\u0144-szenia w\u0142a\u015bciwego (panax ginseng c. a. mey), ekstrakt z li\u015bci mi\u0142orz\u0119bu dwuklapowego (ginkgo biloba l.), l-teanina, benfotiamina, kwas alfa-liponowy (ala), urydyna, ekstrakt z korzenia r\u00f3\u017ca\u0144ca g\u00f3rskiego (Rhodiola rosea L.), cytrynian magnezu, p-5-p fosforan pirydoksalu (witamina b6), cholekalcyferol (witamina d3), celuloza mikrokrystaliczna (substancja wype\u0142niaj\u0105ca), sole magnezowe kwas\u00f3w t\u0142uszczowych (substancja przeciwzbrylaj\u0105ca), hydroksypropylometyloceluloza (otoczka kapsu\u0142ki).<\/p>\n<h3>Ostrze\u017cenia<\/h3>\n<p>Produkt zosta\u0142 zoptymalizowany pod wzgl\u0119dem bezpiecze\u0144stwa zastosowanych sk\u0142adnik\u00f3w pomocniczych. Produkt nie jest przeznaczony do diagnozowania, leczenia ani zapobiegania chorobom. Kobiety w ci\u0105\u017cy, karmi\u0105ce oraz osoby ze zdiagnozowanymi schorzeniami i przyjmuj\u0105ce leki powinny skonsultowa\u0107 si\u0119 z lekarzem przed zastosowaniem.Nie nale\u017cy przekracza\u0107 zalecanej dziennej porcji. Dla utrzymania prawid\u0142owego stanu zdrowia nale\u017cy stosowa\u0107 zr\u00f3\u017cnicowan\u0105 diet\u0119 i prowadzi\u0107 zdrowy tryb \u017cycia. Suplement diety nie mo\u017ce by\u0107 stosowany jako substytut ( zamiennik ) zr\u00f3\u017cnicowanej diety.<\/p>\n<h3>Przechowywanie<\/h3>\n<p>Przechowywa\u0107 w szczelnie zamkni\u0119tym opakowaniu, w spos\u00f3b niedost\u0119pny dla ma\u0142ych dzieci, w suchym miejscu. Chroni\u0107 przed promieniami s\u0142onecznymi.<\/p>\n<p><img decoding=\"async\" class=\"float-img-left2\" src=\"https:\/\/healthlabspro.com\/pl\/wp-content\/uploads\/2025\/10\/healthlabspro-premium-5238562385623861.png\" alt=\"Health Labs PRO \u2014 producent\" \/><\/p>\n<h3>Producent<\/h3>\n<p>Welli Europe<br \/>\nul. Ho\u017ca 86\/410<br \/>\n00-682 Warszawa<br \/>\ncontact@wellieurope.com<\/p>\n<\/div>\n<\/div>\n","protected":false},"excerpt":{"rendered":"<p>Ilo\u015b\u0107 porcji w opakowaniu: 30 Wielko\u015b\u0107 porcji: 2 kapsu\u0142ki CDP Cholina 200 mg Ekstrakt z Mi\u0142orz\u0119bu Dwuklapowego: 120 mg -ginkoflawonoglikozydy 28,8 mg -laktony terpenowe 7,2 mg L-Teanina 100 mg Benfotiamina 100 mg Kwas alfa-liponowy 100 mg Ekstrakt z \u017be\u0144-Szenia 70 mg Uridyna 70 mg Ekstrakt z R\u00f3\u017ca\u0144ca G\u00f3rskiego: 60 mg -rozawiny 1,8 mg -salidrozyd 0,6 &#8230;<\/p>\n","protected":false},"featured_media":1677,"menu_order":0,"comment_status":"open","ping_status":"closed","template":"","meta":[],"product_brand":[],"product_cat":[185],"product_tag":[],"class_list":{"0":"post-1556","1":"product","2":"type-product","3":"status-publish","4":"has-post-thumbnail","6":"product_cat-sklep","8":"first","9":"outofstock","10":"sale","11":"shipping-taxable","12":"purchasable","13":"product-type-simple"},"_links":{"self":[{"href":"https:\/\/healthlabspro.com\/pl\/wp-json\/wp\/v2\/product\/1556","targetHints":{"allow":["GET"]}}],"collection":[{"href":"https:\/\/healthlabspro.com\/pl\/wp-json\/wp\/v2\/product"}],"about":[{"href":"https:\/\/healthlabspro.com\/pl\/wp-json\/wp\/v2\/types\/product"}],"replies":[{"embeddable":true,"href":"https:\/\/healthlabspro.com\/pl\/wp-json\/wp\/v2\/comments?post=1556"}],"wp:featuredmedia":[{"embeddable":true,"href":"https:\/\/healthlabspro.com\/pl\/wp-json\/wp\/v2\/media\/1677"}],"wp:attachment":[{"href":"https:\/\/healthlabspro.com\/pl\/wp-json\/wp\/v2\/media?parent=1556"}],"wp:term":[{"taxonomy":"product_brand","embeddable":true,"href":"https:\/\/healthlabspro.com\/pl\/wp-json\/wp\/v2\/product_brand?post=1556"},{"taxonomy":"product_cat","embeddable":true,"href":"https:\/\/healthlabspro.com\/pl\/wp-json\/wp\/v2\/product_cat?post=1556"},{"taxonomy":"product_tag","embeddable":true,"href":"https:\/\/healthlabspro.com\/pl\/wp-json\/wp\/v2\/product_tag?post=1556"}],"curies":[{"name":"wp","href":"https:\/\/api.w.org\/{rel}","templated":true}]}}