{"id":1563,"date":"2026-04-17T17:56:44","date_gmt":"2026-04-17T15:56:44","guid":{"rendered":"https:\/\/healthlabspro.com\/pl\/?post_type=product&#038;p=1563"},"modified":"2026-04-21T22:35:35","modified_gmt":"2026-04-21T20:35:35","slug":"witaminy-b-complex-metylowane-wszystkie-b1-b12-kapsulki","status":"publish","type":"product","link":"https:\/\/healthlabspro.com\/pl\/products\/witaminy-b-complex-metylowane-wszystkie-b1-b12-kapsulki\/","title":{"rendered":"Witaminy B COMPLEX Metylowane"},"content":{"rendered":"<div class=\"product-description-container\">\n<div class=\"hlp-table2\">\n<div class=\"card\">\n<table>\n<colgroup>\n<col \/>\n<col \/> <\/colgroup>\n<thead>\n<tr>\n<th scope=\"col\">Ilo\u015b\u0107 porcji w opakowaniu:<\/th>\n<th class=\"value\" scope=\"col\">120<\/th>\n<\/tr>\n<\/thead>\n<tbody>\n<tr>\n<th scope=\"col\">Wielko\u015b\u0107 porcji:<\/th>\n<td>1 kapsu\u0142ka<\/td>\n<\/tr>\n<tr>\n<th scope=\"row\">TMG (bezwodna betaina)<\/th>\n<td>77 mg<\/td>\n<\/tr>\n<tr>\n<th scope=\"row\">Witamina B1 (Chlorowodorek Tiaminy)<\/th>\n<td>38 mg (3455% RWS)<\/td>\n<\/tr>\n<tr>\n<th scope=\"row\">Witamina B2 (Ryboflawina)<\/th>\n<td>31 mg (2214% RWS)<\/td>\n<\/tr>\n<tr>\n<th scope=\"row\">Witamina B3 (Amid kwasu nikotynowego)<\/th>\n<td>77 mg (481% RWS)<\/td>\n<\/tr>\n<tr>\n<th scope=\"row\">Chlorek choliny<\/th>\n<td>77 mg<\/td>\n<\/tr>\n<tr>\n<th scope=\"row\">Witamina B5 (D-pantotenian wapnia)<\/th>\n<td>38 mg (633% RWS)<\/td>\n<\/tr>\n<tr>\n<th scope=\"row\">Witamina B6 (Pirydoksalo-5&#8242;-fosforan P-5-P)<\/th>\n<td>14 mg (1000% RWS)<\/td>\n<\/tr>\n<tr>\n<th scope=\"row\">Witamina B7 (D-Biotyna)<\/th>\n<td>155 mcg (310% RWS)<\/td>\n<\/tr>\n<tr>\n<th scope=\"row\">Inozytol (Mio-Inozytol)<\/th>\n<td>49 mg<\/td>\n<\/tr>\n<tr>\n<th scope=\"row\">Kwas foliowy (L-metylofolian wapnia L-5-MTHF)<\/th>\n<td>520 mcg (260% RWS)<\/td>\n<\/tr>\n<tr>\n<th scope=\"row\">Kwas P-Aminobenzoesowy PABA<\/th>\n<td>77 mg<\/td>\n<\/tr>\n<tr>\n<th scope=\"row\">Witamina B12 (Metylokobalamina)<\/th>\n<td>380 mcg (15200% RWS)<\/td>\n<\/tr>\n<tr>\n<th scope=\"row\">Ekstrakt z pieprzu czarnego:<\/th>\n<td>750 mcg<\/td>\n<\/tr>\n<tr>\n<th scope=\"row\">-piperyna<\/th>\n<td>735 mcg<\/td>\n<\/tr>\n<\/tbody>\n<tfoot>\n<tr>\n<td colspan=\"2\"><span class=\"rws\"><i>i<\/i><br \/>\n*RWS \u2013 Referencyjna Warto\u015b\u0107 Spo\u017cycia (dla doros\u0142ych)<br \/>\n<\/span><\/td>\n<\/tr>\n<\/tfoot>\n<\/table>\n<\/div>\n<\/div>\n<div class=\"product-description-container\">\n<h2>Witaminy B COMPLEX<\/h2>\n<p>Zaawansowany kompleks witamin z grupy B w aktywnych formach, wzbogacony o kofaktory wspieraj\u0105ce metabolizm i uk\u0142ad nerwowy.<\/p>\n<h3>Jak stosowa\u0107 Witaminy B COMPLEX?<\/h3>\n<p>Przyjmowa\u0107 1 kapsu\u0142k\u0119 dziennie <b>podczas posi\u0142ku<\/b>.<\/p>\n<h3>Sk\u0142adniki<\/h3>\n<p>bezwodna betaina, amid kwasu nikotynowego, chlorek choliny, kwas p-aminobenzoesowy, mio-inozytol, chlorowodorek tiaminy, D-pantotenian wapnia, ryboflawina, pirydoksalo-5\u2019-fosforan, ekstrakt z nasion pieprzu czarnego (Piper nigrum), l-metylofolian wapnia, metylokobalamina, d-biotyna, celuloza mikrokrystaliczna, \u017celatyna (otoczka kapsu\u0142ki).<\/p>\n<h3>Ostrze\u017cenia<\/h3>\n<p>Ostrze\u017cenie: Nie nale\u017cy przekracza\u0107 zalecanej dziennej porcji. Nie stosowa\u0107 u dzieci, kobiet w ci\u0105\u017cy i w trakcie laktacji. <b>D\u0142ugotrwa\u0142e przyjmowanie witaminy B6 w dawce powy\u017cej 10 mg mo\u017ce powodowa\u0107 \u0142agodne odczucie mrowienia i zdr\u0119twienia.<\/b> Dla utrzymania prawid\u0142owego stanu zdrowia nale\u017cy stosowa\u0107 zr\u00f3\u017cnicowan\u0105 diet\u0119 i prowadzi\u0107 zdrowy tryb \u017cycia. Suplement diety nie mo\u017ce by\u0107 stosowany jako substytut ( zamiennik ) zr\u00f3\u017cnicowanej diety.<\/p>\n<h3>Przechowywanie<\/h3>\n<p>Przechowywa\u0107 w szczelnie zamkni\u0119tym opakowaniu, w spos\u00f3b niedost\u0119pny dla ma\u0142ych dzieci, w suchym miejscu. Chroni\u0107 przed promieniami s\u0142onecznymi.<\/p>\n<p><img decoding=\"async\" class=\"float-img-left2\" src=\"https:\/\/healthlabspro.com\/pl\/wp-content\/uploads\/2025\/10\/healthlabspro-premium-5238562385623861.png\" alt=\"Health Labs PRO \u2014 producent\" \/><\/p>\n<h3>Producent<\/h3>\n<p>Welli Europe<br \/>\nul. Ho\u017ca 86\/410<br \/>\n00-682 Warszawa<br \/>\ncontact@wellieurope.com<\/p>\n<\/div>\n<\/div>\n","protected":false},"excerpt":{"rendered":"<p>Ilo\u015b\u0107 porcji w opakowaniu: 120 Wielko\u015b\u0107 porcji: 1 kapsu\u0142ka TMG (bezwodna betaina) 77 mg Witamina B1 (Chlorowodorek Tiaminy) 38 mg (3455% RWS) Witamina B2 (Ryboflawina) 31 mg (2214% RWS) Witamina B3 (Amid kwasu nikotynowego) 77 mg (481% RWS) Chlorek choliny 77 mg Witamina B5 (D-pantotenian wapnia) 38 mg (633% RWS) Witamina B6 (Pirydoksalo-5&#8242;-fosforan P-5-P) 14 &#8230;<\/p>\n","protected":false},"featured_media":1564,"menu_order":0,"comment_status":"open","ping_status":"closed","template":"","meta":[],"product_brand":[],"product_cat":[185],"product_tag":[],"class_list":{"0":"post-1563","1":"product","2":"type-product","3":"status-publish","4":"has-post-thumbnail","6":"product_cat-sklep","8":"first","9":"outofstock","10":"sale","11":"shipping-taxable","12":"purchasable","13":"product-type-simple"},"_links":{"self":[{"href":"https:\/\/healthlabspro.com\/pl\/wp-json\/wp\/v2\/product\/1563","targetHints":{"allow":["GET"]}}],"collection":[{"href":"https:\/\/healthlabspro.com\/pl\/wp-json\/wp\/v2\/product"}],"about":[{"href":"https:\/\/healthlabspro.com\/pl\/wp-json\/wp\/v2\/types\/product"}],"replies":[{"embeddable":true,"href":"https:\/\/healthlabspro.com\/pl\/wp-json\/wp\/v2\/comments?post=1563"}],"wp:featuredmedia":[{"embeddable":true,"href":"https:\/\/healthlabspro.com\/pl\/wp-json\/wp\/v2\/media\/1564"}],"wp:attachment":[{"href":"https:\/\/healthlabspro.com\/pl\/wp-json\/wp\/v2\/media?parent=1563"}],"wp:term":[{"taxonomy":"product_brand","embeddable":true,"href":"https:\/\/healthlabspro.com\/pl\/wp-json\/wp\/v2\/product_brand?post=1563"},{"taxonomy":"product_cat","embeddable":true,"href":"https:\/\/healthlabspro.com\/pl\/wp-json\/wp\/v2\/product_cat?post=1563"},{"taxonomy":"product_tag","embeddable":true,"href":"https:\/\/healthlabspro.com\/pl\/wp-json\/wp\/v2\/product_tag?post=1563"}],"curies":[{"name":"wp","href":"https:\/\/api.w.org\/{rel}","templated":true}]}}