{"id":1574,"date":"2026-04-18T19:26:53","date_gmt":"2026-04-18T17:26:53","guid":{"rendered":"https:\/\/healthlabspro.com\/pl\/?post_type=product&#038;p=1574"},"modified":"2026-04-21T22:34:30","modified_gmt":"2026-04-21T20:34:30","slug":"spermidyna-kapsulki","status":"publish","type":"product","link":"https:\/\/healthlabspro.com\/pl\/products\/spermidyna-kapsulki\/","title":{"rendered":"Spermidyna w kapsu\u0142kach"},"content":{"rendered":"<div class=\"product-description-container\">\n<div class=\"hlp-table2\">\n<div class=\"card\">\n<table>\n<colgroup>\n<col \/>\n<col \/> <\/colgroup>\n<thead>\n<tr>\n<th scope=\"col\">Ilo\u015b\u0107 porcji w opakowaniu:<\/th>\n<th class=\"value\" scope=\"col\">60<\/th>\n<\/tr>\n<\/thead>\n<tbody>\n<tr>\n<th scope=\"col\">Wielko\u015b\u0107 porcji:<\/th>\n<td>1 kapsu\u0142ka<\/td>\n<\/tr>\n<th scope=\"col\">Zawarto\u015b\u0107 w:<\/th>\n<td>1 kapsu\u0142ce<\/td>\n<\/tr>\n<tr>\n<th scope=\"row\">Tricholorowodorek Spermidyny:<\/th>\n<td>20 mg<\/td>\n<\/tr>\n<tr>\n<th scope=\"row\">-spermidyna<\/th>\n<td>12 mg<\/td>\n<\/tr>\n<tr>\n<\/tbody>\n<\/table>\n<\/div>\n<\/div>\n<div class=\"product-description-container\">\n<h2>Spermidyna<\/h2>\n<p>Suplement diety, kt\u00f3ry w ka\u017cdej kapsu\u0142ce dostarcza 12 mg czystej spermidyny pozyskanej z 20 mg trichlorowodorku spermidyny.<\/p>\n<h3>Jak stosowa\u0107 Spermidyn\u0119?<\/h3>\n<p>Jako suplement diety przyjmowa\u0107 1 kapsu\u0142k\u0119 dziennie lub wed\u0142ug wskaza\u0144 lekarza.<\/p>\n<h3>Sk\u0142adniki<\/h3>\n<p>trichlorowodorek spermidyny 99%, celuloza mikrokrystaliczna, \u017celatyna (otoczka kapsu\u0142ki).<\/p>\n<h3>Ostrze\u017cenia<\/h3>\n<p>Produkt zosta\u0142 zoptymalizowany pod wzgl\u0119dem bezpiecze\u0144stwa zastosowanych sk\u0142adnik\u00f3w pomocniczych. Nie nale\u017cy przekracza\u0107 zalecanej dziennej porcji. Dla utrzymania prawid\u0142owego stanu zdrowia nale\u017cy stosowa\u0107 zr\u00f3\u017cnicowan\u0105 diet\u0119 i prowadzi\u0107 zdrowy tryb \u017cycia. Suplement diety nie mo\u017ce by\u0107 stosowany jako substytut ( zamiennik ) zr\u00f3\u017cnicowanej diety. <\/p>\n<h3>Przechowywanie<\/h3>\n<p>Przechowywa\u0107 w szczelnie zamkni\u0119tym opakowaniu, w spos\u00f3b niedost\u0119pny dla ma\u0142ych dzieci, w suchym miejscu. Chroni\u0107 przed promieniami s\u0142onecznymi.<\/p>\n<p><img decoding=\"async\" class=\"float-img-left2\" src=\"https:\/\/healthlabspro.com\/pl\/wp-content\/uploads\/2025\/10\/healthlabspro-premium-5238562385623861.png\" alt=\"Health Labs PRO \u2014 producent\" \/><\/p>\n<h3>Producent<\/h3>\n<p>Welli Europe<br \/>\nul. Ho\u017ca 86\/410<br \/>\n00-682 Warszawa<br \/>\ncontact@wellieurope.com<\/p>\n<\/div>\n<\/div>\n","protected":false},"excerpt":{"rendered":"<p>Ilo\u015b\u0107 porcji w opakowaniu: 60 Wielko\u015b\u0107 porcji: 1 kapsu\u0142ka Zawarto\u015b\u0107 w: 1 kapsu\u0142ce Tricholorowodorek Spermidyny: 20 mg -spermidyna 12 mg Spermidyna Suplement diety, kt\u00f3ry w ka\u017cdej kapsu\u0142ce dostarcza 12 mg czystej spermidyny pozyskanej z 20 mg trichlorowodorku spermidyny. Jak stosowa\u0107 Spermidyn\u0119? Jako suplement diety przyjmowa\u0107 1 kapsu\u0142k\u0119 dziennie lub wed\u0142ug wskaza\u0144 lekarza. Sk\u0142adniki trichlorowodorek spermidyny &#8230;<\/p>\n","protected":false},"featured_media":1575,"menu_order":0,"comment_status":"open","ping_status":"closed","template":"","meta":[],"product_brand":[],"product_cat":[185],"product_tag":[],"class_list":{"0":"post-1574","1":"product","2":"type-product","3":"status-publish","4":"has-post-thumbnail","6":"product_cat-sklep","8":"first","9":"outofstock","10":"sale","11":"shipping-taxable","12":"purchasable","13":"product-type-simple"},"_links":{"self":[{"href":"https:\/\/healthlabspro.com\/pl\/wp-json\/wp\/v2\/product\/1574","targetHints":{"allow":["GET"]}}],"collection":[{"href":"https:\/\/healthlabspro.com\/pl\/wp-json\/wp\/v2\/product"}],"about":[{"href":"https:\/\/healthlabspro.com\/pl\/wp-json\/wp\/v2\/types\/product"}],"replies":[{"embeddable":true,"href":"https:\/\/healthlabspro.com\/pl\/wp-json\/wp\/v2\/comments?post=1574"}],"wp:featuredmedia":[{"embeddable":true,"href":"https:\/\/healthlabspro.com\/pl\/wp-json\/wp\/v2\/media\/1575"}],"wp:attachment":[{"href":"https:\/\/healthlabspro.com\/pl\/wp-json\/wp\/v2\/media?parent=1574"}],"wp:term":[{"taxonomy":"product_brand","embeddable":true,"href":"https:\/\/healthlabspro.com\/pl\/wp-json\/wp\/v2\/product_brand?post=1574"},{"taxonomy":"product_cat","embeddable":true,"href":"https:\/\/healthlabspro.com\/pl\/wp-json\/wp\/v2\/product_cat?post=1574"},{"taxonomy":"product_tag","embeddable":true,"href":"https:\/\/healthlabspro.com\/pl\/wp-json\/wp\/v2\/product_tag?post=1574"}],"curies":[{"name":"wp","href":"https:\/\/api.w.org\/{rel}","templated":true}]}}