{"id":1588,"date":"2026-04-18T21:52:03","date_gmt":"2026-04-18T19:52:03","guid":{"rendered":"https:\/\/healthlabspro.com\/pl\/?post_type=product&#038;p=1588"},"modified":"2026-04-28T10:29:51","modified_gmt":"2026-04-28T08:29:51","slug":"berberyna-na-dzien-siarczan-complex-kapsulki","status":"publish","type":"product","link":"https:\/\/healthlabspro.com\/pl\/products\/berberyna-na-dzien-siarczan-complex-kapsulki\/","title":{"rendered":"Berberyna na dzie\u0144 Siarczan Complex"},"content":{"rendered":"<div class=\"product-description-container\">\n<div class=\"hlp-table2\">\n<div class=\"card\">\n<table>\n<colgroup>\n<col \/>\n<col \/> <\/colgroup>\n<thead>\n<tr>\n<th scope=\"col\">Ilo\u015b\u0107 porcji w opakowaniu:<\/th>\n<th class=\"value\" scope=\"col\">45<\/th>\n<\/tr>\n<\/thead>\n<tbody>\n<tr>\n<th scope=\"col\">Wielko\u015b\u0107 porcji:<\/th>\n<td>2 kapsu\u0142ki<\/td>\n<\/tr>\n<th scope=\"col\">Zawarto\u015b\u0107 w:<\/th>\n<td>2 kapsu\u0142kach<\/td>\n<\/tr>\n<tr>\n<th scope=\"row\">Ekstrakt z berberysu:<\/th>\n<td>500 mg<\/td>\n<\/tr>\n<tr>\n<th scope=\"row\">-berberyna HCl<\/th>\n<td>490 mg<\/td>\n<\/tr>\n<tr>\n<th scope=\"row\">Kwas alfa-liponowy<\/th>\n<td>120 mg<\/td>\n<\/tr>\n<tr>\n<th scope=\"row\">Trans Pterostylben<\/th>\n<td>60 mg<\/td>\n<\/tr>\n<tr>\n<th scope=\"row\">Chrom<\/th>\n<td>200 \u03bcg (500% *RWS)<\/td>\n<\/tr>\n<\/tbody>\n<tfoot>\n<tr>\n<td colspan=\"2\"><span class=\"rws\"><i>i<\/i><br \/>\n*RWS \u2013 Referencyjna Warto\u015b\u0107 Spo\u017cycia (dla doros\u0142ych)<br \/>\n<\/span><\/td>\n<\/tr>\n<\/tfoot>\n<\/table>\n<\/div>\n<\/div>\n<div class=\"product-description-container\">\n<h2>Berberyna na dzie\u0144 siarczan<\/h2>\n<p>Berberyna na dzie\u0144 siarczan to zaawansowana formu\u0142a metaboliczna \u0142\u0105cz\u0105ca siarczan berberyny, kwas alfa-liponowy, pterostylben oraz chrom, kt\u00f3re wspieraj\u0105 prawid\u0142owy metabolizm glukozy i lipid\u00f3w. Forma siarczanu charakteryzuje si\u0119 wysok\u0105 stabilno\u015bci\u0105 i jest optymalnym wyborem dla os\u00f3b o wra\u017cliwym uk\u0142adzie pokarmowym, ze wzgl\u0119du na swoj\u0105 specyficzn\u0105 kinetyk\u0119 uwalniania.<\/p>\n<h3>Jak stosowa\u0107 Berberyna na dzie\u0144 siarczan?<\/h3>\n<p>Jako suplement diety przyjmowa\u0107 2 kapsu\u0142ki dziennie podczas posi\u0142ku lub wed\u0142ug wskaza\u0144 lekarza.<\/p>\n<h3>Sk\u0142adniki<\/h3>\n<p>ekstrakt z korzenia berberysu (berberis aristata) standaryzowany na 98% siarczanu berberyny, kwas alfa-liponowy, pterostylben, pikolinian chromu, celuloza mikrokrystaliczna (substancja wype\u0142niaj\u0105ca) , sole magnezowe kwas\u00f3w t\u0142uszczowych (substancja przeciwzbrylaj\u0105ca), \u017celatyna (otoczka kapsu\u0142ki).<\/p>\n<h3>Ostrze\u017cenia<\/h3>\n<p>Produkt zosta\u0142 zoptymalizowany pod wzgl\u0119dem bezpiecze\u0144stwa zastosowanych sk\u0142adnik\u00f3w pomocniczych. W przypadku zdiagnozowanych schorze\u0144 lub stosowania lek\u00f3w przed spo\u017cyciem zalecana konsultacja lekarska. Nie nale\u017cy przekracza\u0107 zalecanej dziennej porcji. Dla utrzymania prawid\u0142owego stanu zdrowia nale\u017cy stosowa\u0107 zr\u00f3\u017cnicowan\u0105 diet\u0119 i prowadzi\u0107 zdrowy tryb \u017cycia. Suplement diety nie mo\u017ce by\u0107 stosowany jako substytut ( zamiennik ) zr\u00f3\u017cnicowanej diety. <\/p>\n<h3>Przechowywanie<\/h3>\n<p>Przechowywa\u0107 w temperaturze pokojowej. Przechowywa\u0107 w miejscu niedost\u0119pnym dla dzieci.<\/p>\n<p><img decoding=\"async\" class=\"float-img-left2\" src=\"https:\/\/healthlabspro.com\/pl\/wp-content\/uploads\/2025\/10\/healthlabspro-premium-5238562385623861.png\" alt=\"Health Labs PRO \u2014 producent\" \/><\/p>\n<h3>Producent<\/h3>\n<p>Welli Europe<br \/>\nul. Ho\u017ca 86\/410<br \/>\n00-682 Warszawa<br \/>\ncontact@wellieurope.com<\/p>\n<\/div>\n<\/div>\n","protected":false},"excerpt":{"rendered":"<p>Ilo\u015b\u0107 porcji w opakowaniu: 45 Wielko\u015b\u0107 porcji: 2 kapsu\u0142ki Zawarto\u015b\u0107 w: 2 kapsu\u0142kach Ekstrakt z berberysu: 500 mg -berberyna HCl 490 mg Kwas alfa-liponowy 120 mg Trans Pterostylben 60 mg Chrom 200 \u03bcg (500% *RWS) i *RWS \u2013 Referencyjna Warto\u015b\u0107 Spo\u017cycia (dla doros\u0142ych) Berberyna na dzie\u0144 siarczan Berberyna na dzie\u0144 siarczan to zaawansowana formu\u0142a metaboliczna &#8230;<\/p>\n","protected":false},"featured_media":1586,"menu_order":0,"comment_status":"open","ping_status":"closed","template":"","meta":[],"product_brand":[],"product_cat":[185],"product_tag":[],"class_list":{"0":"post-1588","1":"product","2":"type-product","3":"status-publish","4":"has-post-thumbnail","6":"product_cat-sklep","8":"first","9":"outofstock","10":"sale","11":"shipping-taxable","12":"purchasable","13":"product-type-simple"},"_links":{"self":[{"href":"https:\/\/healthlabspro.com\/pl\/wp-json\/wp\/v2\/product\/1588","targetHints":{"allow":["GET"]}}],"collection":[{"href":"https:\/\/healthlabspro.com\/pl\/wp-json\/wp\/v2\/product"}],"about":[{"href":"https:\/\/healthlabspro.com\/pl\/wp-json\/wp\/v2\/types\/product"}],"replies":[{"embeddable":true,"href":"https:\/\/healthlabspro.com\/pl\/wp-json\/wp\/v2\/comments?post=1588"}],"wp:featuredmedia":[{"embeddable":true,"href":"https:\/\/healthlabspro.com\/pl\/wp-json\/wp\/v2\/media\/1586"}],"wp:attachment":[{"href":"https:\/\/healthlabspro.com\/pl\/wp-json\/wp\/v2\/media?parent=1588"}],"wp:term":[{"taxonomy":"product_brand","embeddable":true,"href":"https:\/\/healthlabspro.com\/pl\/wp-json\/wp\/v2\/product_brand?post=1588"},{"taxonomy":"product_cat","embeddable":true,"href":"https:\/\/healthlabspro.com\/pl\/wp-json\/wp\/v2\/product_cat?post=1588"},{"taxonomy":"product_tag","embeddable":true,"href":"https:\/\/healthlabspro.com\/pl\/wp-json\/wp\/v2\/product_tag?post=1588"}],"curies":[{"name":"wp","href":"https:\/\/api.w.org\/{rel}","templated":true}]}}