{"id":1590,"date":"2026-04-18T22:00:58","date_gmt":"2026-04-18T20:00:58","guid":{"rendered":"https:\/\/healthlabspro.com\/pl\/?post_type=product&#038;p=1590"},"modified":"2026-04-21T22:34:01","modified_gmt":"2026-04-21T20:34:01","slug":"berberyna-na-noc-complex-kapsulki","status":"publish","type":"product","link":"https:\/\/healthlabspro.com\/pl\/products\/berberyna-na-noc-complex-kapsulki\/","title":{"rendered":"Berberyna na noc Complex"},"content":{"rendered":"<div class=\"product-description-container\">\n<div class=\"hlp-table2\">\n<div class=\"card\">\n<table>\n<colgroup>\n<col \/>\n<col \/> <\/colgroup>\n<thead>\n<tr>\n<th scope=\"col\">Ilo\u015b\u0107 porcji w opakowaniu:<\/th>\n<th class=\"value\" scope=\"col\">45<\/th>\n<\/tr>\n<\/thead>\n<tbody>\n<tr>\n<th scope=\"col\">Wielko\u015b\u0107 porcji:<\/th>\n<td>2 kapsu\u0142ki<\/td>\n<\/tr>\n<th scope=\"col\">Zawarto\u015b\u0107 w:<\/th>\n<td>2 kapsu\u0142kach<\/td>\n<\/tr>\n<tr>\n<th scope=\"row\">Ekstrakt z berberysu:<\/th>\n<td>400 mg<\/td>\n<\/tr>\n<tr>\n<th scope=\"row\">-berberyna HCl<\/th>\n<td>388 mg<\/td>\n<\/tr>\n<tr>\n<th scope=\"row\">Benfotiamina<\/th>\n<td>160 mg<\/td>\n<\/tr>\n<tr>\n<th scope=\"row\">Ekstrakt z morwy bia\u0142ej:<\/th>\n<td>160 mg<\/td>\n<\/tr>\n<tr>\n<th scope=\"row\">-DNJ<\/th>\n<td>1,6 mg<\/td>\n<\/tr>\n<tr>\n<th scope=\"row\">Ekstrakt z gymnemy sylwestrowej:<\/th>\n<td>120 mg<\/td>\n<\/tr>\n<tr>\n<th scope=\"row\">-kwasy gynemowe<\/th>\n<td>60 mg<\/td>\n<\/tr>\n<tr>\n<th scope=\"row\">Ekstrakt z ashwagandhy:<\/th>\n<td>120 mg<\/td>\n<\/tr>\n<tr>\n<th scope=\"row\">-witanolidy<\/th>\n<td>60 mg<\/td>\n<\/tr>\n<\/tbody>\n<\/table>\n<\/div>\n<\/div>\n<div class=\"product-description-container\">\n<h2>Berberyna na Noc<\/h2>\n<p>Berberyna na Noc to kompleks regeneracyjno-metaboliczny, kt\u00f3ry dzi\u0119ki po\u0142\u0105czeniu berberyny HCl, morwy bia\u0142ej i gymnemy sylvestre wspiera prawid\u0142owy metabolizm w\u0119glowodan\u00f3w oraz pomaga w utrzymaniu stabilnego poziomu cukru po ostatnim posi\u0142ku. Suplement idealnym rozwi\u0105zaniem dla os\u00f3b dbaj\u0105cych o profilaktyk\u0119 glikemii i kontrol\u0119 wieczornego apetytu.<\/p>\n<h3>Jak stosowa\u0107 Berberyn\u0119 na Noc?<\/h3>\n<p>Jako suplement diety przyjmowa\u0107 2 kapsu\u0142ki 30 minut przed snem lub wed\u0142ug wskaza\u0144 lekarza. <\/p>\n<h3>Sk\u0142adniki<\/h3>\n<p>ekstrakt z korzenia berberysu (berberis aristata) standaryzowany na 97% chlorowodorku berberyny, benfotiamina, ekstrakt z li\u015bci morwy bia\u0142ej (folium mori) standaryzowany na 1% DNJ (no\u015bnik: maltodekstryna), ekstrakt z li\u015bci gymnemy sylwestrowej (gymnema sylvestre) standaryzowany na 50% kwas\u00f3w gymnemowych (no\u015bnik: maltodekstryna), ekstrakt z korzenia ashwagandhy (withania somnifera) standaryzowany na 5% witanolid\u00f3w, celuloza mikrokrystaliczna (substancja wype\u0142niaj\u0105ca) , sole magnezowe kwas\u00f3w t\u0142uszczowych (substancja przeciwzbrylaj\u0105ca), \u017celatyna (otoczka kapsu\u0142ki).<\/p>\n<h3>Ostrze\u017cenia<\/h3>\n<p>Produkt zosta\u0142 zoptymalizowany pod wzgl\u0119dem bezpiecze\u0144stwa zastosowanych sk\u0142adnik\u00f3w pomocniczych. W przypadku zdiagnozowanych schorze\u0144 lub stosowania lek\u00f3w przed spo\u017cyciem zalecana konsultacja lekarska. Nie nale\u017cy przekracza\u0107 zalecanej dziennej porcji. Dla utrzymania prawid\u0142owego stanu zdrowia nale\u017cy stosowa\u0107 zr\u00f3\u017cnicowan\u0105 diet\u0119 i prowadzi\u0107 zdrowy tryb \u017cycia. Suplement diety nie mo\u017ce by\u0107 stosowany jako substytut ( zamiennik ) zr\u00f3\u017cnicowanej diety.<\/p>\n<h3>Przechowywanie<\/h3>\n<p>Przechowywa\u0107 w temperaturze pokojowej. Przechowywa\u0107 w miejscu niedost\u0119pnym dla dzieci.<\/p>\n<p><img decoding=\"async\" class=\"float-img-left2\" src=\"https:\/\/healthlabspro.com\/pl\/wp-content\/uploads\/2025\/10\/healthlabspro-premium-5238562385623861.png\" alt=\"Health Labs PRO \u2014 producent\" \/><\/p>\n<h3>Producent<\/h3>\n<p>Welli Europe<br \/>\nul. Ho\u017ca 86\/410<br \/>\n00-682 Warszawa<br \/>\ncontact@wellieurope.com<\/p>\n<\/div>\n<\/div>\n","protected":false},"excerpt":{"rendered":"<p>Ilo\u015b\u0107 porcji w opakowaniu: 45 Wielko\u015b\u0107 porcji: 2 kapsu\u0142ki Zawarto\u015b\u0107 w: 2 kapsu\u0142kach Ekstrakt z berberysu: 400 mg -berberyna HCl 388 mg Benfotiamina 160 mg Ekstrakt z morwy bia\u0142ej: 160 mg -DNJ 1,6 mg Ekstrakt z gymnemy sylwestrowej: 120 mg -kwasy gynemowe 60 mg Ekstrakt z ashwagandhy: 120 mg -witanolidy 60 mg Berberyna na Noc &#8230;<\/p>\n","protected":false},"featured_media":1592,"menu_order":0,"comment_status":"open","ping_status":"closed","template":"","meta":[],"product_brand":[],"product_cat":[185],"product_tag":[],"class_list":{"0":"post-1590","1":"product","2":"type-product","3":"status-publish","4":"has-post-thumbnail","6":"product_cat-sklep","8":"first","9":"outofstock","10":"shipping-taxable","11":"purchasable","12":"product-type-simple"},"_links":{"self":[{"href":"https:\/\/healthlabspro.com\/pl\/wp-json\/wp\/v2\/product\/1590","targetHints":{"allow":["GET"]}}],"collection":[{"href":"https:\/\/healthlabspro.com\/pl\/wp-json\/wp\/v2\/product"}],"about":[{"href":"https:\/\/healthlabspro.com\/pl\/wp-json\/wp\/v2\/types\/product"}],"replies":[{"embeddable":true,"href":"https:\/\/healthlabspro.com\/pl\/wp-json\/wp\/v2\/comments?post=1590"}],"wp:featuredmedia":[{"embeddable":true,"href":"https:\/\/healthlabspro.com\/pl\/wp-json\/wp\/v2\/media\/1592"}],"wp:attachment":[{"href":"https:\/\/healthlabspro.com\/pl\/wp-json\/wp\/v2\/media?parent=1590"}],"wp:term":[{"taxonomy":"product_brand","embeddable":true,"href":"https:\/\/healthlabspro.com\/pl\/wp-json\/wp\/v2\/product_brand?post=1590"},{"taxonomy":"product_cat","embeddable":true,"href":"https:\/\/healthlabspro.com\/pl\/wp-json\/wp\/v2\/product_cat?post=1590"},{"taxonomy":"product_tag","embeddable":true,"href":"https:\/\/healthlabspro.com\/pl\/wp-json\/wp\/v2\/product_tag?post=1590"}],"curies":[{"name":"wp","href":"https:\/\/api.w.org\/{rel}","templated":true}]}}