{"id":1596,"date":"2026-04-18T22:21:36","date_gmt":"2026-04-18T20:21:36","guid":{"rendered":"https:\/\/healthlabspro.com\/pl\/?post_type=product&#038;p=1596"},"modified":"2026-05-05T19:34:46","modified_gmt":"2026-05-05T17:34:46","slug":"kolagen-rybi-o-smaku-owocowym","status":"publish","type":"product","link":"https:\/\/healthlabspro.com\/pl\/products\/kolagen-rybi-o-smaku-owocowym\/","title":{"rendered":"Kolagen rybi o smaku owocowym"},"content":{"rendered":"<div class=\"product-description-container\">\n<div class=\"hlp-table2\">\n<div class=\"card\">\n<table>\n<colgroup>\n<col \/>\n<col \/> <\/colgroup>\n<thead>\n<tr>\n<th scope=\"col\">Ilo\u015b\u0107 porcji w opakowaniu:<\/th>\n<th class=\"value\" scope=\"col\">30 (334 g proszku)<\/th>\n<\/tr>\n<\/thead>\n<tbody>\n<tr>\n<th scope=\"col\">Wielko\u015b\u0107 porcji:<\/th>\n<td>11,1G (2 miarki)<\/td>\n<\/tr>\n<tr>\n<th scope=\"col\">Smak:<\/th>\n<td>owocowy<\/td>\n<\/tr>\n<tr>\n<th scope=\"col\">Zawarto\u015b\u0107 w:<\/th>\n<td>2 miarkach<\/td>\n<\/tr>\n<tr>\n<th scope=\"row\"><b style=\"color: #0074d9;\">KOLAGEN RYBI<\/b><\/th>\n<td>10 000 mg<\/td>\n<\/tr>\n<tr>\n<th scope=\"row\">Kwas hialuronowy<\/th>\n<td>120 mg<\/td>\n<\/tr>\n<tr>\n<th scope=\"row\">Witamina C<\/th>\n<td>80 mg (100% *RWS)<\/td>\n<\/tr>\n<tr>\n<th scope=\"row\">Cynk<\/th>\n<td>10 mg (100% *RWS)<\/td>\n<\/tr>\n<tr>\n<th scope=\"row\">Witamina D3<\/th>\n<td>50 \u03bcg &#8211; 2000 UI (1000% *RWS)<\/td>\n<\/tr>\n<tr>\n<th scope=\"row\">Biotyna<\/th>\n<td>2500 \u03bcg (5000% *RWS)<\/td>\n<\/tr>\n<\/tbody>\n<tfoot>\n<tr>\n<td colspan=\"2\"><span class=\"rws\"><i>i<\/i><br \/>\n*RWS \u2013 Referencyjna Warto\u015b\u0107 Spo\u017cycia (dla doros\u0142ych)<br \/>\n<\/span><\/td>\n<\/tr>\n<\/tfoot>\n<\/table>\n<\/div>\n<\/div>\n<p><b>Suplement diety Kolagen rybi HealthLabsPro<\/b> bazuje na wysokiej jako\u015bci kolagenie pozyskiwanym ze \u017ar\u00f3de\u0142 certyfikowanych przez Friend of the Sea\u00ae oraz Best Aquaculture Practices (BAP)[5]. Witamina D pomaga w utrzymaniu zdrowych ko\u015bci [1]. Biotyna i cynk pomagaj\u0105 zachowa\u0107 zdrow\u0105 sk\u00f3r\u0119 i zdrowe w\u0142osy, a cynk dodatkowo pomaga zachowa\u0107 zdrowe paznokcie [2]. Witamina C pomaga w prawid\u0142owej produkcji kolagenu w celu zapewnienia prawid\u0142owego funkcjonowania sk\u00f3ry i chrz\u0105stki [3]. Dodatkowo sk\u0142ad wzbogacono o kwas hialuronowy, kt\u00f3ry jest naturalnym sk\u0142adnikiem tkanki \u0142\u0105cznej i sk\u00f3ry [4].<\/p>\n<h3>Jak stosowa\u0107 kolagen rybi?<\/h3>\n<p>Spos\u00f3b przygotowania: 2 miarki proszku wymiesza\u0107 w 150\u2013250 ml wody (zale\u017cnie od preferowanej intensywno\u015bci smaku) i spo\u017cy\u0107 zaraz po przyrz\u0105dzeniu. Przy trudno\u015bciach z rozpuszczaniem zaleca si\u0119 u\u017cycie shakera.<\/p>\n<h3>Sk\u0142adniki<\/h3>\n<p><b>kolagen rybi<\/b>, regulator kwasowo\u015bci (kwas cytrynowy), aromaty, kwas hialuronowy, kwas l-askorbinowy (witamina c), pikolinian cynku, cholekalcyferol (witamina d3), d-biotyna, substancja s\u0142odz\u0105ca (sukraloza).<\/p>\n<h3>Ostrze\u017cenia<\/h3>\n<p>Produkt zawiera <b>ryby<\/b>. Ponadto produkt mo\u017ce zawiera\u0107: <b>mleko, soj\u0119 oraz zbo\u017ca zawieraj\u0105ce gluten, mi\u0119czaki i orzeszki ziemne<\/b>. Nie stosowa\u0107 w przypadku uczulenia na kt\u00f3rykolwiek ze sk\u0142adnik\u00f3w produktu. Produkt przeznaczony dla zdrowych os\u00f3b doros\u0142ych do 75 roku \u017cycia. Przed zastosowaniem wskazane jest wykonanie badania 25-(OH)D we krwi oraz konsultacja wyniku z lekarzem lub farmaceut\u0105. Nie stosowa\u0107 u dzieci, kobiet w ci\u0105\u017cy i w trakcie laktacji. Nie nale\u017cy przekracza\u0107 zalecanej dziennej porcji do spo\u017cycia. Suplement diety nie mo\u017ce by\u0107 stosowany jako substytut (zamiennik) zr\u00f3\u017cnicowanej diety. Dla utrzymania prawid\u0142owego stanu zdrowia nale\u017cy stosowa\u0107 zr\u00f3\u017cnicowan\u0105 diet\u0119 i prowadzi\u0107 zdrowy tryb \u017cycia.<\/p>\n<h3>Przechowywanie<\/h3>\n<p>Przechowywa\u0107 w dobrze dokr\u0119conym opakowaniu, w suchym i ch\u0142odnym miejscu, niedost\u0119pnym dla ma\u0142ych dzieci. Chroni\u0107 przed \u015bwiat\u0142em i wilgoci\u0105. Produkt ma w\u0142a\u015bciwo\u015bci higroskopijne \u2013 w przypadku zbrylenia wystarczy intensywnie wymiesza\u0107 proszek. Nie wp\u0142ywa to na jego jako\u015b\u0107 i dzia\u0142anie. Po otwarciu spo\u017cy\u0107 w przeci\u0105gu 3 miesi\u0119cy.<\/p>\n<h3>Przypisy<\/h3>\n<p>[1] Witamina D: Pomaga w utrzymaniu zdrowych ko\u015bci oraz w prawid\u0142owym wch\u0142anianiu wapnia i fosforu (na podstawie Rozporz\u0105dzenia Komisji (UE) nr 432\/2012).<br \/>\n[2] Cynk i Biotyna: Pomagaj\u0105 zachowa\u0107 zdrow\u0105 sk\u00f3r\u0119 i w\u0142osy, a cynk dodatkowo wspiera utrzymanie zdrowych paznokci oraz ochron\u0119 kom\u00f3rek przed stresem oksydacyjnym (na podstawie Rozporz\u0105dzenia Komisji (UE) nr 432\/2012).<br \/>\n[3] Witamina C: Pomaga w prawid\u0142owej produkcji kolagenu w celu zapewnienia prawid\u0142owego funkcjonowania sk\u00f3ry, naczy\u0144 krwiono\u015bnych oraz chrz\u0105stki (na podstawie Rozporz\u0105dzenia Komisji (UE) nr 432\/2012).<br \/>\n[4] Kwas hialuronowy: Kluczowa cz\u0105steczka zaanga\u017cowana w nawil\u017canie sk\u00f3ry i utrzymanie struktury macierzy pozakom\u00f3rkowej (na podstawie: Papakonstantinou E. i in., Hyaluronic acid: A key molecule in skin aging, Dermato-Endocrinology 4:3, 253-258, 2012).<br \/>\n[5] Kolagen rybi (sk\u0142adnik g\u0142\u00f3wny): Wysoka jako\u015b\u0107 surowca jest potwierdzona certyfikacj\u0105 Friend of the Sea\u00ae oraz Best Aquaculture Practices (BAP), co gwarantuje pe\u0142n\u0105 identyfikowalno\u015b\u0107 produktu, bezpiecze\u0144stwo \u015brodowiskowe oraz przestrzeganie rygorystycznych standard\u00f3w produkcji i pozyskiwania surowc\u00f3w morskich.<br \/>\n[inne] O\u015bwiadczenia og\u00f3lne (nieswoiste) dotycz\u0105ce zdrowia zamieszczone na froncie opakowania s\u0105 powi\u0105zane za pomoc\u0105 indeks\u00f3w g\u00f3rnych z odpowiadaj\u0105cymi im pe\u0142nymi tre\u015bciami o\u015bwiadcze\u0144 zdrowotnych znajduj\u0105cych si\u0119 w bocznym panelu etykiety (zgodnie z art. 10 ust. 3 Rozporz\u0105dzenia (WE) nr 1924\/2006).<\/p>\n<p><img decoding=\"async\" class=\"float-img-left2\" src=\"https:\/\/healthlabspro.com\/pl\/wp-content\/uploads\/2025\/10\/healthlabspro-premium-5238562385623861.png\" alt=\"Health Labs PRO \u2014 producent\" \/><\/p>\n<h3>Producent<\/h3>\n<p>Welli Europe<br \/>\nul. Ho\u017ca 86\/410<br \/>\n00-682 Warszawa<br \/>\ncontact@wellieurope.com<\/p>\n<\/div>\n","protected":false},"excerpt":{"rendered":"<p>Ilo\u015b\u0107 porcji w opakowaniu: 30 (334 g proszku) Wielko\u015b\u0107 porcji: 11,1G (2 miarki) Smak: owocowy Zawarto\u015b\u0107 w: 2 miarkach KOLAGEN RYBI 10 000 mg Kwas hialuronowy 120 mg Witamina C 80 mg (100% *RWS) Cynk 10 mg (100% *RWS) Witamina D3 50 \u03bcg &#8211; 2000 UI (1000% *RWS) Biotyna 2500 \u03bcg (5000% *RWS) i *RWS &#8230;<\/p>\n","protected":false},"featured_media":1736,"menu_order":0,"comment_status":"open","ping_status":"closed","template":"","meta":[],"product_brand":[],"product_cat":[185],"product_tag":[],"class_list":{"0":"post-1596","1":"product","2":"type-product","3":"status-publish","4":"has-post-thumbnail","6":"product_cat-sklep","8":"first","9":"outofstock","10":"shipping-taxable","11":"purchasable","12":"product-type-simple"},"_links":{"self":[{"href":"https:\/\/healthlabspro.com\/pl\/wp-json\/wp\/v2\/product\/1596","targetHints":{"allow":["GET"]}}],"collection":[{"href":"https:\/\/healthlabspro.com\/pl\/wp-json\/wp\/v2\/product"}],"about":[{"href":"https:\/\/healthlabspro.com\/pl\/wp-json\/wp\/v2\/types\/product"}],"replies":[{"embeddable":true,"href":"https:\/\/healthlabspro.com\/pl\/wp-json\/wp\/v2\/comments?post=1596"}],"wp:featuredmedia":[{"embeddable":true,"href":"https:\/\/healthlabspro.com\/pl\/wp-json\/wp\/v2\/media\/1736"}],"wp:attachment":[{"href":"https:\/\/healthlabspro.com\/pl\/wp-json\/wp\/v2\/media?parent=1596"}],"wp:term":[{"taxonomy":"product_brand","embeddable":true,"href":"https:\/\/healthlabspro.com\/pl\/wp-json\/wp\/v2\/product_brand?post=1596"},{"taxonomy":"product_cat","embeddable":true,"href":"https:\/\/healthlabspro.com\/pl\/wp-json\/wp\/v2\/product_cat?post=1596"},{"taxonomy":"product_tag","embeddable":true,"href":"https:\/\/healthlabspro.com\/pl\/wp-json\/wp\/v2\/product_tag?post=1596"}],"curies":[{"name":"wp","href":"https:\/\/api.w.org\/{rel}","templated":true}]}}