{"id":1602,"date":"2026-04-18T22:43:08","date_gmt":"2026-04-18T20:43:08","guid":{"rendered":"https:\/\/healthlabspro.com\/pl\/?post_type=product&#038;p=1602"},"modified":"2026-04-21T22:33:50","modified_gmt":"2026-04-21T20:33:50","slug":"nac-n-acetylo-l-cysteina-proszek","status":"publish","type":"product","link":"https:\/\/healthlabspro.com\/pl\/products\/nac-n-acetylo-l-cysteina-proszek\/","title":{"rendered":"NAC (N-acetylo-L-cysteina) Proszek"},"content":{"rendered":"<div class=\"product-description-container\">\n<div class=\"hlp-table2\">\n<div class=\"card\">\n<table>\n<colgroup>\n<col \/>\n<col \/> <\/colgroup>\n<thead>\n<tr>\n<th scope=\"col\">Ilo\u015b\u0107 porcji w opakowaniu:<\/th>\n<th class=\"value\" scope=\"col\">30<\/th>\n<\/tr>\n<\/thead>\n<tbody>\n<tr>\n<th scope=\"col\">Wielko\u015b\u0107 porcji:<\/th>\n<td>1 miarka<\/td>\n<\/tr>\n<th scope=\"col\">Zawarto\u015b\u0107 w:<\/th>\n<td>1 miarce<\/td>\n<\/tr>\n<tr>\n<th scope=\"row\">N-acetylo-L-cysteina<\/th>\n<td>300 mg<\/td>\n<\/tr>\n<\/tbody>\n<\/table>\n<\/div>\n<\/div>\n<div class=\"product-description-container\">\n<h2>NAC proszek<\/h2>\n<p>N-acetylo-L-cysteina (NAC) to stabilna forma aminokwasu L-cysteiny stanowi\u0105ca prekursor glutationu \u2013 jednego z kluczowych antyoksydant\u00f3w w organizmie. Suplement w proszku pozwala w \u0142atwy spos\u00f3b uzupe\u0142nia\u0107 diet\u0119 w ten zwi\u0105zek.<\/p>\n<h3>Jak stosowa\u0107 NAC?<\/h3>\n<p>Wsypa\u0107 1 miark\u0119 proszku do szklanki z ok. 150 ml wody, dok\u0142adnie wymiesza\u0107 i spo\u017cy\u0107 przed lub w trakcie posi\u0142ku.<\/p>\n<h3>Sk\u0142adniki<\/h3>\n<p>N-acetylo-L-cysteina<\/p>\n<h3>Ostrze\u017cenia<\/h3>\n<p>Nie nale\u017cy przekracza\u0107 zalecanej dziennej porcji. Dla utrzymania prawid\u0142owego stanu zdrowia nale\u017cy stosowa\u0107 zr\u00f3\u017cnicowan\u0105 diet\u0119 i prowadzi\u0107 zdrowy tryb \u017cycia. Suplement diety nie mo\u017ce by\u0107 stosowany jako substytut ( zamiennik ) zr\u00f3\u017cnicowanej diety. <\/p>\n<h3>Przechowywanie<\/h3>\n<p>Przechowywa\u0107 w temperaturze pokojowej. Przechowywa\u0107 w miejscu niedost\u0119pnym dla dzieci.<\/p>\n<p><img decoding=\"async\" class=\"float-img-left2\" src=\"https:\/\/healthlabspro.com\/pl\/wp-content\/uploads\/2025\/10\/healthlabspro-premium-5238562385623861.png\" alt=\"Health Labs PRO \u2014 producent\" \/><\/p>\n<h3>Producent<\/h3>\n<p>Welli Europe<br \/>\nul. Ho\u017ca 86\/410<br \/>\n00-682 Warszawa<br \/>\ncontact@wellieurope.com<\/p>\n<\/div>\n<\/div>\n","protected":false},"excerpt":{"rendered":"<p>Ilo\u015b\u0107 porcji w opakowaniu: 30 Wielko\u015b\u0107 porcji: 1 miarka Zawarto\u015b\u0107 w: 1 miarce N-acetylo-L-cysteina 300 mg NAC proszek N-acetylo-L-cysteina (NAC) to stabilna forma aminokwasu L-cysteiny stanowi\u0105ca prekursor glutationu \u2013 jednego z kluczowych antyoksydant\u00f3w w organizmie. Suplement w proszku pozwala w \u0142atwy spos\u00f3b uzupe\u0142nia\u0107 diet\u0119 w ten zwi\u0105zek. Jak stosowa\u0107 NAC? Wsypa\u0107 1 miark\u0119 proszku do &#8230;<\/p>\n","protected":false},"featured_media":1603,"menu_order":0,"comment_status":"open","ping_status":"closed","template":"","meta":[],"product_brand":[],"product_cat":[185],"product_tag":[],"class_list":{"0":"post-1602","1":"product","2":"type-product","3":"status-publish","4":"has-post-thumbnail","6":"product_cat-sklep","8":"first","9":"outofstock","10":"sale","11":"shipping-taxable","12":"purchasable","13":"product-type-simple"},"_links":{"self":[{"href":"https:\/\/healthlabspro.com\/pl\/wp-json\/wp\/v2\/product\/1602","targetHints":{"allow":["GET"]}}],"collection":[{"href":"https:\/\/healthlabspro.com\/pl\/wp-json\/wp\/v2\/product"}],"about":[{"href":"https:\/\/healthlabspro.com\/pl\/wp-json\/wp\/v2\/types\/product"}],"replies":[{"embeddable":true,"href":"https:\/\/healthlabspro.com\/pl\/wp-json\/wp\/v2\/comments?post=1602"}],"wp:featuredmedia":[{"embeddable":true,"href":"https:\/\/healthlabspro.com\/pl\/wp-json\/wp\/v2\/media\/1603"}],"wp:attachment":[{"href":"https:\/\/healthlabspro.com\/pl\/wp-json\/wp\/v2\/media?parent=1602"}],"wp:term":[{"taxonomy":"product_brand","embeddable":true,"href":"https:\/\/healthlabspro.com\/pl\/wp-json\/wp\/v2\/product_brand?post=1602"},{"taxonomy":"product_cat","embeddable":true,"href":"https:\/\/healthlabspro.com\/pl\/wp-json\/wp\/v2\/product_cat?post=1602"},{"taxonomy":"product_tag","embeddable":true,"href":"https:\/\/healthlabspro.com\/pl\/wp-json\/wp\/v2\/product_tag?post=1602"}],"curies":[{"name":"wp","href":"https:\/\/api.w.org\/{rel}","templated":true}]}}