{"id":1606,"date":"2026-04-18T22:52:51","date_gmt":"2026-04-18T20:52:51","guid":{"rendered":"https:\/\/healthlabspro.com\/pl\/?post_type=product&#038;p=1606"},"modified":"2026-04-28T10:00:28","modified_gmt":"2026-04-28T08:00:28","slug":"nad-dinukleotyd-nikotynoamidoadeninowy-kapsulki","status":"publish","type":"product","link":"https:\/\/healthlabspro.com\/pl\/products\/nad-dinukleotyd-nikotynoamidoadeninowy-kapsulki\/","title":{"rendered":"NAD+ Dinukleotyd nikotynoamidoadeninowy w kapsu\u0142kach"},"content":{"rendered":"<div class=\"product-description-container\">\n<div class=\"hlp-table2\">\n<div class=\"card\">\n<table>\n<colgroup>\n<col \/>\n<col \/> <\/colgroup>\n<thead>\n<tr>\n<th scope=\"col\">Ilo\u015b\u0107 porcji w opakowaniu:<\/th>\n<th class=\"value\" scope=\"col\">30<\/th>\n<\/tr>\n<\/thead>\n<tbody>\n<tr>\n<th scope=\"col\">Wielko\u015b\u0107 porcji:<\/th>\n<td>1 kapsu\u0142ka<\/td>\n<\/tr>\n<th scope=\"col\">Zawarto\u015b\u0107 w:<\/th>\n<td>1 kapsu\u0142ce<\/td>\n<\/tr>\n<tr>\n<th scope=\"row\">Dinukleotyd Nikotynoadeninowy 99%+<\/th>\n<td>550 mg<\/td>\n<\/tr>\n<\/tbody>\n<\/table>\n<\/div>\n<\/div>\n<div class=\"product-description-container\">\n<h2>NAD+ kapsu\u0142ki<\/h2>\n<p>Suplement diety zawieraj\u0105cy 550 mg dinukleotydu nikotynoamidoadeninowego (NAD+) w jednej kapsu\u0142ce. Preparat umo\u017cliwia uzupe\u0142nienie codziennej diety w ten organiczny zwi\u0105zek chemiczny, kt\u00f3ry wyst\u0119puje naturalnie w ka\u017cdej kom\u00f3rce organizmu jako istotny koenzym.<\/p>\n<h3>Jak stosowa\u0107 NAD+ kapsu\u0142ki?<\/h3>\n<p>Jako suplement diety przyjmowa\u0107 1 kapsu\u0142k\u0119 dziennie lub wed\u0142ug wskaza\u0144 lekarza.<\/p>\n<h3>Sk\u0142adniki<\/h3>\n<p>dinukleotyd nikotynoamidoadeninowy (NAD+), \u017celatyna (otoczka kapsu\u0142ki)<\/p>\n<h3>Ostrze\u017cenia<\/h3>\n<p>Produkt zosta\u0142 zoptymalizowany pod wzgl\u0119dem bezpiecze\u0144stwa zastosowanych sk\u0142adnik\u00f3w pomocniczych. Nie nale\u017cy przekracza\u0107 zalecanej dziennej porcji. Dla utrzymania prawid\u0142owego stanu zdrowia nale\u017cy stosowa\u0107 zr\u00f3\u017cnicowan\u0105 diet\u0119 i prowadzi\u0107 zdrowy tryb \u017cycia. Suplement diety nie mo\u017ce by\u0107 stosowany jako substytut (zamiennik) zr\u00f3\u017cnicowanej diety.<\/p>\n<h3>Przechowywanie<\/h3>\n<p>Przechowywa\u0107 w temperaturze pokojowej. Przechowywa\u0107 w miejscu niedost\u0119pnym dla dzieci.<br \/>\n<img decoding=\"async\" class=\"float-img-left2\" src=\"https:\/\/healthlabspro.com\/pl\/wp-content\/uploads\/2025\/10\/healthlabspro-premium-5238562385623861.png\" alt=\"Health Labs PRO \u2014 producent\" \/><\/p>\n<h3>Producent<\/h3>\n<p>Welli Europe<br \/>\nul. Ho\u017ca 86\/410<br \/>\n00-682 Warszawa<br \/>\ncontact@wellieurope.com<\/p>\n<\/div>\n<\/div>\n","protected":false},"excerpt":{"rendered":"<p>Ilo\u015b\u0107 porcji w opakowaniu: 30 Wielko\u015b\u0107 porcji: 1 kapsu\u0142ka Zawarto\u015b\u0107 w: 1 kapsu\u0142ce Dinukleotyd Nikotynoadeninowy 99%+ 550 mg NAD+ kapsu\u0142ki Suplement diety zawieraj\u0105cy 550 mg dinukleotydu nikotynoamidoadeninowego (NAD+) w jednej kapsu\u0142ce. Preparat umo\u017cliwia uzupe\u0142nienie codziennej diety w ten organiczny zwi\u0105zek chemiczny, kt\u00f3ry wyst\u0119puje naturalnie w ka\u017cdej kom\u00f3rce organizmu jako istotny koenzym. Jak stosowa\u0107 NAD+ kapsu\u0142ki? &#8230;<\/p>\n","protected":false},"featured_media":1607,"menu_order":0,"comment_status":"open","ping_status":"closed","template":"","meta":[],"product_brand":[],"product_cat":[185],"product_tag":[],"class_list":{"0":"post-1606","1":"product","2":"type-product","3":"status-publish","4":"has-post-thumbnail","6":"product_cat-sklep","8":"first","9":"outofstock","10":"shipping-taxable","11":"purchasable","12":"product-type-simple"},"_links":{"self":[{"href":"https:\/\/healthlabspro.com\/pl\/wp-json\/wp\/v2\/product\/1606","targetHints":{"allow":["GET"]}}],"collection":[{"href":"https:\/\/healthlabspro.com\/pl\/wp-json\/wp\/v2\/product"}],"about":[{"href":"https:\/\/healthlabspro.com\/pl\/wp-json\/wp\/v2\/types\/product"}],"replies":[{"embeddable":true,"href":"https:\/\/healthlabspro.com\/pl\/wp-json\/wp\/v2\/comments?post=1606"}],"wp:featuredmedia":[{"embeddable":true,"href":"https:\/\/healthlabspro.com\/pl\/wp-json\/wp\/v2\/media\/1607"}],"wp:attachment":[{"href":"https:\/\/healthlabspro.com\/pl\/wp-json\/wp\/v2\/media?parent=1606"}],"wp:term":[{"taxonomy":"product_brand","embeddable":true,"href":"https:\/\/healthlabspro.com\/pl\/wp-json\/wp\/v2\/product_brand?post=1606"},{"taxonomy":"product_cat","embeddable":true,"href":"https:\/\/healthlabspro.com\/pl\/wp-json\/wp\/v2\/product_cat?post=1606"},{"taxonomy":"product_tag","embeddable":true,"href":"https:\/\/healthlabspro.com\/pl\/wp-json\/wp\/v2\/product_tag?post=1606"}],"curies":[{"name":"wp","href":"https:\/\/api.w.org\/{rel}","templated":true}]}}