{"id":1608,"date":"2026-04-18T23:13:42","date_gmt":"2026-04-18T21:13:42","guid":{"rendered":"https:\/\/healthlabspro.com\/pl\/?post_type=product&#038;p=1608"},"modified":"2026-04-28T10:27:23","modified_gmt":"2026-04-28T08:27:23","slug":"longevity-kapsulki","status":"publish","type":"product","link":"https:\/\/healthlabspro.com\/pl\/products\/longevity-kapsulki\/","title":{"rendered":"Longevity w kapsu\u0142kach"},"content":{"rendered":"<div class=\"product-description-container\">\n<div class=\"hlp-table2\">\n<div class=\"card\">\n<table>\n<colgroup>\n<col \/>\n<col \/> <\/colgroup>\n<thead>\n<tr>\n<th scope=\"col\">Ilo\u015b\u0107 porcji w opakowaniu:<\/th>\n<th class=\"value\" scope=\"col\">30<\/th>\n<\/tr>\n<\/thead>\n<tbody>\n<tr>\n<th scope=\"col\">Wielko\u015b\u0107 porcji:<\/th>\n<td>4 kapsu\u0142ki<\/td>\n<\/tr>\n<th scope=\"col\">Zawarto\u015b\u0107 w:<\/th>\n<td>4 kapsu\u0142kach<\/td>\n<\/tr>\n<tr>\n<th scope=\"row\">TMG<\/th>\n<td>300 mg<\/td>\n<\/tr>\n<tr>\n<th scope=\"row\">Ekstrakt z Pere\u0142kowca Japo\u0144skiego<\/th>\n<td>250 mg<\/td>\n<\/tr>\n<tr>\n<th scope=\"row\">-kwercetyna <\/th>\n<td>237,5mg<\/td>\n<\/tr>\n<tr>\n<th scope=\"row\">Ekstrakt z Perukowca Podolskiego<\/th>\n<td>100 mg<\/td>\n<\/tr>\n<tr>\n<th scope=\"row\">-fisetyna<\/th>\n<td>98 mg<\/td>\n<\/tr>\n<tr>\n<th scope=\"row\">Ekstrakt z Winogron<\/th>\n<td>100 mg<\/td>\n<\/tr>\n<tr>\n<th scope=\"row\">-OPC<\/th>\n<td>95 mg<\/td>\n<\/tr>\n<tr>\n<th scope=\"row\">NMNH<\/th>\n<td>100 mg<\/td>\n<\/tr>\n<tr>\n<th scope=\"row\">Pterostylben<\/th>\n<td>100 mg<\/td>\n<\/tr>\n<tr>\n<th scope=\"row\">Ekstrakt z Zielonej Herbaty<\/th>\n<td>100 mg<\/td>\n<\/tr>\n<tr>\n<th scope=\"row\">L-teanina<\/th>\n<td>99 mg<\/td>\n<\/tr>\n<tr>\n<th scope=\"row\">Spermidyna<\/th>\n<td>5 mg<\/td>\n<\/tr>\n<\/tbody>\n<\/table>\n<\/div>\n<\/div>\n<div class=\"product-description-container\">\n<h2>Longevity kapsu\u0142ki<\/h2>\n<p>Suplement diety Longevity zawiera substancje o wysokiej czysto\u015bci, b\u0119d\u0105ce naturalnymi elementami proces\u00f3w kom\u00f3rkowych, w tym prekursory wyst\u0119puj\u0105ce w tkankach o wysokiej aktywno\u015bci mitochondrialnej. Produkt stanowi wsparcie dla codziennej diety w sk\u0142adniki kluczowe dla biologii kom\u00f3rki.<\/p>\n<h3>Jak stosowa\u0107 Suplement diety Longevity?<\/h3>\n<p>Jako suplement diety przyimowa\u0107 4 kapsu\u0142ki dziennie podczas posi\u0142ku. <\/p>\n<h3>Sk\u0142adniki<\/h3>\n<p>Betaina bezwodna, ekstrakt z p\u0105k\u00f3w kwiat\u00f3w pere\u0142kowca japo\u0144skiego (Sophora japonica L.) standaryzowany na 95% kwercetyny, ekstrakt z kory pnia perukowca podolskiego (Cotinus coggygria Scop.) standaryzowany na 98% fisetyny, ekstrakt z nasion winogron (Vitis vinifera) standaryzowany na 98% OPC, zredukowany mononukleotyd nikotynamidu (NMNH), trans-pterostilben, ekstrakt z li\u015bci zielonej herbaty (Camellia sinensis) standaryzowany na 99% L-teaniny, trichlorowodorek spermidyny, celuloza mikrokrystaliczna (substancja wype\u0142niaj\u0105ca), sole magnezowe kwas\u00f3w t\u0142uszczowych (substancja przeciwzbrylaj\u0105ca), hydroksypropylometyloceluloza (otoczka kapsu\u0142ki).<\/p>\n<h3>Ostrze\u017cenia<\/h3>\n<p>Ostrze\u017cenie: Nie nale\u017cy przekracza\u0107 zalecanej dziennej porcji. Dla utrzymania prawid\u0142owego stanu zdrowia nale\u017cy stosowa\u0107 zr\u00f3\u017cnicowan\u0105 diet\u0119 i prowadzi\u0107 zdrowy tryb \u017cycia. Suplement diety nie mo\u017ce by\u0107 stosowany jako substytut (zamiennik) zr\u00f3\u017cnicowanej diety.<\/p>\n<h3>Przechowywanie<\/h3>\n<p>Przechowywa\u0107 w ch\u0142odnym miejscu. Przechowywa\u0107 w miejscu niedost\u0119pnym dla dzieci.<\/p>\n<p><img decoding=\"async\" class=\"float-img-left2\" src=\"https:\/\/healthlabspro.com\/pl\/wp-content\/uploads\/2025\/10\/healthlabspro-premium-5238562385623861.png\" alt=\"Health Labs PRO \u2014 producent\" \/><\/p>\n<h3>Producent<\/h3>\n<p>Welli Europe<br \/>\nul. Ho\u017ca 86\/410<br \/>\n00-682 Warszawa<br \/>\ncontact@wellieurope.com<\/p>\n<\/div>\n<\/div>\n","protected":false},"excerpt":{"rendered":"<p>Ilo\u015b\u0107 porcji w opakowaniu: 30 Wielko\u015b\u0107 porcji: 4 kapsu\u0142ki Zawarto\u015b\u0107 w: 4 kapsu\u0142kach TMG 300 mg Ekstrakt z Pere\u0142kowca Japo\u0144skiego 250 mg -kwercetyna 237,5mg Ekstrakt z Perukowca Podolskiego 100 mg -fisetyna 98 mg Ekstrakt z Winogron 100 mg -OPC 95 mg NMNH 100 mg Pterostylben 100 mg Ekstrakt z Zielonej Herbaty 100 mg L-teanina 99 &#8230;<\/p>\n","protected":false},"featured_media":1609,"menu_order":0,"comment_status":"open","ping_status":"closed","template":"","meta":[],"product_brand":[],"product_cat":[185],"product_tag":[],"class_list":{"0":"post-1608","1":"product","2":"type-product","3":"status-publish","4":"has-post-thumbnail","6":"product_cat-sklep","8":"first","9":"outofstock","10":"shipping-taxable","11":"purchasable","12":"product-type-simple"},"_links":{"self":[{"href":"https:\/\/healthlabspro.com\/pl\/wp-json\/wp\/v2\/product\/1608","targetHints":{"allow":["GET"]}}],"collection":[{"href":"https:\/\/healthlabspro.com\/pl\/wp-json\/wp\/v2\/product"}],"about":[{"href":"https:\/\/healthlabspro.com\/pl\/wp-json\/wp\/v2\/types\/product"}],"replies":[{"embeddable":true,"href":"https:\/\/healthlabspro.com\/pl\/wp-json\/wp\/v2\/comments?post=1608"}],"wp:featuredmedia":[{"embeddable":true,"href":"https:\/\/healthlabspro.com\/pl\/wp-json\/wp\/v2\/media\/1609"}],"wp:attachment":[{"href":"https:\/\/healthlabspro.com\/pl\/wp-json\/wp\/v2\/media?parent=1608"}],"wp:term":[{"taxonomy":"product_brand","embeddable":true,"href":"https:\/\/healthlabspro.com\/pl\/wp-json\/wp\/v2\/product_brand?post=1608"},{"taxonomy":"product_cat","embeddable":true,"href":"https:\/\/healthlabspro.com\/pl\/wp-json\/wp\/v2\/product_cat?post=1608"},{"taxonomy":"product_tag","embeddable":true,"href":"https:\/\/healthlabspro.com\/pl\/wp-json\/wp\/v2\/product_tag?post=1608"}],"curies":[{"name":"wp","href":"https:\/\/api.w.org\/{rel}","templated":true}]}}