{"id":1610,"date":"2026-04-18T23:18:24","date_gmt":"2026-04-18T21:18:24","guid":{"rendered":"https:\/\/healthlabspro.com\/pl\/?post_type=product&#038;p=1610"},"modified":"2026-04-21T22:33:26","modified_gmt":"2026-04-21T20:33:26","slug":"pterostylben-z-opc-kapsulki","status":"publish","type":"product","link":"https:\/\/healthlabspro.com\/pl\/products\/pterostylben-z-opc-kapsulki\/","title":{"rendered":"Pterostylben z OPC w kapsu\u0142kach"},"content":{"rendered":"<div class=\"product-description-container\">\n<div class=\"hlp-table2\">\n<div class=\"card\">\n<table>\n<colgroup>\n<col \/>\n<col \/> <\/colgroup>\n<thead>\n<tr>\n<th scope=\"col\">Ilo\u015b\u0107 porcji w opakowaniu:<\/th>\n<th class=\"value\" scope=\"col\">90<\/th>\n<\/tr>\n<\/thead>\n<tbody>\n<tr>\n<th scope=\"col\">Wielko\u015b\u0107 porcji:<\/th>\n<td>1 kapsu\u0142ka<\/td>\n<\/tr>\n<th scope=\"col\">Zawarto\u015b\u0107 w:<\/th>\n<td>1 kapsu\u0142ka<\/td>\n<\/tr>\n<tr>\n<th scope=\"row\">Trans-pterostylben <\/th>\n<td>120 mg<\/td>\n<\/tr>\n<tr>\n<th scope=\"row\">Ekstrakt z pestek winogron<\/th>\n<td>120 mg<\/td>\n<\/tr>\n<tr>\n<th scope=\"row\">&#8211; OPC<\/th>\n<td>114 mg<\/td>\n<\/tr>\n<\/tbody>\n<\/table>\n<\/div>\n<\/div>\n<div class=\"product-description-container\">\n<h2>Pterostylben z OPC<\/h2>\n<p>Suplement diety Pterostilbene Forte to kompleks \u0142\u0105cz\u0105cy trans-pterostylben oraz ekstrakt z pestek winogron (OPC 95%). Ekstrakt z pestek winogron wspiera zdrowie naczy\u0144 krwiono\u015bnych, pomaga utrzyma\u0107 ich elastyczno\u015b\u0107 oraz chroni kom\u00f3rki przed stresem oksydacyjnym.<\/p>\n<h3>Jak stosowa\u0107 Pterostylben z OPC?<\/h3>\n<p>Przyjmowa\u0107 1 kapsu\u0142k\u0119 dziennie podczas posi\u0142ku lub wed\u0142ug wskaza\u0144 lekarza.<\/p>\n<h3>Sk\u0142adniki<\/h3>\n<p>Trans-pterostylben, ekstrakt z pestek winogron (Vitis vinifera) standaryzowany na 95% OPC, celuloza mikrokrystaliczna (substancja wype\u0142niaj\u0105ca), hydroksypropylometyloceluloza (otoczka kapsu\u0142ki).<\/p>\n<h3>Ostrze\u017cenia<\/h3>\n<p>Produkt zosta\u0142 zoptymalizowany pod wzgl\u0119dem bezpiecze\u0144stwa zastosowanych sk\u0142adnik\u00f3w pomocniczych. Nie nale\u017cy przekracza\u0107 zalecanej dziennej porcji. Osoby z chorobami przewlek\u0142ymi oraz osoby przyjmuj\u0105ce leki, w szczeg\u00f3lno\u015bci przeciwzakrzepowe, powinny skonsultowa\u0107 si\u0119 z lekarzem przed zastosowaniem. Dla utrzymania prawid\u0142owego stanu zdrowia nale\u017cy stosowa\u0107 zr\u00f3\u017cnicowan\u0105 diet\u0119 i prowadzi\u0107 zdrowy tryb \u017cycia. Suplement diety nie mo\u017ce by\u0107 stosowany jako substytut (zamiennik) zr\u00f3\u017cnicowanej diety.<\/p>\n<h3>Przechowywanie<\/h3>\n<p>Przechowywa\u0107 w temperaturze pokojowej, w miejscu niedost\u0119pnym dla dzieci.<\/p>\n<p><img decoding=\"async\" class=\"float-img-left2\" src=\"https:\/\/healthlabspro.com\/pl\/wp-content\/uploads\/2025\/10\/healthlabspro-premium-5238562385623861.png\" alt=\"Health Labs PRO \u2014 producent\" \/><\/p>\n<h3>Producent<\/h3>\n<p>Welli Europe<br \/>\nul. Ho\u017ca 86\/410<br \/>\n00-682 Warszawa<br \/>\ncontact@wellieurope.com<\/p>\n<\/div>\n<\/div>\n","protected":false},"excerpt":{"rendered":"<p>Ilo\u015b\u0107 porcji w opakowaniu: 90 Wielko\u015b\u0107 porcji: 1 kapsu\u0142ka Zawarto\u015b\u0107 w: 1 kapsu\u0142ka Trans-pterostylben 120 mg Ekstrakt z pestek winogron 120 mg &#8211; OPC 114 mg Pterostylben z OPC Suplement diety Pterostilbene Forte to kompleks \u0142\u0105cz\u0105cy trans-pterostylben oraz ekstrakt z pestek winogron (OPC 95%). Ekstrakt z pestek winogron wspiera zdrowie naczy\u0144 krwiono\u015bnych, pomaga utrzyma\u0107 ich &#8230;<\/p>\n","protected":false},"featured_media":1611,"menu_order":0,"comment_status":"open","ping_status":"closed","template":"","meta":[],"product_brand":[],"product_cat":[185],"product_tag":[],"class_list":{"0":"post-1610","1":"product","2":"type-product","3":"status-publish","4":"has-post-thumbnail","6":"product_cat-sklep","8":"first","9":"outofstock","10":"sale","11":"shipping-taxable","12":"purchasable","13":"product-type-simple"},"_links":{"self":[{"href":"https:\/\/healthlabspro.com\/pl\/wp-json\/wp\/v2\/product\/1610","targetHints":{"allow":["GET"]}}],"collection":[{"href":"https:\/\/healthlabspro.com\/pl\/wp-json\/wp\/v2\/product"}],"about":[{"href":"https:\/\/healthlabspro.com\/pl\/wp-json\/wp\/v2\/types\/product"}],"replies":[{"embeddable":true,"href":"https:\/\/healthlabspro.com\/pl\/wp-json\/wp\/v2\/comments?post=1610"}],"wp:featuredmedia":[{"embeddable":true,"href":"https:\/\/healthlabspro.com\/pl\/wp-json\/wp\/v2\/media\/1611"}],"wp:attachment":[{"href":"https:\/\/healthlabspro.com\/pl\/wp-json\/wp\/v2\/media?parent=1610"}],"wp:term":[{"taxonomy":"product_brand","embeddable":true,"href":"https:\/\/healthlabspro.com\/pl\/wp-json\/wp\/v2\/product_brand?post=1610"},{"taxonomy":"product_cat","embeddable":true,"href":"https:\/\/healthlabspro.com\/pl\/wp-json\/wp\/v2\/product_cat?post=1610"},{"taxonomy":"product_tag","embeddable":true,"href":"https:\/\/healthlabspro.com\/pl\/wp-json\/wp\/v2\/product_tag?post=1610"}],"curies":[{"name":"wp","href":"https:\/\/api.w.org\/{rel}","templated":true}]}}