{"id":1616,"date":"2026-04-18T23:44:57","date_gmt":"2026-04-18T21:44:57","guid":{"rendered":"https:\/\/healthlabspro.com\/pl\/?post_type=product&#038;p=1616"},"modified":"2026-04-23T06:08:33","modified_gmt":"2026-04-23T04:08:33","slug":"witamina-d3-4k-ui-k2-mk7-200-mcg-kapsulki","status":"publish","type":"product","link":"https:\/\/healthlabspro.com\/pl\/products\/witamina-d3-4k-ui-k2-mk7-200-mcg-kapsulki\/","title":{"rendered":"Witamina D3 4K UI + K2 MK7 200 mcg w kapsu\u0142kach"},"content":{"rendered":"<div class=\"product-description-container\">\n<div class=\"hlp-table2\">\n<div class=\"card\">Zawarto\u015b\u0107 w:1 kapsu\u0142ce<\/p>\n<table>\n<colgroup>\n<col \/>\n<col \/> <\/colgroup>\n<thead>\n<tr>\n<th scope=\"col\">Ilo\u015b\u0107 porcji w opakowaniu:<\/th>\n<th class=\"value\" scope=\"col\">200<\/th>\n<\/tr>\n<\/thead>\n<tbody>\n<tr>\n<th scope=\"col\">Wielko\u015b\u0107 porcji:<\/th>\n<td>1 kapsu\u0142ka<\/td>\n<\/tr>\n<tr>\n<th scope=\"row\">Witamina D3<\/th>\n<td>100 mcg &#8211; 4000 UI (2000% *RWS)<\/td>\n<\/tr>\n<tr>\n<th scope=\"row\">Witamina K<\/th>\n<td>200 mcg (267% *RWS)<\/td>\n<\/tr>\n<\/tbody>\n<tfoot>\n<tr>\n<td colspan=\"2\"><span class=\"rws\"><i>i<\/i><br \/>\n*RWS \u2013 Referencyjna Warto\u015b\u0107 Spo\u017cycia (dla doros\u0142ych)<br \/>\n<\/span><\/td>\n<\/tr>\n<\/tfoot>\n<\/table>\n<\/div>\n<\/div>\n<div class=\"product-description-container\">\n<h2>Witamina D3 4K UI + K2 MK7 200 mcg w kapsu\u0142kach<\/h2>\n<p>Witamina D3 wspiera mocne ko\u015bci, z\u0119by i prawid\u0142ow\u0105 prac\u0119 mi\u0119\u015bni, a witamina K2 pomaga utrzyma\u0107 zdrowe ko\u015bci i prawid\u0142owe krzepni\u0119cie krwi. Razem dzia\u0142aj\u0105 synergicznie, aby wap\u0144 trafia\u0142 tam, gdzie jest potrzebny \u2013 do ko\u015bci, a nie do naczy\u0144 krwiono\u015bnych.<\/p>\n<h3>Jak stosowa\u0107 Witamina D3 4K UI + K2 MK7 200 mcg?<\/h3>\n<p>Przyjmowa\u0107 1 kapsu\u0142k\u0119 dziennie (Osoby powy\u017cej 75 lat zalecane 4000 IU (100 \u00b5g) D3\/dzie\u0144).<\/p>\n<h3>Sk\u0142adniki<\/h3>\n<p>cholekalcyferol(witamina d), menachinon-7(witamina k), celuloza mikrokrystaliczna, \u017celatyna (otoczka kapsu\u0142ki)<\/p>\n<h3>Ostrze\u017cenia<\/h3>\n<p>Nie nale\u017cy przekracza\u0107 zalecanej dziennej porcji. Suplement przeznaczony wy\u0142\u0105cznie dla os\u00f3b zdrowych powy\u017cej 75 roku \u017cycia. Dla os\u00f3b przyjmuj\u0105cych leki przed spo\u017cyciem zalecana konsultacja lekarska. Przed zastsosowaniem wskazane jest wykonanie badania 25-(OH)D we krwi oraz konsultacja wyniku badania z lekarzem lub farmaceut\u0105. Nie stosowa\u0107 w przypadku uczulenia na soj\u0119 lub kt\u00f3rykolwiek ze sk\u0142adnik\u00f3w produktu. Dla utrzymania prawid\u0142owego stanu zdrowia ntale\u017cy stosowa\u0107 zr\u00f3\u017cnicowan\u0105 diet\u0119 i prowadzi\u0107 zdrowy tryb \u017cycia. Suplement diety nie mo\u017ce by\u0107 stosowany jako substytut ( zamiennik ) zr\u00f3\u017cnicowanej diety. Produkt zosta\u0142 zoptymalizowany pod wzgl\u0119dem bezpiecze\u0144stwa zastosowanych sk\u0142adnik\u00f3w pomocniczych. Produkt nie jest przeznaczony do diagnozowania, leczenia ani zapobiegania chorobom. Kobiety w ci\u0105\u017cy, karmi\u0105ce oraz osoby ze zdiagnozowanymi schorzeniami i przyjmuj\u0105ce leki powinny skonsultowa\u0107 si\u0119 z lekarzem przed zastosowaniem.Nie nale\u017cy przekracza\u0107 zalecanej dziennej porcji. Dla utrzymania prawid\u0142owego stanu zdrowia nale\u017cy stosowa\u0107 zr\u00f3\u017cnicowan\u0105 diet\u0119 i prowadzi\u0107 zdrowy tryb \u017cycia. Suplement diety nie mo\u017ce by\u0107 stosowany jako substytut ( zamiennik ) zr\u00f3\u017cnicowanej diety.<\/p>\n<h3>Przechowywanie<\/h3>\n<p>Przechowywa\u0107 w temperaturze pokojowej. Przechowywa\u0107 w miejscu niedost\u0119pnym dla dzieci.<\/p>\n<p><img decoding=\"async\" class=\"float-img-left2\" src=\"https:\/\/healthlabspro.com\/pl\/wp-content\/uploads\/2025\/10\/healthlabspro-premium-5238562385623861.png\" alt=\"Health Labs PRO \u2014 producent\" \/><\/p>\n<h3>Producent<\/h3>\n<p>Welli Europe<br \/>\nul. Ho\u017ca 86\/410<br \/>\n00-682 Warszawa<br \/>\ncontact@wellieurope.com<\/p>\n<\/div>\n<\/div>\n","protected":false},"excerpt":{"rendered":"<p>Zawarto\u015b\u0107 w:1 kapsu\u0142ce Ilo\u015b\u0107 porcji w opakowaniu: 200 Wielko\u015b\u0107 porcji: 1 kapsu\u0142ka Witamina D3 100 mcg &#8211; 4000 UI (2000% *RWS) Witamina K 200 mcg (267% *RWS) i *RWS \u2013 Referencyjna Warto\u015b\u0107 Spo\u017cycia (dla doros\u0142ych) Witamina D3 4K UI + K2 MK7 200 mcg w kapsu\u0142kach Witamina D3 wspiera mocne ko\u015bci, z\u0119by i prawid\u0142ow\u0105 prac\u0119 &#8230;<\/p>\n","protected":false},"featured_media":1617,"menu_order":0,"comment_status":"open","ping_status":"closed","template":"","meta":[],"product_brand":[],"product_cat":[185],"product_tag":[],"class_list":{"0":"post-1616","1":"product","2":"type-product","3":"status-publish","4":"has-post-thumbnail","6":"product_cat-sklep","8":"first","9":"outofstock","10":"shipping-taxable","11":"purchasable","12":"product-type-simple"},"_links":{"self":[{"href":"https:\/\/healthlabspro.com\/pl\/wp-json\/wp\/v2\/product\/1616","targetHints":{"allow":["GET"]}}],"collection":[{"href":"https:\/\/healthlabspro.com\/pl\/wp-json\/wp\/v2\/product"}],"about":[{"href":"https:\/\/healthlabspro.com\/pl\/wp-json\/wp\/v2\/types\/product"}],"replies":[{"embeddable":true,"href":"https:\/\/healthlabspro.com\/pl\/wp-json\/wp\/v2\/comments?post=1616"}],"wp:featuredmedia":[{"embeddable":true,"href":"https:\/\/healthlabspro.com\/pl\/wp-json\/wp\/v2\/media\/1617"}],"wp:attachment":[{"href":"https:\/\/healthlabspro.com\/pl\/wp-json\/wp\/v2\/media?parent=1616"}],"wp:term":[{"taxonomy":"product_brand","embeddable":true,"href":"https:\/\/healthlabspro.com\/pl\/wp-json\/wp\/v2\/product_brand?post=1616"},{"taxonomy":"product_cat","embeddable":true,"href":"https:\/\/healthlabspro.com\/pl\/wp-json\/wp\/v2\/product_cat?post=1616"},{"taxonomy":"product_tag","embeddable":true,"href":"https:\/\/healthlabspro.com\/pl\/wp-json\/wp\/v2\/product_tag?post=1616"}],"curies":[{"name":"wp","href":"https:\/\/api.w.org\/{rel}","templated":true}]}}