{"id":1618,"date":"2026-04-19T00:02:40","date_gmt":"2026-04-18T22:02:40","guid":{"rendered":"https:\/\/healthlabspro.com\/pl\/?post_type=product&#038;p=1618"},"modified":"2026-04-28T09:58:38","modified_gmt":"2026-04-28T07:58:38","slug":"likopen-kapsulki","status":"publish","type":"product","link":"https:\/\/healthlabspro.com\/pl\/products\/likopen-kapsulki\/","title":{"rendered":"Likopen w Kapsu\u0142kach"},"content":{"rendered":"<div class=\"product-description-container\">\n<div class=\"hlp-table2\">\n<div class=\"card\">\n<table>\n<colgroup>\n<col \/>\n<col \/> <\/colgroup>\n<thead>\n<tr>\n<th scope=\"col\">Ilo\u015b\u0107 porcji w opakowaniu:<\/th>\n<th class=\"value\" scope=\"col\">120<\/th>\n<\/tr>\n<\/thead>\n<tbody>\n<tr>\n<th scope=\"col\">Wielko\u015b\u0107 porcji:<\/th>\n<td>1 kapsu\u0142ka<\/td>\n<\/tr>\n<th scope=\"row\">Ekstrakt z pomidora<\/th>\n<td>300 mg<\/td>\n<\/tr>\n<tr>\n<th scope=\"row\">&#8211; likopen<\/th>\n<td>15 mg<\/td>\n<\/tr>\n<\/tbody>\n<\/table>\n<\/div>\n<\/div>\n<div class=\"product-description-container\">\n<h2>Likopen<\/h2>\n<p>Suplement diety \u2013 produkt zawiera likopen, naturalny zwi\u0105zek z grupy karotenoid\u00f3w. Jest to organiczny barwnik ro\u015blinny wyst\u0119puj\u0105cy naturalnie w wysokich st\u0119\u017ceniach w dojrza\u0142ych owocach pomidora (Solanum lycopersicum), kt\u00f3remu nadaje intensywnie czerwon\u0105 barw\u0119.<\/p>\n<h3>Jak stosowa\u0107 Likopen?<\/h3>\n<p>Jako suplement diety przyjmowa\u0107 1 kapsu\u0142k\u0119 dziennie lub wed\u0142ug wskaza\u0144 lekarza.<\/p>\n<h3>Sk\u0142adniki<\/h3>\n<p>ekstrakt z owoc\u00f3w pomidora standaryzowany na 5% likopenu (solanum lycopersicum), celuloza mikrokrystaliczna (substancja wype\u0142niaj\u0105ca), \u017celatyna (otoczka kapsu\u0142ki).<\/p>\n<h3>Ostrze\u017cenia<\/h3>\n<p>Produkt zosta\u0142 zoptymalizowany pod wzgl\u0119dem bezpiecze\u0144stwa zastosowanych sk\u0142adnik\u00f3w pomocniczych. Nie nale\u017cy przekracza\u0107 zalecanej dziennej porcji. Dla utrzymania prawid\u0142owego stanu zdrowia nale\u017cy stosowa\u0107 zr\u00f3\u017cnicowan\u0105 diet\u0119 i prowadzi\u0107 zdrowy tryb \u017cycia. Suplement diety nie mo\u017ce by\u0107 stosowany jako substytut ( zamiennik ) zr\u00f3\u017cnicowanej diety. <\/p>\n<h3>Przechowywanie<\/h3>\n<p>Przechowywa\u0107 w temperaturze pokojowej. Przechowywa\u0107 w miejscu niedost\u0119pnym dla dzieci.<\/p>\n<p><img decoding=\"async\" class=\"float-img-left2\" src=\"https:\/\/healthlabspro.com\/pl\/wp-content\/uploads\/2025\/10\/healthlabspro-premium-5238562385623861.png\" alt=\"Health Labs PRO \u2014 producent\" \/><\/p>\n<h3>Producent<\/h3>\n<p>Welli Europe<br \/>\nul. Ho\u017ca 86\/410<br \/>\n00-682 Warszawa<br \/>\ncontact@wellieurope.com<\/p>\n<\/div>\n<\/div>\n","protected":false},"excerpt":{"rendered":"<p>Ilo\u015b\u0107 porcji w opakowaniu: 120 Wielko\u015b\u0107 porcji: 1 kapsu\u0142ka Ekstrakt z pomidora 300 mg &#8211; likopen 15 mg Likopen Suplement diety \u2013 produkt zawiera likopen, naturalny zwi\u0105zek z grupy karotenoid\u00f3w. Jest to organiczny barwnik ro\u015blinny wyst\u0119puj\u0105cy naturalnie w wysokich st\u0119\u017ceniach w dojrza\u0142ych owocach pomidora (Solanum lycopersicum), kt\u00f3remu nadaje intensywnie czerwon\u0105 barw\u0119. Jak stosowa\u0107 Likopen? Jako &#8230;<\/p>\n","protected":false},"featured_media":1619,"menu_order":0,"comment_status":"open","ping_status":"closed","template":"","meta":[],"product_brand":[],"product_cat":[185],"product_tag":[],"class_list":{"0":"post-1618","1":"product","2":"type-product","3":"status-publish","4":"has-post-thumbnail","6":"product_cat-sklep","8":"first","9":"outofstock","10":"sale","11":"shipping-taxable","12":"purchasable","13":"product-type-simple"},"_links":{"self":[{"href":"https:\/\/healthlabspro.com\/pl\/wp-json\/wp\/v2\/product\/1618","targetHints":{"allow":["GET"]}}],"collection":[{"href":"https:\/\/healthlabspro.com\/pl\/wp-json\/wp\/v2\/product"}],"about":[{"href":"https:\/\/healthlabspro.com\/pl\/wp-json\/wp\/v2\/types\/product"}],"replies":[{"embeddable":true,"href":"https:\/\/healthlabspro.com\/pl\/wp-json\/wp\/v2\/comments?post=1618"}],"wp:featuredmedia":[{"embeddable":true,"href":"https:\/\/healthlabspro.com\/pl\/wp-json\/wp\/v2\/media\/1619"}],"wp:attachment":[{"href":"https:\/\/healthlabspro.com\/pl\/wp-json\/wp\/v2\/media?parent=1618"}],"wp:term":[{"taxonomy":"product_brand","embeddable":true,"href":"https:\/\/healthlabspro.com\/pl\/wp-json\/wp\/v2\/product_brand?post=1618"},{"taxonomy":"product_cat","embeddable":true,"href":"https:\/\/healthlabspro.com\/pl\/wp-json\/wp\/v2\/product_cat?post=1618"},{"taxonomy":"product_tag","embeddable":true,"href":"https:\/\/healthlabspro.com\/pl\/wp-json\/wp\/v2\/product_tag?post=1618"}],"curies":[{"name":"wp","href":"https:\/\/api.w.org\/{rel}","templated":true}]}}