{"id":1695,"date":"2026-04-26T21:05:34","date_gmt":"2026-04-26T19:05:34","guid":{"rendered":"https:\/\/healthlabspro.com\/pl\/?post_type=product&#038;p=1695"},"modified":"2026-04-28T10:21:07","modified_gmt":"2026-04-28T08:21:07","slug":"titan-drive-w-kapsulkach","status":"publish","type":"product","link":"https:\/\/healthlabspro.com\/pl\/products\/titan-drive-w-kapsulkach\/","title":{"rendered":"Titan Drive w kapsu\u0142kach"},"content":{"rendered":"<div class=\"product-description-container\">\n<div class=\"hlp-table2\">\n<div class=\"card\">\n<table>\n<colgroup>\n<col \/>\n<col \/> <\/colgroup>\n<thead>\n<tr>\n<th scope=\"col\">Ilo\u015b\u0107 porcji w opakowaniu:<\/th>\n<th class=\"value\" scope=\"col\">40<\/th>\n<\/tr>\n<\/thead>\n<tbody>\n<tr>\n<th scope=\"col\">Wielko\u015b\u0107 porcji:<\/th>\n<td>3 kapsu\u0142ki<\/td>\n<\/tr>\n<tr>\n<th scope=\"row\">Zawarto\u015b\u0107 w:<\/th>\n<td>3 kapsu\u0142kach<\/td>\n<\/tr>\n<tr>\n<th scope=\"row\">Ekstrakt z Maca<\/th>\n<td>600 mg<\/td>\n<\/tr>\n<tr>\n<th scope=\"row\">Ekstrakt z Pokrzywy<\/th>\n<td>300 mg<\/td>\n<\/tr>\n<tr>\n<th scope=\"row\">Ekstrakt z Buzdyganka Naziemnego:<\/th>\n<td>220 mg<\/td>\n<\/tr>\n<tr>\n<th scope=\"row\">&#8211; saponiny<\/th>\n<td>200 mg<\/td>\n<\/tr>\n<tr>\n<th scope=\"row\">NAC<\/th>\n<td>150 mg<\/td>\n<\/tr>\n<tr>\n<th scope=\"row\">Ekstrakt z Mi\u0142orz\u0119bu Dwuklapowego<\/th>\n<td>100 mg<\/td>\n<\/tr>\n<tr>\n<th scope=\"row\">-ginkoflawonoglikozydy<\/th>\n<td>24 mg<\/td>\n<\/tr>\n<tr>\n<th scope=\"row\">-laktony terpenowe<\/th>\n<td>7 mg<\/td>\n<\/tr>\n<tr>\n<th scope=\"row\">Ekstrakt z \u017be\u0144-Szenia<\/th>\n<td>100 mg<\/td>\n<\/tr>\n<tr>\n<th scope=\"row\">Magnez<\/th>\n<td>32 mg (8,5% * RWS)<\/td>\n<\/tr>\n<tr>\n<th scope=\"row\">Cynk<\/th>\n<td>14,92 mg (150% *RWS)<\/td>\n<\/tr>\n<tr>\n<th scope=\"row\">Witamina B6 (P-5-P)<\/th>\n<td>6 mg (429% *RWS)<\/td>\n<\/tr>\n<tr>\n<th scope=\"row\">Chrom<\/th>\n<td>200 mcg (500% *RWS)<\/td>\n<\/tr>\n<tr>\n<th scope=\"row\">Selen<\/th>\n<td>81,17 mcg (148% *RWS)<\/td>\n<\/tr>\n<tr>\n<th scope=\"row\">Witamina D3<\/th>\n<td>50 mcg &#8211; 2000 IU (1000% *RWS)<\/td>\n<\/tr>\n<\/tbody>\n<tfoot>\n<tr>\n<td colspan=\"2\"><span class=\"rws\"><i>i<\/i><br \/>\n*RWS \u2013 Referencyjna Warto\u015b\u0107 Spo\u017cycia (dla doros\u0142ych)<br \/>\n<\/span><\/td>\n<\/tr>\n<\/tfoot>\n<\/table>\n<\/div>\n<\/div>\n<div class=\"product-description-container\">\n<h2>Titan Drive w kapsu\u0142kach<\/h2>\n<p>Titan Drive to wielosk\u0142adnikowy suplement diety stworzony z my\u015bl\u0105 o m\u0119\u017cczyznach, kt\u00f3rzy chc\u0105 kompleksowo zadba\u0107 o swoj\u0105 witalno\u015b\u0107, optymalny poziom energii oraz prawid\u0142owe funkcje rozrodcze. Formu\u0142a \u0142\u0105czy standaryzowane ekstrakty ro\u015blinne z kluczowymi mikrosk\u0142adnikami, kt\u00f3re wspieraj\u0105 organizm na poziomie metabolicznym i hormonalnym.<\/p>\n<h2>Kluczowe sk\u0142adniki i ich dzia\u0142anie<\/h2>\n<p><b>1. Kompleks Ro\u015blinny i Adaptogenny<\/b><br \/>\n&#8211; <b>Ekstrakt z Maca<\/b>: Wspiera sprawno\u015b\u0107 fizyczn\u0105, psychiczn\u0105 oraz pomaga w utrzymaniu naturalnej aktywno\u015bci seksualnej i energii [ID: 2838, 3853].<br \/>\n&#8211; <b>Ekstrakt z Pokrzywy<\/b>: Wspomaga witalno\u015b\u0107 organizmu oraz wspiera zdrowie uk\u0142adu moczowego i prostaty, co jest istotne dla og\u00f3lnego dobrostanu m\u0119\u017cczyzny [ID: 2732, 2752].<br \/>\n&#8211; <b>Buzdyganek Naziemny<\/b>: Wspiera aktywno\u015b\u0107 hormon\u00f3w odpowiedzialnych za libido i sprawno\u015b\u0107 seksualn\u0105 [ID: 2831].<br \/>\n&#8211; <b>\u017be\u0144-sze\u0144 w\u0142a\u015bciwy<\/b>: Pomaga w utrzymaniu dobrych relacji seksualnych oraz wspiera si\u0142y witalne i odporno\u015b\u0107 na stres [ID: 3677, 2673].<br \/>\n&#8211; <b>Mi\u0142orz\u0105b Dwuklapowy<\/b> (Ginkgo Biloba): Przyczynia si\u0119 do utrzymania prawid\u0142owego kr\u0105\u017cenia obwodowego [ID: 2261].<br \/>\n<b>2. Fundament Hormonalny i Metaboliczny<\/b><br \/>\n&#8211; <b>Cynk<\/b>: Kluczowy minera\u0142, kt\u00f3ry pomaga w utrzymaniu prawid\u0142owej p\u0142odno\u015bci i funkcji rozrodczych oraz dba o w\u0142a\u015bciwy poziom testosteronu we krwi.<br \/>\n&#8211; <b>Selen<\/b>: Przyczynia si\u0119 do prawid\u0142owego przebiegu spermatogenezy oraz pomaga w ochronie kom\u00f3rek przed stresem oksydacyjnym.<br \/>\n&#8211; <b>Witamina D3<\/b>: Odgrywa istotn\u0105 rol\u0119 w procesie podzia\u0142u kom\u00f3rek i wspiera prawid\u0142owe funkcjonowanie uk\u0142adu odporno\u015bciowego.<br \/>\n&#8211; <b>Witamina B6<\/b>: Przyczynia si\u0119 do regulacji aktywno\u015bci hormonalnej oraz utrzymania prawid\u0142owego metabolizmu energetycznego.<br \/>\n&#8211; <b>Magnez<\/b>: Pomaga w prawid\u0142owym funkcjonowaniu mi\u0119\u015bni i syntezie bia\u0142ek \u2013 kluczowych element\u00f3w budowania m\u0119skiej formy.<br \/>\n&#8211; <b>Chrom<\/b>: Wspiera utrzymanie prawid\u0142owego poziomu glukozy we krwi, co sprzyja stabilnej energii w ci\u0105gu dnia.<br \/>\n<b>3. Wsparcie Antyoksydacyjne<\/b><br \/>\n&#8211; <b>NAC<\/b> (N-acetylo-L-cysteina): Jest pochodn\u0105 aminokwasu L-cysteiny i stanowi bezpo\u015bredni prekursor do produkcji glutationu \u2013 jednego z najwa\u017cniejszych zwi\u0105zk\u00f3w o charakterze antyoksydacyjnym wyst\u0119puj\u0105cych naturalnie w ludzkim organizmie.<\/p>\n<h3>Jak stosowa\u0107 Titan Drive?<\/h3>\n<p>Przyjmowa\u0107 3 kapsu\u0142k\u0119 dziennie podczas posi\u0142ku.<\/p>\n<h3>Sk\u0142adniki<\/h3>\n<p>ekstrakt z korzenia maca (lepidium meyenii), ekstrakt z li\u015bci pokrzywy urtica fissa, ekstrakt z owoc\u00f3w buzdyganka naziemnego tribulus terrestris (90% saponin), n-acetylo-l-cysteina, ekstrakt z li\u015bci mi\u0142orz\u0119bu dwuklapowego (ginkgo biloba l.),  cytrynian magnezu, ekstrakt z korzenia \u017ce\u0144-szenia w\u0142a\u015bciwego (panax ginseng c. a. mey), cytrynian magnezu, pikolinian cynku, p-5-p fosforan pirydoksalu (witamina b6), pikolinian chromu, l-selenometionina, cholekalcyferol, celuloza mikrokrystaliczna (substancja wype\u0142niaj\u0105ca) , sole magnezowe kwas\u00f3w t\u0142uszczowych (substancja przeciwzbrylaj\u0105ca), hydroksypropylometyloceluloza (otoczka kapsu\u0142ki).<\/p>\n<h3>Ostrze\u017cenia<\/h3>\n<p>Nie nale\u017cy przekracza\u0107 zalecanej dziennej porcji. W przypadku zdiagnozowanych chor\u00f3b i przyjmowaniu lek\u00f3w przed u\u017cyciem skonsultowa\u0107 si\u0119 z lekarzem. Nie stosowa\u0107 u dzieci, kobiet w ci\u0105\u017cy i w trakcie laktacji. Dla utrzymania prawid\u0142owego stanu zdrowia nale\u017cy stosowa\u0107 zr\u00f3\u017cnicowan\u0105 diet\u0119 i prowadzi\u0107 zdrowy tryb \u017cycia. Suplement diety nie mo\u017ce by\u0107 stosowany jako substytut ( zamiennik ) zr\u00f3\u017cnicowanej diety.<\/p>\n<h3>Przechowywanie<\/h3>\n<p>Przechowywa\u0107 w temperaturze pokojowej. Przechowywa\u0107 w miejscu niedost\u0119pnym dla dzieci.<\/p>\n<p><img decoding=\"async\" class=\"float-img-left2\" src=\"https:\/\/healthlabspro.com\/pl\/wp-content\/uploads\/2025\/10\/healthlabspro-premium-5238562385623861.png\" alt=\"Health Labs PRO \u2014 producent\" \/><\/p>\n<h3>Producent<\/h3>\n<p>Welli Europe<br \/>\nul. Ho\u017ca 86\/410<br \/>\n00-682 Warszawa<br \/>\ncontact@wellieurope.com<\/p>\n<\/div>\n<\/div>\n","protected":false},"excerpt":{"rendered":"<p>Ilo\u015b\u0107 porcji w opakowaniu: 40 Wielko\u015b\u0107 porcji: 3 kapsu\u0142ki Zawarto\u015b\u0107 w: 3 kapsu\u0142kach Ekstrakt z Maca 600 mg Ekstrakt z Pokrzywy 300 mg Ekstrakt z Buzdyganka Naziemnego: 220 mg &#8211; saponiny 200 mg NAC 150 mg Ekstrakt z Mi\u0142orz\u0119bu Dwuklapowego 100 mg -ginkoflawonoglikozydy 24 mg -laktony terpenowe 7 mg Ekstrakt z \u017be\u0144-Szenia 100 mg Magnez &#8230;<\/p>\n","protected":false},"featured_media":1696,"menu_order":0,"comment_status":"open","ping_status":"closed","template":"","meta":[],"product_brand":[],"product_cat":[185],"product_tag":[],"class_list":{"0":"post-1695","1":"product","2":"type-product","3":"status-publish","4":"has-post-thumbnail","6":"product_cat-sklep","8":"first","9":"outofstock","10":"shipping-taxable","11":"purchasable","12":"product-type-simple"},"_links":{"self":[{"href":"https:\/\/healthlabspro.com\/pl\/wp-json\/wp\/v2\/product\/1695","targetHints":{"allow":["GET"]}}],"collection":[{"href":"https:\/\/healthlabspro.com\/pl\/wp-json\/wp\/v2\/product"}],"about":[{"href":"https:\/\/healthlabspro.com\/pl\/wp-json\/wp\/v2\/types\/product"}],"replies":[{"embeddable":true,"href":"https:\/\/healthlabspro.com\/pl\/wp-json\/wp\/v2\/comments?post=1695"}],"wp:featuredmedia":[{"embeddable":true,"href":"https:\/\/healthlabspro.com\/pl\/wp-json\/wp\/v2\/media\/1696"}],"wp:attachment":[{"href":"https:\/\/healthlabspro.com\/pl\/wp-json\/wp\/v2\/media?parent=1695"}],"wp:term":[{"taxonomy":"product_brand","embeddable":true,"href":"https:\/\/healthlabspro.com\/pl\/wp-json\/wp\/v2\/product_brand?post=1695"},{"taxonomy":"product_cat","embeddable":true,"href":"https:\/\/healthlabspro.com\/pl\/wp-json\/wp\/v2\/product_cat?post=1695"},{"taxonomy":"product_tag","embeddable":true,"href":"https:\/\/healthlabspro.com\/pl\/wp-json\/wp\/v2\/product_tag?post=1695"}],"curies":[{"name":"wp","href":"https:\/\/api.w.org\/{rel}","templated":true}]}}