{"id":1699,"date":"2026-04-26T22:12:36","date_gmt":"2026-04-26T20:12:36","guid":{"rendered":"https:\/\/healthlabspro.com\/pl\/?post_type=product&#038;p=1699"},"modified":"2026-04-27T13:54:23","modified_gmt":"2026-04-27T11:54:23","slug":"eye-complex-w-kapsulkach","status":"publish","type":"product","link":"https:\/\/healthlabspro.com\/pl\/products\/eye-complex-w-kapsulkach\/","title":{"rendered":"Eye Complex w kapsu\u0142kach"},"content":{"rendered":"<div class=\"product-description-container\">\n<div class=\"hlp-table2\">\n<div class=\"card\">\n<table>\n<colgroup>\n<col \/>\n<col \/> <\/colgroup>\n<thead>\n<tr>\n<th scope=\"col\">Ilo\u015b\u0107 porcji w opakowaniu:<\/th>\n<th class=\"value\" scope=\"col\">30<\/th>\n<\/tr>\n<\/thead>\n<tbody>\n<tr>\n<th scope=\"col\">Wielko\u015b\u0107 porcji:<\/th>\n<td>2 kapsu\u0142ki<\/td>\n<\/tr>\n<th scope=\"col\">Zawarto\u015b\u0107 w:<\/th>\n<td>2 kapsu\u0142kach<\/td>\n<\/tr>\n<tr>\n<th scope=\"row\">Ekstrakt z owoc\u00f3w bor\u00f3wki czarnej:<\/th>\n<td>120 mg<\/td>\n<\/tr>\n<tr>\n<th scope=\"row\">\u2013 antocyjanidyny<\/th>\n<td>30 mg<\/td>\n<\/tr>\n<tr>\n<th scope=\"row\">Ekstrakt z aksamitki wzniesionej:<\/th>\n<td>100 mg<\/td>\n<\/tr>\n<tr>\n<th scope=\"row\">&#8211; luteina<\/th>\n<td>20 mg<\/td>\n<\/tr>\n<tr>\n<th scope=\"row\">Ekstrakt z alg Haematococcus pluvialis:<\/th>\n<td>80 mg<\/td>\n<\/tr>\n<tr>\n<th scope=\"row\">\u2013 astaksantyna<\/th>\n<td>4 mg<\/td>\n<\/tr>\n<tr>\n<th scope=\"row\">Ekstrakt z aksamitki wzniesionej<\/th>\n<td>40 mg<\/td>\n<\/tr>\n<tr>\n<th scope=\"row\">\u2013 zeaksantyna<\/th>\n<td>4 mg<\/td>\n<\/tr>\n<tr>\n<th scope=\"row\">Witamina B2<\/th>\n<td>20 mg (1429% RWS*)<\/td>\n<\/tr>\n<tr>\n<th scope=\"row\">Cynk<\/th>\n<td>15 mg (150% RWS*)<\/td>\n<\/tr>\n<tr>\n<th scope=\"row\">Witamina A<\/th>\n<td>800 mcg (100% RWS*)<\/td>\n<\/tr>\n<tr>\n<th scope=\"row\">Witamina B12<\/th>\n<td>100 mcg (4000% RWS*)<\/td>\n<\/tr>\n<\/tbody>\n<tfoot>\n<tr>\n<td colspan=\"2\"><span class=\"rws\"><i>i<\/i><br \/>\n*RWS \u2013 Referencyjna Warto\u015b\u0107 Spo\u017cycia (dla doros\u0142ych)<br \/>\n<\/span><\/td>\n<\/tr>\n<\/tfoot>\n<\/table>\n<\/div>\n<\/div>\n<div class=\"product-description-container\">\n<h2>Eye Complex w kapsu\u0142kach<\/h2>\n<p>Suplement diety \u2013 synergiczna formu\u0142a wspomagaj\u0105ca zdrowie oczu, ostro\u015b\u0107 widzenia i naturaln\u0105 barier\u0119 ochronn\u0105 siatk\u00f3wki. *Cynk oraz ryboflawina pomagaj\u0105 w utrzymaniu prawid\u0142owego widzenia oraz ochronie kom\u00f3rek przed stresem oksydacyjnym. Ekstrakt z bor\u00f3wki czernicy wspomaga funkcje siatk\u00f3wki i przep\u0142yw krwi do oka, a luteina i zeaksantyna wspieraj\u0105 ostro\u015b\u0107 wzroku i sprawno\u015b\u0107 oczu.<\/p>\n<h3>Jak stosowa\u0107 Witamina Eye Complex?<\/h3>\n<p>Jako suplement diety przyjmowa\u0107 2 kapsu\u0142ki dziennie, najlepiej z t\u0142uszczami np. z \u0142y\u017ck\u0105 oleju z czarnuszki, kapsu\u0142k\u0105 omega-3 lub jogurtem.<\/p>\n<h3>Sk\u0142adniki<\/h3>\n<p>Ekstrakt z owoc\u00f3w bor\u00f3wki czarnej (Vaccinium myrtillus L.) standaryzowany na 25% antocyjanidyn, ekstrakt z kwiat\u00f3w aksamitki wzniesionej (Tagetes erecta L.) standaryzowany na 20% luteiny, naturalny ekstrakt z alg Haematococcus pluvialis standaryzowany na 5% astaksantyny, ekstrakt z kwiat\u00f3w aksamitki wzniesionej (Tagetes erecta L.) standaryzowany na 10% zeaksantyny, ryboflawina, pikolinian cynku, octan retinylu, metylokobalamina, celuloza mikrokrystaliczna, sole magnezowe kwas\u00f3w t\u0142uszczowych, \u017celatyna (otoczka kapsu\u0142ki).<\/p>\n<h3>Ostrze\u017cenia<\/h3>\n<p>Nie stosowa\u0107 w przypadku nadwra\u017cliwo\u015bci (uczulenia) na kt\u00f3rykolwiek ze sk\u0142adnik\u00f3w preparatu. W przypadku zdiagnozowanych schorze\u0144 lub stosowania lek\u00f3w przed spo\u017cyciem zalecana konsultacja lekarska. Produkt nie powinien by\u0107 spo\u017cywany przez dzieci, kobiety w ci\u0105\u017cy i w trakcie laktacji. Nie nale\u017cy przekracza\u0107 zalecanej dziennej porcji. Suplement diety nie mo\u017ce by\u0107 stosowany jako substytut (zamiennik) zr\u00f3\u017cnicowanej diety. Dla utrzymania prawid\u0142owego stanu zdrowia nale\u017cy stosowa\u0107 zr\u00f3\u017cnicowan\u0105 diet\u0119 i prowadzi\u0107 zdrowy tryb \u017cycia.<\/p>\n<h3>Przechowywanie<\/h3>\n<p>Przechowywa\u0107 w temperaturze pokojowej, w suchym i ciemnym miejscu. Przechowywa\u0107 w spos\u00f3b niedost\u0119pny dla ma\u0142ych dzieci.<\/p>\n<p><img decoding=\"async\" class=\"float-img-left2\" src=\"https:\/\/healthlabspro.com\/pl\/wp-content\/uploads\/2025\/10\/healthlabspro-premium-5238562385623861.png\" alt=\"Health Labs PRO \u2014 producent\" \/><\/p>\n<h3>Producent<\/h3>\n<p>Welli Europe<br \/>\nul. Ho\u017ca 86\/410<br \/>\n00-682 Warszawa<br \/>\ncontact@wellieurope.com<\/p>\n<\/div>\n<\/div>\n","protected":false},"excerpt":{"rendered":"<p>Ilo\u015b\u0107 porcji w opakowaniu: 30 Wielko\u015b\u0107 porcji: 2 kapsu\u0142ki Zawarto\u015b\u0107 w: 2 kapsu\u0142kach Ekstrakt z owoc\u00f3w bor\u00f3wki czarnej: 120 mg \u2013 antocyjanidyny 30 mg Ekstrakt z aksamitki wzniesionej: 100 mg &#8211; luteina 20 mg Ekstrakt z alg Haematococcus pluvialis: 80 mg \u2013 astaksantyna 4 mg Ekstrakt z aksamitki wzniesionej 40 mg \u2013 zeaksantyna 4 mg &#8230;<\/p>\n","protected":false},"featured_media":1704,"menu_order":0,"comment_status":"open","ping_status":"closed","template":"","meta":[],"product_brand":[],"product_cat":[185],"product_tag":[],"class_list":{"0":"post-1699","1":"product","2":"type-product","3":"status-publish","4":"has-post-thumbnail","6":"product_cat-sklep","8":"first","9":"outofstock","10":"shipping-taxable","11":"purchasable","12":"product-type-simple"},"_links":{"self":[{"href":"https:\/\/healthlabspro.com\/pl\/wp-json\/wp\/v2\/product\/1699","targetHints":{"allow":["GET"]}}],"collection":[{"href":"https:\/\/healthlabspro.com\/pl\/wp-json\/wp\/v2\/product"}],"about":[{"href":"https:\/\/healthlabspro.com\/pl\/wp-json\/wp\/v2\/types\/product"}],"replies":[{"embeddable":true,"href":"https:\/\/healthlabspro.com\/pl\/wp-json\/wp\/v2\/comments?post=1699"}],"wp:featuredmedia":[{"embeddable":true,"href":"https:\/\/healthlabspro.com\/pl\/wp-json\/wp\/v2\/media\/1704"}],"wp:attachment":[{"href":"https:\/\/healthlabspro.com\/pl\/wp-json\/wp\/v2\/media?parent=1699"}],"wp:term":[{"taxonomy":"product_brand","embeddable":true,"href":"https:\/\/healthlabspro.com\/pl\/wp-json\/wp\/v2\/product_brand?post=1699"},{"taxonomy":"product_cat","embeddable":true,"href":"https:\/\/healthlabspro.com\/pl\/wp-json\/wp\/v2\/product_cat?post=1699"},{"taxonomy":"product_tag","embeddable":true,"href":"https:\/\/healthlabspro.com\/pl\/wp-json\/wp\/v2\/product_tag?post=1699"}],"curies":[{"name":"wp","href":"https:\/\/api.w.org\/{rel}","templated":true}]}}